{"id":14486,"date":"2025-11-04T14:53:37","date_gmt":"2025-11-04T14:53:37","guid":{"rendered":"https:\/\/dev2.cantalupe.net\/sigloxxi\/libro\/la-cabala-y-su-simbolismo\/"},"modified":"2025-11-04T14:53:37","modified_gmt":"2025-11-04T14:53:37","slug":"la-cabala-y-su-simbolismo","status":"publish","type":"product","link":"https:\/\/dev2.cantalupe.net\/sigloxxi\/libro\/la-cabala-y-su-simbolismo\/","title":{"rendered":"La c\u00e1bala y su simbolismo"},"content":{"rendered":"<p>Los cinco trabajos que se incluyen en este volumen ofrecen una visi\u00f3n asequible para el lector del siempre oscuro entorno cabal\u00edstico. La C\u00e1bala no es otra cosa que la m\u00edstica jud\u00eda, y en ella se encierra el secreto del mundo, reflejo de los secretos de la vida divina. Scholem consigue penetrar en los mecanismos del movimiento m\u00edstico hebreo efectuando una investigaci\u00f3n hist\u00f3rica profunda que hace comprensible los misterios cabal\u00edsticos para el lector no iniciado. Los cuatro primeros textos plantean la problem\u00e1tica de la C\u00e1bala y la m\u00edstica jud\u00eda en general. El libro concluye con un enigm\u00e1tico op\u00fasculo sobre el Golem, el hombre creado mediante artes m\u00e1gicas en un cuarto sin entrada del gueto de Praga, cuyo proceso parece oponerse al de la creaci\u00f3n de Ad\u00e1n y que constituye una de las m\u00e1s oscuras leyendas hebreas.\u00abLas leyendas del Golem han sido hermosamente aprovechadas por Gershom Scholem. Creo que es el libro m\u00e1s claro sobre el tema, porque he comprobado que es casi in\u00fatil buscar las fuentes originales.\u00bbJorge Luis Borges<\/p>\n","protected":false},"excerpt":{"rendered":"<p>Los cinco trabajos que se incluyen en este volumen ofrecen una visi\u00f3n asequible para el lector del siempre oscuro entorno cabal\u00edstico. La C\u00e1bala no es otra cosa que la m\u00edstica jud\u00eda, y en ella se encierra el secreto del mundo, reflejo de los secretos de la vida divina. Scholem consigue penetrar en los mecanismos del movimiento m\u00edstico hebreo efectuando una investigaci\u00f3n hist\u00f3rica profunda que hace comprensible los misterios cabal\u00edsticos para el lector no iniciado. Los cuatro primeros textos plantean la problem\u00e1tica de la C\u00e1bala y la m\u00edstica jud\u00eda en general. El libro concluye con un enigm\u00e1tico op\u00fasculo sobre el Golem, el hombre creado mediante artes m\u00e1gicas en un cuarto sin entrada del gueto de Praga, cuyo proceso parece oponerse al de la creaci\u00f3n de Ad\u00e1n y que constituye una de las m\u00e1s oscuras leyendas hebreas.\u00abLas leyendas del Golem han sido hermosamente aprovechadas por Gershom Scholem. Creo que es el libro m\u00e1s claro sobre el tema, porque he comprobado que es casi in\u00fatil buscar las fuentes originales.\u00bbJorge Luis Borges<\/p>\n","protected":false},"featured_media":2849,"comment_status":"closed","ping_status":"open","template":"","meta":{"_acf_changed":false},"materia_nivel_3":[4006],"subtema_nivel_2":[2577],"tema_nivel_1":[2563],"product_brand":[],"product_cat":[15],"product_tag":[],"product_author":[4007],"product_collection":[],"class_list":{"0":"post-14486","1":"product","2":"type-product","3":"status-publish","4":"has-post-thumbnail","6":"materia_nivel_3-judaismo","7":"subtema_nivel_2-religion","8":"tema_nivel_1-siglo-xxi-de-espana-general","9":"product_cat-uncategorized","10":"product_author-scholem-gershom","12":"first","13":"instock","14":"purchasable","15":"product-type-simple"},"acf":[],"_links":{"self":[{"href":"https:\/\/dev2.cantalupe.net\/sigloxxi\/wp-json\/wp\/v2\/product\/14486","targetHints":{"allow":["GET"]}}],"collection":[{"href":"https:\/\/dev2.cantalupe.net\/sigloxxi\/wp-json\/wp\/v2\/product"}],"about":[{"href":"https:\/\/dev2.cantalupe.net\/sigloxxi\/wp-json\/wp\/v2\/types\/product"}],"replies":[{"embeddable":true,"href":"https:\/\/dev2.cantalupe.net\/sigloxxi\/wp-json\/wp\/v2\/comments?post=14486"}],"version-history":[{"count":1,"href":"https:\/\/dev2.cantalupe.net\/sigloxxi\/wp-json\/wp\/v2\/product\/14486\/revisions"}],"predecessor-version":[{"id":14487,"href":"https:\/\/dev2.cantalupe.net\/sigloxxi\/wp-json\/wp\/v2\/product\/14486\/revisions\/14487"}],"wp:featuredmedia":[{"embeddable":true,"href":"https:\/\/dev2.cantalupe.net\/sigloxxi\/wp-json\/wp\/v2\/media\/2849"}],"wp:attachment":[{"href":"https:\/\/dev2.cantalupe.net\/sigloxxi\/wp-json\/wp\/v2\/media?parent=14486"}],"wp:term":[{"taxonomy":"materia_nivel_3","embeddable":true,"href":"https:\/\/dev2.cantalupe.net\/sigloxxi\/wp-json\/wp\/v2\/materia_nivel_3?post=14486"},{"taxonomy":"subtema_nivel_2","embeddable":true,"href":"https:\/\/dev2.cantalupe.net\/sigloxxi\/wp-json\/wp\/v2\/subtema_nivel_2?post=14486"},{"taxonomy":"tema_nivel_1","embeddable":true,"href":"https:\/\/dev2.cantalupe.net\/sigloxxi\/wp-json\/wp\/v2\/tema_nivel_1?post=14486"},{"taxonomy":"product_brand","embeddable":true,"href":"https:\/\/dev2.cantalupe.net\/sigloxxi\/wp-json\/wp\/v2\/product_brand?post=14486"},{"taxonomy":"product_cat","embeddable":true,"href":"https:\/\/dev2.cantalupe.net\/sigloxxi\/wp-json\/wp\/v2\/product_cat?post=14486"},{"taxonomy":"product_tag","embeddable":true,"href":"https:\/\/dev2.cantalupe.net\/sigloxxi\/wp-json\/wp\/v2\/product_tag?post=14486"},{"taxonomy":"product_author","embeddable":true,"href":"https:\/\/dev2.cantalupe.net\/sigloxxi\/wp-json\/wp\/v2\/product_author?post=14486"},{"taxonomy":"product_collection","embeddable":true,"href":"https:\/\/dev2.cantalupe.net\/sigloxxi\/wp-json\/wp\/v2\/product_collection?post=14486"}],"curies":[{"name":"wp","href":"https:\/\/api.w.org\/{rel}","templated":true}]}}