{"id":14502,"date":"2025-11-04T14:53:37","date_gmt":"2025-11-04T14:53:37","guid":{"rendered":"https:\/\/dev2.cantalupe.net\/sigloxxi\/libro\/la-ciencia-en-una-sociedad-libre\/"},"modified":"2025-11-04T14:53:42","modified_gmt":"2025-11-04T14:53:42","slug":"la-ciencia-en-una-sociedad-libre","status":"publish","type":"product","link":"https:\/\/dev2.cantalupe.net\/sigloxxi\/libro\/la-ciencia-en-una-sociedad-libre\/","title":{"rendered":"La ciencia en una sociedad libre"},"content":{"rendered":"<p>Ning\u00fan trabajo sobre filosof\u00eda de la ciencia ha despertado tanta pol\u00e9mica en los a\u00f1os setenta como el Tratado contra el m\u00e9todo de Paul Feyerabend. En esta nueva obra Feyerabend vuelve sobre esa pol\u00e9mica y ampl\u00eda su cr\u00edtica iconoclasta, m\u00e1s all\u00e1 del problema de las reglas y los m\u00e9todos cient\u00edficos, a la orientaci\u00f3n y la funci\u00f3n social de la ciencia de nuestros d\u00edas. En la primera parte del libro lanza un continuo e irreverente ataque contra el prestigio de la ciencia en Occidente. La noble autoridad del &#8220;experto&#8221; que para s\u00ed reclaman los cient\u00edficos es, sostiene, incompatible con una democracia aut\u00e9ntica, y a menudo sirve tan s\u00f3lo para ocultar arraigados prejuicios y opiniones divididas en el seno de la propia comunidad cient\u00edfica. Feyerabend insiste en que \u00e9stas pueden y deben someterse al arbitrio del hombre de la calle, cuyos m\u00e1s directos intereses son los que est\u00e1n continuamente en juego (como la pol\u00e9mica actual acerca de los programas nucleares atestigua de forma tan clara). Exigiendo una diversidad mucho mayor en el contenido de la educaci\u00f3n para facilitar las decisiones democr\u00e1ticas sobre tales cuestiones, Feyerabend refiere el origen y desarrollo de sus propias ideas (Brecht, Ehrenhaft, Popper, Mill y Lakatos) en un vigoroso autorretrato intelectual. Por \u00faltimo ofrece una serie de inimitables respuestas a sus objetores liberales, marxistas y popperianos, las cuales sin duda afianzar\u00e1n su reputaci\u00f3n como polemista. La ciencia en una sociedad libre constituye una notable intervenci\u00f3n en una de las discusiones m\u00e1s candentes en la cultura y la pol\u00edtica de nuestra \u00e9poca.<\/p>\n","protected":false},"excerpt":{"rendered":"<p>Ning\u00fan trabajo sobre filosof\u00eda de la ciencia ha despertado tanta pol\u00e9mica en los a\u00f1os setenta como el Tratado contra el m\u00e9todo de Paul Feyerabend. En esta nueva obra Feyerabend vuelve sobre esa pol\u00e9mica y ampl\u00eda su cr\u00edtica iconoclasta, m\u00e1s all\u00e1 del problema de las reglas y los m\u00e9todos cient\u00edficos, a la orientaci\u00f3n y la funci\u00f3n social de la ciencia de nuestros d\u00edas. En la primera parte del libro lanza un continuo e irreverente ataque contra el prestigio de la ciencia en Occidente. La noble autoridad del &#8220;experto&#8221; que para s\u00ed reclaman los cient\u00edficos es, sostiene, incompatible con una democracia aut\u00e9ntica, y a menudo sirve tan s\u00f3lo para ocultar arraigados prejuicios y opiniones divididas en el seno de la propia comunidad cient\u00edfica. Feyerabend insiste en que \u00e9stas pueden y deben someterse al arbitrio del hombre de la calle, cuyos m\u00e1s directos intereses son los que est\u00e1n continuamente en juego (como la pol\u00e9mica actual acerca de los programas nucleares atestigua de forma tan clara). Exigiendo una diversidad mucho mayor en el contenido de la educaci\u00f3n para facilitar las decisiones democr\u00e1ticas sobre tales cuestiones, Feyerabend refiere el origen y desarrollo de sus propias ideas (Brecht, Ehrenhaft, Popper, Mill y Lakatos) en un vigoroso autorretrato intelectual. Por \u00faltimo ofrece una serie de inimitables respuestas a sus objetores liberales, marxistas y popperianos, las cuales sin duda afianzar\u00e1n su reputaci\u00f3n como polemista. La ciencia en una sociedad libre constituye una notable intervenci\u00f3n en una de las discusiones m\u00e1s candentes en la cultura y la pol\u00edtica de nuestra \u00e9poca.<\/p>\n","protected":false},"featured_media":2863,"comment_status":"closed","ping_status":"open","template":"","meta":{"_acf_changed":false},"materia_nivel_3":[2565],"subtema_nivel_2":[],"tema_nivel_1":[2570],"product_brand":[],"product_cat":[15],"product_tag":[],"product_author":[4010],"product_collection":[],"class_list":{"0":"post-14502","1":"product","2":"type-product","3":"status-publish","4":"has-post-thumbnail","6":"materia_nivel_3-contemporanea","7":"tema_nivel_1-ciencias-sociales","8":"product_cat-uncategorized","9":"product_author-feyerabend-paul-k","11":"first","12":"instock","13":"purchasable","14":"product-type-simple"},"acf":[],"_links":{"self":[{"href":"https:\/\/dev2.cantalupe.net\/sigloxxi\/wp-json\/wp\/v2\/product\/14502","targetHints":{"allow":["GET"]}}],"collection":[{"href":"https:\/\/dev2.cantalupe.net\/sigloxxi\/wp-json\/wp\/v2\/product"}],"about":[{"href":"https:\/\/dev2.cantalupe.net\/sigloxxi\/wp-json\/wp\/v2\/types\/product"}],"replies":[{"embeddable":true,"href":"https:\/\/dev2.cantalupe.net\/sigloxxi\/wp-json\/wp\/v2\/comments?post=14502"}],"version-history":[{"count":1,"href":"https:\/\/dev2.cantalupe.net\/sigloxxi\/wp-json\/wp\/v2\/product\/14502\/revisions"}],"predecessor-version":[{"id":14503,"href":"https:\/\/dev2.cantalupe.net\/sigloxxi\/wp-json\/wp\/v2\/product\/14502\/revisions\/14503"}],"wp:featuredmedia":[{"embeddable":true,"href":"https:\/\/dev2.cantalupe.net\/sigloxxi\/wp-json\/wp\/v2\/media\/2863"}],"wp:attachment":[{"href":"https:\/\/dev2.cantalupe.net\/sigloxxi\/wp-json\/wp\/v2\/media?parent=14502"}],"wp:term":[{"taxonomy":"materia_nivel_3","embeddable":true,"href":"https:\/\/dev2.cantalupe.net\/sigloxxi\/wp-json\/wp\/v2\/materia_nivel_3?post=14502"},{"taxonomy":"subtema_nivel_2","embeddable":true,"href":"https:\/\/dev2.cantalupe.net\/sigloxxi\/wp-json\/wp\/v2\/subtema_nivel_2?post=14502"},{"taxonomy":"tema_nivel_1","embeddable":true,"href":"https:\/\/dev2.cantalupe.net\/sigloxxi\/wp-json\/wp\/v2\/tema_nivel_1?post=14502"},{"taxonomy":"product_brand","embeddable":true,"href":"https:\/\/dev2.cantalupe.net\/sigloxxi\/wp-json\/wp\/v2\/product_brand?post=14502"},{"taxonomy":"product_cat","embeddable":true,"href":"https:\/\/dev2.cantalupe.net\/sigloxxi\/wp-json\/wp\/v2\/product_cat?post=14502"},{"taxonomy":"product_tag","embeddable":true,"href":"https:\/\/dev2.cantalupe.net\/sigloxxi\/wp-json\/wp\/v2\/product_tag?post=14502"},{"taxonomy":"product_author","embeddable":true,"href":"https:\/\/dev2.cantalupe.net\/sigloxxi\/wp-json\/wp\/v2\/product_author?post=14502"},{"taxonomy":"product_collection","embeddable":true,"href":"https:\/\/dev2.cantalupe.net\/sigloxxi\/wp-json\/wp\/v2\/product_collection?post=14502"}],"curies":[{"name":"wp","href":"https:\/\/api.w.org\/{rel}","templated":true}]}}