{"id":14514,"date":"2025-11-04T14:53:37","date_gmt":"2025-11-04T14:53:37","guid":{"rendered":"https:\/\/dev2.cantalupe.net\/sigloxxi\/libro\/la-cnt-durante-el-franquismo\/"},"modified":"2025-11-04T14:53:42","modified_gmt":"2025-11-04T14:53:42","slug":"la-cnt-durante-el-franquismo","status":"publish","type":"product","link":"https:\/\/dev2.cantalupe.net\/sigloxxi\/libro\/la-cnt-durante-el-franquismo\/","title":{"rendered":"La CNT durante el franquismo"},"content":{"rendered":"<p>Solapa: La CNT desempe\u00f1\u00f3 un papel importante en el convulso siglo XX espa\u00f1ol. Su momento de m\u00e1ximo esplendor tuvo lugar durante la guerra civil, per\u00edodo en el que lleg\u00f3 a contar con cerca de dos millones de afiliados. Sin embargo, ya en los \u00faltimos a\u00f1os de la dictadura franquista la CNT hab\u00eda pr\u00e1cticamente desaparecido. Las vicisitudes que condujeron a la central anarcosindicalista a esta situaci\u00f3n no han obtenido respuesta hasta el momento. Este libro analiza el devenir de la organizaci\u00f3n anarcosindicalista durante los casi cuarenta a\u00f1os de dictadura en nuestro pa\u00eds, y desgrana aquellas situaciones que influyeron en el eclipse cenetista tales como la represi\u00f3n, la actuaci\u00f3n de los grupos de acci\u00f3n anarquista, las relaciones de la CNT con el Sindicato Vertical y con otras organizaciones opositoras al r\u00e9gimen, el enfrentamiento entre el interior y el exilio y la evoluci\u00f3n ideol\u00f3gica. Para ello el autor ha recurrido a una importante combinaci\u00f3n de fuentes, desde las m\u00e1s de treinta entrevistas realizadas en Espa\u00f1a, Francia y M\u00e9xico, hasta los archivos de instituciones internacionales de las organizaciones pol\u00edticas y sindicales antifranquistas. Una parte importante de la investigaci\u00f3n se basa en fuentes del propio r\u00e9gimen -como los Archivos Policiales, los Archivos de Gobiernos Civiles o el Archivo del Tribunal Militar de Madrid-, algunas de ellas in\u00e9ditas, lo que ha permitido realizar un primer balance sobre la dura represi\u00f3n sufrida por la CNT. \u00c1ngel Herrer\u00edn L\u00f3pez, es doctor en Geograf\u00eda e Historia por la UNED y en la actualidad es profesor titular de dicha Universidad. Obtuvo los premios Fin de Carrera (1996) y Extraordinario de Doctorado (2002) de la UNED. Su l\u00ednea de investigaci\u00f3n se centra en el anarquismo, el per\u00edodo franquista y el exilio republicano de 1939. Ha publish m\u00e1s de una docena de trabajos entre colaboraciones y art\u00edculos para revistas, entre otros, ?La CNT y el Sindicato Vertical. La quimera de la libertad sindical con Franco?, Madrid, 2000; ?Pol\u00edticas de los anarcosindicalistas espa\u00f1oles exiliados en M\u00e9xico?, M\u00e9xico, 2003; ?La sociabilidad de los anarcosindicalistas en Espa\u00f1a y el exilio tras la p\u00e9rdida de la guerra civil?, Madrid, 2003.<\/p>\n","protected":false},"excerpt":{"rendered":"<p>Solapa: La CNT desempe\u00f1\u00f3 un papel importante en el convulso siglo XX espa\u00f1ol. Su momento de m\u00e1ximo esplendor tuvo lugar durante la guerra civil, per\u00edodo en el que lleg\u00f3 a contar con cerca de dos millones de afiliados. Sin embargo, ya en los \u00faltimos a\u00f1os de la dictadura franquista la CNT hab\u00eda pr\u00e1cticamente desaparecido. Las vicisitudes que condujeron a la central anarcosindicalista a esta situaci\u00f3n no han obtenido respuesta hasta el momento. Este libro analiza el devenir de la organizaci\u00f3n anarcosindicalista durante los casi cuarenta a\u00f1os de dictadura en nuestro pa\u00eds, y desgrana aquellas situaciones que influyeron en el eclipse cenetista tales como la represi\u00f3n, la actuaci\u00f3n de los grupos de acci\u00f3n anarquista, las relaciones de la CNT con el Sindicato Vertical y con otras organizaciones opositoras al r\u00e9gimen, el enfrentamiento entre el interior y el exilio y la evoluci\u00f3n ideol\u00f3gica. Para ello el autor ha recurrido a una importante combinaci\u00f3n de fuentes, desde las m\u00e1s de treinta entrevistas realizadas en Espa\u00f1a, Francia y M\u00e9xico, hasta los archivos de instituciones internacionales de las organizaciones pol\u00edticas y sindicales antifranquistas. Una parte importante de la investigaci\u00f3n se basa en fuentes del propio r\u00e9gimen -como los Archivos Policiales, los Archivos de Gobiernos Civiles o el Archivo del Tribunal Militar de Madrid-, algunas de ellas in\u00e9ditas, lo que ha permitido realizar un primer balance sobre la dura represi\u00f3n sufrida por la CNT. \u00c1ngel Herrer\u00edn L\u00f3pez, es doctor en Geograf\u00eda e Historia por la UNED y en la actualidad es profesor titular de dicha Universidad. Obtuvo los premios Fin de Carrera (1996) y Extraordinario de Doctorado (2002) de la UNED. Su l\u00ednea de investigaci\u00f3n se centra en el anarquismo, el per\u00edodo franquista y el exilio republicano de 1939. Ha publish m\u00e1s de una docena de trabajos entre colaboraciones y art\u00edculos para revistas, entre otros, ?La CNT y el Sindicato Vertical. La quimera de la libertad sindical con Franco?, Madrid, 2000; ?Pol\u00edticas de los anarcosindicalistas espa\u00f1oles exiliados en M\u00e9xico?, M\u00e9xico, 2003; ?La sociabilidad de los anarcosindicalistas en Espa\u00f1a y el exilio tras la p\u00e9rdida de la guerra civil?, Madrid, 2003.<\/p>\n","protected":false},"featured_media":2874,"comment_status":"closed","ping_status":"open","template":"","meta":{"_acf_changed":false},"materia_nivel_3":[2565,2559],"subtema_nivel_2":[],"tema_nivel_1":[2567],"product_brand":[],"product_cat":[15],"product_tag":[],"product_author":[2880],"product_collection":[],"class_list":{"0":"post-14514","1":"product","2":"type-product","3":"status-publish","4":"has-post-thumbnail","6":"materia_nivel_3-contemporanea","7":"materia_nivel_3-espana","8":"tema_nivel_1-historia","9":"product_cat-uncategorized","10":"product_author-herrerin-lopez-angel","12":"first","13":"instock","14":"purchasable","15":"product-type-simple"},"acf":[],"_links":{"self":[{"href":"https:\/\/dev2.cantalupe.net\/sigloxxi\/wp-json\/wp\/v2\/product\/14514","targetHints":{"allow":["GET"]}}],"collection":[{"href":"https:\/\/dev2.cantalupe.net\/sigloxxi\/wp-json\/wp\/v2\/product"}],"about":[{"href":"https:\/\/dev2.cantalupe.net\/sigloxxi\/wp-json\/wp\/v2\/types\/product"}],"replies":[{"embeddable":true,"href":"https:\/\/dev2.cantalupe.net\/sigloxxi\/wp-json\/wp\/v2\/comments?post=14514"}],"version-history":[{"count":1,"href":"https:\/\/dev2.cantalupe.net\/sigloxxi\/wp-json\/wp\/v2\/product\/14514\/revisions"}],"predecessor-version":[{"id":14515,"href":"https:\/\/dev2.cantalupe.net\/sigloxxi\/wp-json\/wp\/v2\/product\/14514\/revisions\/14515"}],"wp:featuredmedia":[{"embeddable":true,"href":"https:\/\/dev2.cantalupe.net\/sigloxxi\/wp-json\/wp\/v2\/media\/2874"}],"wp:attachment":[{"href":"https:\/\/dev2.cantalupe.net\/sigloxxi\/wp-json\/wp\/v2\/media?parent=14514"}],"wp:term":[{"taxonomy":"materia_nivel_3","embeddable":true,"href":"https:\/\/dev2.cantalupe.net\/sigloxxi\/wp-json\/wp\/v2\/materia_nivel_3?post=14514"},{"taxonomy":"subtema_nivel_2","embeddable":true,"href":"https:\/\/dev2.cantalupe.net\/sigloxxi\/wp-json\/wp\/v2\/subtema_nivel_2?post=14514"},{"taxonomy":"tema_nivel_1","embeddable":true,"href":"https:\/\/dev2.cantalupe.net\/sigloxxi\/wp-json\/wp\/v2\/tema_nivel_1?post=14514"},{"taxonomy":"product_brand","embeddable":true,"href":"https:\/\/dev2.cantalupe.net\/sigloxxi\/wp-json\/wp\/v2\/product_brand?post=14514"},{"taxonomy":"product_cat","embeddable":true,"href":"https:\/\/dev2.cantalupe.net\/sigloxxi\/wp-json\/wp\/v2\/product_cat?post=14514"},{"taxonomy":"product_tag","embeddable":true,"href":"https:\/\/dev2.cantalupe.net\/sigloxxi\/wp-json\/wp\/v2\/product_tag?post=14514"},{"taxonomy":"product_author","embeddable":true,"href":"https:\/\/dev2.cantalupe.net\/sigloxxi\/wp-json\/wp\/v2\/product_author?post=14514"},{"taxonomy":"product_collection","embeddable":true,"href":"https:\/\/dev2.cantalupe.net\/sigloxxi\/wp-json\/wp\/v2\/product_collection?post=14514"}],"curies":[{"name":"wp","href":"https:\/\/api.w.org\/{rel}","templated":true}]}}