{"id":14610,"date":"2025-11-04T14:53:53","date_gmt":"2025-11-04T14:53:53","guid":{"rendered":"https:\/\/dev2.cantalupe.net\/sigloxxi\/libro\/la-era-del-consumo\/"},"modified":"2025-11-04T14:53:53","modified_gmt":"2025-11-04T14:53:53","slug":"la-era-del-consumo","status":"publish","type":"product","link":"https:\/\/dev2.cantalupe.net\/sigloxxi\/libro\/la-era-del-consumo\/","title":{"rendered":"La era del consumo"},"content":{"rendered":"<p>Un barroquismo asfixiante, recargado, amn\u00e9sico, aprensivo, visual, individualizante y complej\u00edsimo enmarca toda nuestra cultura de consumo como etapa, de momento \u00faltima, de un proceso que empez\u00f3 justamente por lo contrario, por un canto a la simplicidad, a la funcionalidad y a los beneficios ahorrativos del industrialismo frente al ornamento superfluo. En este l\u00facido y minucioso an\u00e1lisis el autor aborda el fen\u00f3meno del consumo como pr\u00e1ctica social concreta que sintetiza un conjunto de fuerzas y que tiene una dimensi\u00f3n de pol\u00edtica concreta de lucha desigual por la distribuci\u00f3n del excedente y del sentido realizada por grupos sociales concretos. Se estudian aqu\u00ed exhaustivamente tanto los fundamentos te\u00f3ricos (en autores como E. Goblot, P. Bourdieu, R. Barthes o Z. Bauman) como las formas hist\u00f3rico-sociales de consumo asociadas al modo de regulaci\u00f3n fordista y a la sociedad de consumo de masas, su crisis, transformaci\u00f3n y fragmentaci\u00f3n. En la llamada nueva sociedad de consumo se ha multiplicado la cantidad y la complejidad de estilos de vida, y el horizonte de aspiraciones de gran parte de los colectivos integrados (y excluidos) de la producci\u00f3n mundial. El autor concluye que es necesario resituar en el centro del debate p\u00fablico la pol\u00edtica, un proyecto que apunta hacia la construcci\u00f3n de una democracia radical, capaz de poner el mercado al servicio de la sociedad para salir del bloqueo civilizatorio que supone la sociedad al servicio del mercado. Luis Enrique Alonso, Catedr\u00e1tico de Sociolog\u00eda de la Universidad Aut\u00f3noma de Madrid, est\u00e1 especializado en sociolog\u00eda econ\u00f3mica y del consumo, as\u00ed como en temas de investigaci\u00f3n cualitativa. Entre sus libros destacan: La mirada cualitativa en sociolog\u00eda (1998), Trabajo y ciudadan\u00eda (1999) y Trabajo y postmodernidad (2001).<\/p>\n","protected":false},"excerpt":{"rendered":"<p>Un barroquismo asfixiante, recargado, amn\u00e9sico, aprensivo, visual, individualizante y complej\u00edsimo enmarca toda nuestra cultura de consumo como etapa, de momento \u00faltima, de un proceso que empez\u00f3 justamente por lo contrario, por un canto a la simplicidad, a la funcionalidad y a los beneficios ahorrativos del industrialismo frente al ornamento superfluo. En este l\u00facido y minucioso an\u00e1lisis el autor aborda el fen\u00f3meno del consumo como pr\u00e1ctica social concreta que sintetiza un conjunto de fuerzas y que tiene una dimensi\u00f3n de pol\u00edtica concreta de lucha desigual por la distribuci\u00f3n del excedente y del sentido realizada por grupos sociales concretos. Se estudian aqu\u00ed exhaustivamente tanto los fundamentos te\u00f3ricos (en autores como E. Goblot, P. Bourdieu, R. Barthes o Z. Bauman) como las formas hist\u00f3rico-sociales de consumo asociadas al modo de regulaci\u00f3n fordista y a la sociedad de consumo de masas, su crisis, transformaci\u00f3n y fragmentaci\u00f3n. En la llamada nueva sociedad de consumo se ha multiplicado la cantidad y la complejidad de estilos de vida, y el horizonte de aspiraciones de gran parte de los colectivos integrados (y excluidos) de la producci\u00f3n mundial. El autor concluye que es necesario resituar en el centro del debate p\u00fablico la pol\u00edtica, un proyecto que apunta hacia la construcci\u00f3n de una democracia radical, capaz de poner el mercado al servicio de la sociedad para salir del bloqueo civilizatorio que supone la sociedad al servicio del mercado. Luis Enrique Alonso, Catedr\u00e1tico de Sociolog\u00eda de la Universidad Aut\u00f3noma de Madrid, est\u00e1 especializado en sociolog\u00eda econ\u00f3mica y del consumo, as\u00ed como en temas de investigaci\u00f3n cualitativa. Entre sus libros destacan: La mirada cualitativa en sociolog\u00eda (1998), Trabajo y ciudadan\u00eda (1999) y Trabajo y postmodernidad (2001).<\/p>\n","protected":false},"featured_media":2964,"comment_status":"closed","ping_status":"open","template":"","meta":{"_acf_changed":false},"materia_nivel_3":[],"subtema_nivel_2":[2583],"tema_nivel_1":[2570],"product_brand":[],"product_cat":[15],"product_tag":[],"product_author":[4042],"product_collection":[],"class_list":{"0":"post-14610","1":"product","2":"type-product","3":"status-publish","4":"has-post-thumbnail","6":"subtema_nivel_2-sociologia","7":"tema_nivel_1-ciencias-sociales","8":"product_cat-uncategorized","9":"product_author-alonso-luis-enrique","11":"first","12":"instock","13":"purchasable","14":"product-type-simple"},"acf":[],"_links":{"self":[{"href":"https:\/\/dev2.cantalupe.net\/sigloxxi\/wp-json\/wp\/v2\/product\/14610","targetHints":{"allow":["GET"]}}],"collection":[{"href":"https:\/\/dev2.cantalupe.net\/sigloxxi\/wp-json\/wp\/v2\/product"}],"about":[{"href":"https:\/\/dev2.cantalupe.net\/sigloxxi\/wp-json\/wp\/v2\/types\/product"}],"replies":[{"embeddable":true,"href":"https:\/\/dev2.cantalupe.net\/sigloxxi\/wp-json\/wp\/v2\/comments?post=14610"}],"version-history":[{"count":1,"href":"https:\/\/dev2.cantalupe.net\/sigloxxi\/wp-json\/wp\/v2\/product\/14610\/revisions"}],"predecessor-version":[{"id":14611,"href":"https:\/\/dev2.cantalupe.net\/sigloxxi\/wp-json\/wp\/v2\/product\/14610\/revisions\/14611"}],"wp:featuredmedia":[{"embeddable":true,"href":"https:\/\/dev2.cantalupe.net\/sigloxxi\/wp-json\/wp\/v2\/media\/2964"}],"wp:attachment":[{"href":"https:\/\/dev2.cantalupe.net\/sigloxxi\/wp-json\/wp\/v2\/media?parent=14610"}],"wp:term":[{"taxonomy":"materia_nivel_3","embeddable":true,"href":"https:\/\/dev2.cantalupe.net\/sigloxxi\/wp-json\/wp\/v2\/materia_nivel_3?post=14610"},{"taxonomy":"subtema_nivel_2","embeddable":true,"href":"https:\/\/dev2.cantalupe.net\/sigloxxi\/wp-json\/wp\/v2\/subtema_nivel_2?post=14610"},{"taxonomy":"tema_nivel_1","embeddable":true,"href":"https:\/\/dev2.cantalupe.net\/sigloxxi\/wp-json\/wp\/v2\/tema_nivel_1?post=14610"},{"taxonomy":"product_brand","embeddable":true,"href":"https:\/\/dev2.cantalupe.net\/sigloxxi\/wp-json\/wp\/v2\/product_brand?post=14610"},{"taxonomy":"product_cat","embeddable":true,"href":"https:\/\/dev2.cantalupe.net\/sigloxxi\/wp-json\/wp\/v2\/product_cat?post=14610"},{"taxonomy":"product_tag","embeddable":true,"href":"https:\/\/dev2.cantalupe.net\/sigloxxi\/wp-json\/wp\/v2\/product_tag?post=14610"},{"taxonomy":"product_author","embeddable":true,"href":"https:\/\/dev2.cantalupe.net\/sigloxxi\/wp-json\/wp\/v2\/product_author?post=14610"},{"taxonomy":"product_collection","embeddable":true,"href":"https:\/\/dev2.cantalupe.net\/sigloxxi\/wp-json\/wp\/v2\/product_collection?post=14610"}],"curies":[{"name":"wp","href":"https:\/\/api.w.org\/{rel}","templated":true}]}}