{"id":14640,"date":"2025-11-04T14:54:08","date_gmt":"2025-11-04T14:54:08","guid":{"rendered":"https:\/\/dev2.cantalupe.net\/sigloxxi\/libro\/la-europa-del-antiguo-regimen\/"},"modified":"2025-11-04T14:54:08","modified_gmt":"2025-11-04T14:54:08","slug":"la-europa-del-antiguo-regimen","status":"publish","type":"product","link":"https:\/\/dev2.cantalupe.net\/sigloxxi\/libro\/la-europa-del-antiguo-regimen\/","title":{"rendered":"La Europa del Antiguo R\u00e9gimen"},"content":{"rendered":"<p>Mientras la emperatriz Mar\u00eda Teresa de Austria intentaba recuperar Silesia de manos de los prusianos, un s\u00fabdito suyo nac\u00eda en Salzburgo, Mozart, y, m\u00e1s al sur, Canaletto daba las primeras pinceladas a su Capriccio con edifici palladiani. Durante la firma del Tratado de Par\u00eds, que pon\u00eda punto y final a la primera gran conflagraci\u00f3n global que aquel movimiento de la emperatriz austriaca hab\u00eda desatado, la Guerra de los Siete A\u00f1os, Rousseau publicaba en \u00c1msterdam El contrato social o los principios del derecho pol\u00edtico y, en los confines orientales de Prusia, Kant apuntaba los derroteros que seguir\u00eda toda la filosof\u00eda venidera.<br \/>\nEl XVIII es un siglo de profundos contrastes. Es el momento de la sociedad estamental, del predominio absoluto del poder de las coronas, de la centralizaci\u00f3n administrativa y de la inmovilidad social. Tambi\u00e9n es el siglo de las Luces, donde el pensamiento cr\u00edtico y el progreso cient\u00edfico van construyendo un orden racional que persigue la justicia social.<br \/>\nEn La Europa del Antiguo R\u00e9gimen David Ogg, prestigioso historiador de la Universidad de Oxford, relata con pluma \u00e1gil tanto los conflictos pol\u00edticos, econ\u00f3micos y diplom\u00e1ticos que atraviesan el siglo XVIII, como de los grandes hitos culturales y cient\u00edficos que nos leg\u00f3 la Ilustraci\u00f3n.<\/p>\n","protected":false},"excerpt":{"rendered":"<p>Mientras la emperatriz Mar\u00eda Teresa de Austria intentaba recuperar Silesia de manos de los prusianos, un s\u00fabdito suyo nac\u00eda en Salzburgo, Mozart, y, m\u00e1s al sur, Canaletto daba las primeras pinceladas a su Capriccio con edifici palladiani. Durante la firma del Tratado de Par\u00eds, que pon\u00eda punto y final a la primera gran conflagraci\u00f3n global que aquel movimiento de la emperatriz austriaca hab\u00eda desatado, la Guerra de los Siete A\u00f1os, Rousseau publicaba en \u00c1msterdam El contrato social o los principios del derecho pol\u00edtico y, en los confines orientales de Prusia, Kant apuntaba los derroteros que seguir\u00eda toda la filosof\u00eda venidera.<br \/>\nEl XVIII es un siglo de profundos contrastes. Es el momento de la sociedad estamental, del predominio absoluto del poder de las coronas, de la centralizaci\u00f3n administrativa y de la inmovilidad social. Tambi\u00e9n es el siglo de las Luces, donde el pensamiento cr\u00edtico y el progreso cient\u00edfico van construyendo un orden racional que persigue la justicia social.<br \/>\nEn La Europa del Antiguo R\u00e9gimen David Ogg, prestigioso historiador de la Universidad de Oxford, relata con pluma \u00e1gil tanto los conflictos pol\u00edticos, econ\u00f3micos y diplom\u00e1ticos que atraviesan el siglo XVIII, como de los grandes hitos culturales y cient\u00edficos que nos leg\u00f3 la Ilustraci\u00f3n.<\/p>\n","protected":false},"featured_media":2991,"comment_status":"closed","ping_status":"open","template":"","meta":{"_acf_changed":false},"materia_nivel_3":[2566,2558],"subtema_nivel_2":[2561],"tema_nivel_1":[3618],"product_brand":[],"product_cat":[15],"product_tag":[],"product_author":[4059],"product_collection":[],"class_list":{"0":"post-14640","1":"product","2":"type-product","3":"status-publish","4":"has-post-thumbnail","6":"materia_nivel_3-europa","7":"materia_nivel_3-moderna","8":"subtema_nivel_2-historia","9":"tema_nivel_1-historia-de-europa","10":"product_cat-uncategorized","11":"product_author-ogg-david","13":"first","14":"instock","15":"purchasable","16":"product-type-simple"},"acf":[],"_links":{"self":[{"href":"https:\/\/dev2.cantalupe.net\/sigloxxi\/wp-json\/wp\/v2\/product\/14640","targetHints":{"allow":["GET"]}}],"collection":[{"href":"https:\/\/dev2.cantalupe.net\/sigloxxi\/wp-json\/wp\/v2\/product"}],"about":[{"href":"https:\/\/dev2.cantalupe.net\/sigloxxi\/wp-json\/wp\/v2\/types\/product"}],"replies":[{"embeddable":true,"href":"https:\/\/dev2.cantalupe.net\/sigloxxi\/wp-json\/wp\/v2\/comments?post=14640"}],"version-history":[{"count":1,"href":"https:\/\/dev2.cantalupe.net\/sigloxxi\/wp-json\/wp\/v2\/product\/14640\/revisions"}],"predecessor-version":[{"id":14641,"href":"https:\/\/dev2.cantalupe.net\/sigloxxi\/wp-json\/wp\/v2\/product\/14640\/revisions\/14641"}],"wp:featuredmedia":[{"embeddable":true,"href":"https:\/\/dev2.cantalupe.net\/sigloxxi\/wp-json\/wp\/v2\/media\/2991"}],"wp:attachment":[{"href":"https:\/\/dev2.cantalupe.net\/sigloxxi\/wp-json\/wp\/v2\/media?parent=14640"}],"wp:term":[{"taxonomy":"materia_nivel_3","embeddable":true,"href":"https:\/\/dev2.cantalupe.net\/sigloxxi\/wp-json\/wp\/v2\/materia_nivel_3?post=14640"},{"taxonomy":"subtema_nivel_2","embeddable":true,"href":"https:\/\/dev2.cantalupe.net\/sigloxxi\/wp-json\/wp\/v2\/subtema_nivel_2?post=14640"},{"taxonomy":"tema_nivel_1","embeddable":true,"href":"https:\/\/dev2.cantalupe.net\/sigloxxi\/wp-json\/wp\/v2\/tema_nivel_1?post=14640"},{"taxonomy":"product_brand","embeddable":true,"href":"https:\/\/dev2.cantalupe.net\/sigloxxi\/wp-json\/wp\/v2\/product_brand?post=14640"},{"taxonomy":"product_cat","embeddable":true,"href":"https:\/\/dev2.cantalupe.net\/sigloxxi\/wp-json\/wp\/v2\/product_cat?post=14640"},{"taxonomy":"product_tag","embeddable":true,"href":"https:\/\/dev2.cantalupe.net\/sigloxxi\/wp-json\/wp\/v2\/product_tag?post=14640"},{"taxonomy":"product_author","embeddable":true,"href":"https:\/\/dev2.cantalupe.net\/sigloxxi\/wp-json\/wp\/v2\/product_author?post=14640"},{"taxonomy":"product_collection","embeddable":true,"href":"https:\/\/dev2.cantalupe.net\/sigloxxi\/wp-json\/wp\/v2\/product_collection?post=14640"}],"curies":[{"name":"wp","href":"https:\/\/api.w.org\/{rel}","templated":true}]}}