{"id":14650,"date":"2025-11-04T14:54:08","date_gmt":"2025-11-04T14:54:08","guid":{"rendered":"https:\/\/dev2.cantalupe.net\/sigloxxi\/libro\/la-europa-de-los-dictadores-1919-1945\/"},"modified":"2025-11-04T14:54:09","modified_gmt":"2025-11-04T14:54:09","slug":"la-europa-de-los-dictadores-1919-1945","status":"publish","type":"product","link":"https:\/\/dev2.cantalupe.net\/sigloxxi\/libro\/la-europa-de-los-dictadores-1919-1945\/","title":{"rendered":"La Europa de los dictadores 1919-1945"},"content":{"rendered":"<p>Solapa: La primera guerra mundial trae a la conciencia de los pueblos europeos el hecho de que la sociedad est\u00e1 cambiando. Este descubrimiento provoca una oleada de idealismo y grandes expectativas sobre la posibilidad de crear una sociedad m\u00e1s racional. Por ello mismo el malestar social crece r\u00e1pidamente, ya que tales esperanzas no se cumplen. Cuando todos conf\u00edan en entrar en una etapa de estabilidad y prosperidad, Europa se ve golpeada por una crisis econ\u00f3mica sin precedentes, que no s\u00f3lo afecta a los pa\u00edses industriales sino tambi\u00e9n a la Europa oriental, al privarla de su principal comprador de productos agr\u00edcolas. El resurgir de la cuesti\u00f3n nacional, con los deseos de autonom\u00eda y reconocimiento de la personalidad cultural de todos los pueblos, concluye dram\u00e1ticamente con una oleada de expansionismo dentro de la misma Europa, que, si en parte es fruto de los tratados de paz, va a crear una situaci\u00f3n de conflictos nacionales desconocida hasta entonces. Las ilusiones despertadas por el nacimiento de la Sociedad de Naciones se saldan con su naufragio y el estallido de la segunda guerra mundial. La Europa de Briand y de Weimar se transforma as\u00ed en la Europa Hitler y Stalin, de Franco y Mussolini.<\/p>\n","protected":false},"excerpt":{"rendered":"<p>Solapa: La primera guerra mundial trae a la conciencia de los pueblos europeos el hecho de que la sociedad est\u00e1 cambiando. Este descubrimiento provoca una oleada de idealismo y grandes expectativas sobre la posibilidad de crear una sociedad m\u00e1s racional. Por ello mismo el malestar social crece r\u00e1pidamente, ya que tales esperanzas no se cumplen. Cuando todos conf\u00edan en entrar en una etapa de estabilidad y prosperidad, Europa se ve golpeada por una crisis econ\u00f3mica sin precedentes, que no s\u00f3lo afecta a los pa\u00edses industriales sino tambi\u00e9n a la Europa oriental, al privarla de su principal comprador de productos agr\u00edcolas. El resurgir de la cuesti\u00f3n nacional, con los deseos de autonom\u00eda y reconocimiento de la personalidad cultural de todos los pueblos, concluye dram\u00e1ticamente con una oleada de expansionismo dentro de la misma Europa, que, si en parte es fruto de los tratados de paz, va a crear una situaci\u00f3n de conflictos nacionales desconocida hasta entonces. Las ilusiones despertadas por el nacimiento de la Sociedad de Naciones se saldan con su naufragio y el estallido de la segunda guerra mundial. La Europa de Briand y de Weimar se transforma as\u00ed en la Europa Hitler y Stalin, de Franco y Mussolini.<\/p>\n","protected":false},"featured_media":3000,"comment_status":"closed","ping_status":"open","template":"","meta":{"_acf_changed":false},"materia_nivel_3":[2565,2566],"subtema_nivel_2":[],"tema_nivel_1":[3618],"product_brand":[],"product_cat":[15],"product_tag":[],"product_author":[4061],"product_collection":[],"class_list":{"0":"post-14650","1":"product","2":"type-product","3":"status-publish","4":"has-post-thumbnail","6":"materia_nivel_3-contemporanea","7":"materia_nivel_3-europa","8":"tema_nivel_1-historia-de-europa","9":"product_cat-uncategorized","10":"product_author-wiskemann-elizabeth","12":"first","13":"instock","14":"purchasable","15":"product-type-simple"},"acf":[],"_links":{"self":[{"href":"https:\/\/dev2.cantalupe.net\/sigloxxi\/wp-json\/wp\/v2\/product\/14650","targetHints":{"allow":["GET"]}}],"collection":[{"href":"https:\/\/dev2.cantalupe.net\/sigloxxi\/wp-json\/wp\/v2\/product"}],"about":[{"href":"https:\/\/dev2.cantalupe.net\/sigloxxi\/wp-json\/wp\/v2\/types\/product"}],"replies":[{"embeddable":true,"href":"https:\/\/dev2.cantalupe.net\/sigloxxi\/wp-json\/wp\/v2\/comments?post=14650"}],"version-history":[{"count":1,"href":"https:\/\/dev2.cantalupe.net\/sigloxxi\/wp-json\/wp\/v2\/product\/14650\/revisions"}],"predecessor-version":[{"id":14651,"href":"https:\/\/dev2.cantalupe.net\/sigloxxi\/wp-json\/wp\/v2\/product\/14650\/revisions\/14651"}],"wp:featuredmedia":[{"embeddable":true,"href":"https:\/\/dev2.cantalupe.net\/sigloxxi\/wp-json\/wp\/v2\/media\/3000"}],"wp:attachment":[{"href":"https:\/\/dev2.cantalupe.net\/sigloxxi\/wp-json\/wp\/v2\/media?parent=14650"}],"wp:term":[{"taxonomy":"materia_nivel_3","embeddable":true,"href":"https:\/\/dev2.cantalupe.net\/sigloxxi\/wp-json\/wp\/v2\/materia_nivel_3?post=14650"},{"taxonomy":"subtema_nivel_2","embeddable":true,"href":"https:\/\/dev2.cantalupe.net\/sigloxxi\/wp-json\/wp\/v2\/subtema_nivel_2?post=14650"},{"taxonomy":"tema_nivel_1","embeddable":true,"href":"https:\/\/dev2.cantalupe.net\/sigloxxi\/wp-json\/wp\/v2\/tema_nivel_1?post=14650"},{"taxonomy":"product_brand","embeddable":true,"href":"https:\/\/dev2.cantalupe.net\/sigloxxi\/wp-json\/wp\/v2\/product_brand?post=14650"},{"taxonomy":"product_cat","embeddable":true,"href":"https:\/\/dev2.cantalupe.net\/sigloxxi\/wp-json\/wp\/v2\/product_cat?post=14650"},{"taxonomy":"product_tag","embeddable":true,"href":"https:\/\/dev2.cantalupe.net\/sigloxxi\/wp-json\/wp\/v2\/product_tag?post=14650"},{"taxonomy":"product_author","embeddable":true,"href":"https:\/\/dev2.cantalupe.net\/sigloxxi\/wp-json\/wp\/v2\/product_author?post=14650"},{"taxonomy":"product_collection","embeddable":true,"href":"https:\/\/dev2.cantalupe.net\/sigloxxi\/wp-json\/wp\/v2\/product_collection?post=14650"}],"curies":[{"name":"wp","href":"https:\/\/api.w.org\/{rel}","templated":true}]}}