{"id":14660,"date":"2025-11-04T14:54:08","date_gmt":"2025-11-04T14:54:08","guid":{"rendered":"https:\/\/dev2.cantalupe.net\/sigloxxi\/libro\/la-europa-dividida-2\/"},"modified":"2025-11-04T14:54:09","modified_gmt":"2025-11-04T14:54:09","slug":"la-europa-dividida-2","status":"publish","type":"product","link":"https:\/\/dev2.cantalupe.net\/sigloxxi\/libro\/la-europa-dividida-2\/","title":{"rendered":"La Europa dividida"},"content":{"rendered":"<p>La Europa dividida nos introduce en una compleja \u00e9poca de movimientos y conflictos. La poderosa narrativa de J. H. Elliott detalla los cambios pol\u00edticos, econ\u00f3micos y sociales y ofrece v\u00edvidos retratos de las principales personalidades de la \u00e9poca.<br \/>\nYa consagrado como un cl\u00e1sico, en su segunda edici\u00f3n el libro estudia las duras l\u00edneas divisorias que hab\u00eda en la Europa de finales del siglo XVI: entre el norte protestante y el sur cat\u00f3lico sin olvidar la brecha entre la rica y pr\u00f3spera econom\u00eda del oeste y la cruda pobreza del este agrario. Este fue el periodo que presenci\u00f3 el nacimiento de la rep\u00fablica holandesa, la derrota de la Armada Invencible, el rechazo occidental del Imperio otomano, el renacimiento del papado y un calvinismo autoritario. Tambi\u00e9n fue una \u00e9poca de fuertes personalidades pol\u00edticas, de Felipe II y la poderosa Espa\u00f1a de los Habsburgo, de la reina Isabel I y Catalina de M\u00e9dicis, de Enrique IV y Montaigne.<\/p>\n<p>\u00abEl volumen de Elliott es, probablemente, uno de los mejores manuales que jam\u00e1s se han escrito. Estaba basado en un conocimiento extraordinariamente amplio del material publish, tanto de las fuentes como de la literatura secundaria, lo que le permiti\u00f3 al autor anticipar, hasta un punto inusitado, la direcci\u00f3n que iba a tomar la investigaci\u00f3n posterior. La Europa dividida tambi\u00e9n logra transmitir la intensa emoci\u00f3n que se vivi\u00f3 en esas d\u00e9cadas.\u00bb<br \/>\nHistory<\/p>\n<p>\u00abEn conjunto \u00e9ste es un libro fascinante, moldeado desde una perspectiva individual y, al mismo tiempo, fiable en los datos que ofrece. Debe recomendarse a cualquiera que est\u00e9 interesado en la historia del periodo.\u00bb\u00a0<br \/>\nTimes Literary Supplement<\/p>\n","protected":false},"excerpt":{"rendered":"<p>La Europa dividida nos introduce en una compleja \u00e9poca de movimientos y conflictos. La poderosa narrativa de J. H. Elliott detalla los cambios pol\u00edticos, econ\u00f3micos y sociales y ofrece v\u00edvidos retratos de las principales personalidades de la \u00e9poca.<br \/>\nYa consagrado como un cl\u00e1sico, en su segunda edici\u00f3n el libro estudia las duras l\u00edneas divisorias que hab\u00eda en la Europa de finales del siglo XVI: entre el norte protestante y el sur cat\u00f3lico sin olvidar la brecha entre la rica y pr\u00f3spera econom\u00eda del oeste y la cruda pobreza del este agrario. Este fue el periodo que presenci\u00f3 el nacimiento de la rep\u00fablica holandesa, la derrota de la Armada Invencible, el rechazo occidental del Imperio otomano, el renacimiento del papado y un calvinismo autoritario. Tambi\u00e9n fue una \u00e9poca de fuertes personalidades pol\u00edticas, de Felipe II y la poderosa Espa\u00f1a de los Habsburgo, de la reina Isabel I y Catalina de M\u00e9dicis, de Enrique IV y Montaigne.<\/p>\n<p>\u00abEl volumen de Elliott es, probablemente, uno de los mejores manuales que jam\u00e1s se han escrito. Estaba basado en un conocimiento extraordinariamente amplio del material publish, tanto de las fuentes como de la literatura secundaria, lo que le permiti\u00f3 al autor anticipar, hasta un punto inusitado, la direcci\u00f3n que iba a tomar la investigaci\u00f3n posterior. La Europa dividida tambi\u00e9n logra transmitir la intensa emoci\u00f3n que se vivi\u00f3 en esas d\u00e9cadas.\u00bb<br \/>\nHistory<\/p>\n<p>\u00abEn conjunto \u00e9ste es un libro fascinante, moldeado desde una perspectiva individual y, al mismo tiempo, fiable en los datos que ofrece. Debe recomendarse a cualquiera que est\u00e9 interesado en la historia del periodo.\u00bb\u00a0<br \/>\nTimes Literary Supplement<\/p>\n","protected":false},"featured_media":3007,"comment_status":"closed","ping_status":"open","template":"","meta":{"_acf_changed":false},"materia_nivel_3":[2566,2558],"subtema_nivel_2":[2561],"tema_nivel_1":[3618],"product_brand":[],"product_cat":[15],"product_tag":[],"product_author":[4063],"product_collection":[],"class_list":{"0":"post-14660","1":"product","2":"type-product","3":"status-publish","4":"has-post-thumbnail","6":"materia_nivel_3-europa","7":"materia_nivel_3-moderna","8":"subtema_nivel_2-historia","9":"tema_nivel_1-historia-de-europa","10":"product_cat-uncategorized","11":"product_author-elliott-john-h","13":"first","14":"instock","15":"purchasable","16":"product-type-simple"},"acf":[],"_links":{"self":[{"href":"https:\/\/dev2.cantalupe.net\/sigloxxi\/wp-json\/wp\/v2\/product\/14660","targetHints":{"allow":["GET"]}}],"collection":[{"href":"https:\/\/dev2.cantalupe.net\/sigloxxi\/wp-json\/wp\/v2\/product"}],"about":[{"href":"https:\/\/dev2.cantalupe.net\/sigloxxi\/wp-json\/wp\/v2\/types\/product"}],"replies":[{"embeddable":true,"href":"https:\/\/dev2.cantalupe.net\/sigloxxi\/wp-json\/wp\/v2\/comments?post=14660"}],"version-history":[{"count":1,"href":"https:\/\/dev2.cantalupe.net\/sigloxxi\/wp-json\/wp\/v2\/product\/14660\/revisions"}],"predecessor-version":[{"id":14661,"href":"https:\/\/dev2.cantalupe.net\/sigloxxi\/wp-json\/wp\/v2\/product\/14660\/revisions\/14661"}],"wp:featuredmedia":[{"embeddable":true,"href":"https:\/\/dev2.cantalupe.net\/sigloxxi\/wp-json\/wp\/v2\/media\/3007"}],"wp:attachment":[{"href":"https:\/\/dev2.cantalupe.net\/sigloxxi\/wp-json\/wp\/v2\/media?parent=14660"}],"wp:term":[{"taxonomy":"materia_nivel_3","embeddable":true,"href":"https:\/\/dev2.cantalupe.net\/sigloxxi\/wp-json\/wp\/v2\/materia_nivel_3?post=14660"},{"taxonomy":"subtema_nivel_2","embeddable":true,"href":"https:\/\/dev2.cantalupe.net\/sigloxxi\/wp-json\/wp\/v2\/subtema_nivel_2?post=14660"},{"taxonomy":"tema_nivel_1","embeddable":true,"href":"https:\/\/dev2.cantalupe.net\/sigloxxi\/wp-json\/wp\/v2\/tema_nivel_1?post=14660"},{"taxonomy":"product_brand","embeddable":true,"href":"https:\/\/dev2.cantalupe.net\/sigloxxi\/wp-json\/wp\/v2\/product_brand?post=14660"},{"taxonomy":"product_cat","embeddable":true,"href":"https:\/\/dev2.cantalupe.net\/sigloxxi\/wp-json\/wp\/v2\/product_cat?post=14660"},{"taxonomy":"product_tag","embeddable":true,"href":"https:\/\/dev2.cantalupe.net\/sigloxxi\/wp-json\/wp\/v2\/product_tag?post=14660"},{"taxonomy":"product_author","embeddable":true,"href":"https:\/\/dev2.cantalupe.net\/sigloxxi\/wp-json\/wp\/v2\/product_author?post=14660"},{"taxonomy":"product_collection","embeddable":true,"href":"https:\/\/dev2.cantalupe.net\/sigloxxi\/wp-json\/wp\/v2\/product_collection?post=14660"}],"curies":[{"name":"wp","href":"https:\/\/api.w.org\/{rel}","templated":true}]}}