{"id":14666,"date":"2025-11-04T14:54:08","date_gmt":"2025-11-04T14:54:08","guid":{"rendered":"https:\/\/dev2.cantalupe.net\/sigloxxi\/libro\/la-europa-remodelada-2\/"},"modified":"2025-11-04T14:54:09","modified_gmt":"2025-11-04T14:54:09","slug":"la-europa-remodelada-2","status":"publish","type":"product","link":"https:\/\/dev2.cantalupe.net\/sigloxxi\/libro\/la-europa-remodelada-2\/","title":{"rendered":"La Europa remodelada"},"content":{"rendered":"<p>Mientras en Francia<br \/>\nNapole\u00f3n III conduce a la restaurada monarqu\u00eda a la rep\u00fablica del Segundo<br \/>\nImperio y Cavour y Garibaldi remodelan el mapa de una Italia unificada,<br \/>\nBismarck, con su Ej\u00e9rcito, domina tanto Alemania como el firmamento europeo. En<br \/>\nlas d\u00e9cadas centrales del siglo xix, Europa<br \/>\nexperimenta uno de los periodos m\u00e1s convulsos de su historia en el que el nuevo impulso revolucionario pierde<br \/>\nfuerza frente a los vestigios del Antiguo R\u00e9gimen. Sofocadas las revoluciones<br \/>\npopulares de 1848, se inicia una etapa de reformas autoritarias impuestas desde<br \/>\nlos estratos m\u00e1s altos de la sociedad que buscaron reavivar y reforzar los<br \/>\nviejos sistemas de gobierno; a la postre, esas reformas acabaron por alimentar<br \/>\nel esp\u00edritu nacionalista. La modernizaci\u00f3n europea tuvo que esperar hasta el<br \/>\nsiglo xx para cambiar el mundo.J. A. S. Grenville, renombrado historiador de la Europa contempor\u00e1nea,<br \/>\nexamina en el presente libro los movimientos sociales y sus conflictos desde<br \/>\nuna perspectiva tanto europea como nacional. Adem\u00e1s de este enfoque<br \/>\nsociohist\u00f3rico, el autor tambi\u00e9n realiza un retrato riguroso y fascinante de<br \/>\nlos protagonistas de los eventos que alteraron Europa, desgranando sus ideas y<br \/>\nambiciones<\/p>\n","protected":false},"excerpt":{"rendered":"<p>Mientras en Francia<br \/>\nNapole\u00f3n III conduce a la restaurada monarqu\u00eda a la rep\u00fablica del Segundo<br \/>\nImperio y Cavour y Garibaldi remodelan el mapa de una Italia unificada,<br \/>\nBismarck, con su Ej\u00e9rcito, domina tanto Alemania como el firmamento europeo. En<br \/>\nlas d\u00e9cadas centrales del siglo xix, Europa<br \/>\nexperimenta uno de los periodos m\u00e1s convulsos de su historia en el que el nuevo impulso revolucionario pierde<br \/>\nfuerza frente a los vestigios del Antiguo R\u00e9gimen. Sofocadas las revoluciones<br \/>\npopulares de 1848, se inicia una etapa de reformas autoritarias impuestas desde<br \/>\nlos estratos m\u00e1s altos de la sociedad que buscaron reavivar y reforzar los<br \/>\nviejos sistemas de gobierno; a la postre, esas reformas acabaron por alimentar<br \/>\nel esp\u00edritu nacionalista. La modernizaci\u00f3n europea tuvo que esperar hasta el<br \/>\nsiglo xx para cambiar el mundo.J. A. S. Grenville, renombrado historiador de la Europa contempor\u00e1nea,<br \/>\nexamina en el presente libro los movimientos sociales y sus conflictos desde<br \/>\nuna perspectiva tanto europea como nacional. Adem\u00e1s de este enfoque<br \/>\nsociohist\u00f3rico, el autor tambi\u00e9n realiza un retrato riguroso y fascinante de<br \/>\nlos protagonistas de los eventos que alteraron Europa, desgranando sus ideas y<br \/>\nambiciones<\/p>\n","protected":false},"featured_media":3012,"comment_status":"closed","ping_status":"open","template":"","meta":{"_acf_changed":false},"materia_nivel_3":[2565,2566],"subtema_nivel_2":[2561],"tema_nivel_1":[3618],"product_brand":[],"product_cat":[15],"product_tag":[],"product_author":[4064],"product_collection":[],"class_list":{"0":"post-14666","1":"product","2":"type-product","3":"status-publish","4":"has-post-thumbnail","6":"materia_nivel_3-contemporanea","7":"materia_nivel_3-europa","8":"subtema_nivel_2-historia","9":"tema_nivel_1-historia-de-europa","10":"product_cat-uncategorized","11":"product_author-grenville-j-a-s","13":"first","14":"instock","15":"purchasable","16":"product-type-simple"},"acf":[],"_links":{"self":[{"href":"https:\/\/dev2.cantalupe.net\/sigloxxi\/wp-json\/wp\/v2\/product\/14666","targetHints":{"allow":["GET"]}}],"collection":[{"href":"https:\/\/dev2.cantalupe.net\/sigloxxi\/wp-json\/wp\/v2\/product"}],"about":[{"href":"https:\/\/dev2.cantalupe.net\/sigloxxi\/wp-json\/wp\/v2\/types\/product"}],"replies":[{"embeddable":true,"href":"https:\/\/dev2.cantalupe.net\/sigloxxi\/wp-json\/wp\/v2\/comments?post=14666"}],"version-history":[{"count":1,"href":"https:\/\/dev2.cantalupe.net\/sigloxxi\/wp-json\/wp\/v2\/product\/14666\/revisions"}],"predecessor-version":[{"id":14667,"href":"https:\/\/dev2.cantalupe.net\/sigloxxi\/wp-json\/wp\/v2\/product\/14666\/revisions\/14667"}],"wp:featuredmedia":[{"embeddable":true,"href":"https:\/\/dev2.cantalupe.net\/sigloxxi\/wp-json\/wp\/v2\/media\/3012"}],"wp:attachment":[{"href":"https:\/\/dev2.cantalupe.net\/sigloxxi\/wp-json\/wp\/v2\/media?parent=14666"}],"wp:term":[{"taxonomy":"materia_nivel_3","embeddable":true,"href":"https:\/\/dev2.cantalupe.net\/sigloxxi\/wp-json\/wp\/v2\/materia_nivel_3?post=14666"},{"taxonomy":"subtema_nivel_2","embeddable":true,"href":"https:\/\/dev2.cantalupe.net\/sigloxxi\/wp-json\/wp\/v2\/subtema_nivel_2?post=14666"},{"taxonomy":"tema_nivel_1","embeddable":true,"href":"https:\/\/dev2.cantalupe.net\/sigloxxi\/wp-json\/wp\/v2\/tema_nivel_1?post=14666"},{"taxonomy":"product_brand","embeddable":true,"href":"https:\/\/dev2.cantalupe.net\/sigloxxi\/wp-json\/wp\/v2\/product_brand?post=14666"},{"taxonomy":"product_cat","embeddable":true,"href":"https:\/\/dev2.cantalupe.net\/sigloxxi\/wp-json\/wp\/v2\/product_cat?post=14666"},{"taxonomy":"product_tag","embeddable":true,"href":"https:\/\/dev2.cantalupe.net\/sigloxxi\/wp-json\/wp\/v2\/product_tag?post=14666"},{"taxonomy":"product_author","embeddable":true,"href":"https:\/\/dev2.cantalupe.net\/sigloxxi\/wp-json\/wp\/v2\/product_author?post=14666"},{"taxonomy":"product_collection","embeddable":true,"href":"https:\/\/dev2.cantalupe.net\/sigloxxi\/wp-json\/wp\/v2\/product_collection?post=14666"}],"curies":[{"name":"wp","href":"https:\/\/api.w.org\/{rel}","templated":true}]}}