{"id":14690,"date":"2025-11-04T14:54:11","date_gmt":"2025-11-04T14:54:11","guid":{"rendered":"https:\/\/dev2.cantalupe.net\/sigloxxi\/libro\/la-federalizacion-de-espana\/"},"modified":"2025-11-04T14:54:11","modified_gmt":"2025-11-04T14:54:11","slug":"la-federalizacion-de-espana","status":"publish","type":"product","link":"https:\/\/dev2.cantalupe.net\/sigloxxi\/libro\/la-federalizacion-de-espana\/","title":{"rendered":"La federalizaci\u00f3n de Espa\u00f1a"},"content":{"rendered":"<p>Cubierta posterior: Espa\u00f1a es un pa\u00eds con textura federal. Su historia y composici\u00f3n social hacen del caso espa\u00f1ol un tipo ideal para la federalizaci\u00f3n del Estado de las Autonom\u00edas. En la sustanciaci\u00f3n de dichos asertos se concentra el empe\u00f1o fundamental del presente libro. Espa\u00f1a, como naci\u00f3n de naciones, ha estado sujeta a una rivalidad interna que ha aportado incentivos a su dinamismo civilizador y a su genio creativo. Su cohesi\u00f3n social y cultural est\u00e1 en su unidad, la cual no oculta oposiciones intr\u00ednsecas. Ni siquiera los largos per\u00edodos de autoritarismo han conseguido los prop\u00f3sitos de homogeneizaci\u00f3n y sometimiento al patr\u00f3n de una Espa\u00f1a exclusiva y excluyente. Con harta frecuencia los separadores han alimentado el separatismo y la disgregaci\u00f3n.<\/p>\n","protected":false},"excerpt":{"rendered":"<p>Cubierta posterior: Espa\u00f1a es un pa\u00eds con textura federal. Su historia y composici\u00f3n social hacen del caso espa\u00f1ol un tipo ideal para la federalizaci\u00f3n del Estado de las Autonom\u00edas. En la sustanciaci\u00f3n de dichos asertos se concentra el empe\u00f1o fundamental del presente libro. Espa\u00f1a, como naci\u00f3n de naciones, ha estado sujeta a una rivalidad interna que ha aportado incentivos a su dinamismo civilizador y a su genio creativo. Su cohesi\u00f3n social y cultural est\u00e1 en su unidad, la cual no oculta oposiciones intr\u00ednsecas. Ni siquiera los largos per\u00edodos de autoritarismo han conseguido los prop\u00f3sitos de homogeneizaci\u00f3n y sometimiento al patr\u00f3n de una Espa\u00f1a exclusiva y excluyente. Con harta frecuencia los separadores han alimentado el separatismo y la disgregaci\u00f3n.<\/p>\n","protected":false},"featured_media":3034,"comment_status":"closed","ping_status":"open","template":"","meta":{"_acf_changed":false},"materia_nivel_3":[],"subtema_nivel_2":[2576],"tema_nivel_1":[2570],"product_brand":[],"product_cat":[15],"product_tag":[],"product_author":[4068],"product_collection":[],"class_list":{"0":"post-14690","1":"product","2":"type-product","3":"status-publish","4":"has-post-thumbnail","6":"subtema_nivel_2-politica","7":"tema_nivel_1-ciencias-sociales","8":"product_cat-uncategorized","9":"product_author-moreno-fernandez-luis","11":"first","12":"instock","13":"purchasable","14":"product-type-simple"},"acf":[],"_links":{"self":[{"href":"https:\/\/dev2.cantalupe.net\/sigloxxi\/wp-json\/wp\/v2\/product\/14690","targetHints":{"allow":["GET"]}}],"collection":[{"href":"https:\/\/dev2.cantalupe.net\/sigloxxi\/wp-json\/wp\/v2\/product"}],"about":[{"href":"https:\/\/dev2.cantalupe.net\/sigloxxi\/wp-json\/wp\/v2\/types\/product"}],"replies":[{"embeddable":true,"href":"https:\/\/dev2.cantalupe.net\/sigloxxi\/wp-json\/wp\/v2\/comments?post=14690"}],"version-history":[{"count":1,"href":"https:\/\/dev2.cantalupe.net\/sigloxxi\/wp-json\/wp\/v2\/product\/14690\/revisions"}],"predecessor-version":[{"id":14691,"href":"https:\/\/dev2.cantalupe.net\/sigloxxi\/wp-json\/wp\/v2\/product\/14690\/revisions\/14691"}],"wp:featuredmedia":[{"embeddable":true,"href":"https:\/\/dev2.cantalupe.net\/sigloxxi\/wp-json\/wp\/v2\/media\/3034"}],"wp:attachment":[{"href":"https:\/\/dev2.cantalupe.net\/sigloxxi\/wp-json\/wp\/v2\/media?parent=14690"}],"wp:term":[{"taxonomy":"materia_nivel_3","embeddable":true,"href":"https:\/\/dev2.cantalupe.net\/sigloxxi\/wp-json\/wp\/v2\/materia_nivel_3?post=14690"},{"taxonomy":"subtema_nivel_2","embeddable":true,"href":"https:\/\/dev2.cantalupe.net\/sigloxxi\/wp-json\/wp\/v2\/subtema_nivel_2?post=14690"},{"taxonomy":"tema_nivel_1","embeddable":true,"href":"https:\/\/dev2.cantalupe.net\/sigloxxi\/wp-json\/wp\/v2\/tema_nivel_1?post=14690"},{"taxonomy":"product_brand","embeddable":true,"href":"https:\/\/dev2.cantalupe.net\/sigloxxi\/wp-json\/wp\/v2\/product_brand?post=14690"},{"taxonomy":"product_cat","embeddable":true,"href":"https:\/\/dev2.cantalupe.net\/sigloxxi\/wp-json\/wp\/v2\/product_cat?post=14690"},{"taxonomy":"product_tag","embeddable":true,"href":"https:\/\/dev2.cantalupe.net\/sigloxxi\/wp-json\/wp\/v2\/product_tag?post=14690"},{"taxonomy":"product_author","embeddable":true,"href":"https:\/\/dev2.cantalupe.net\/sigloxxi\/wp-json\/wp\/v2\/product_author?post=14690"},{"taxonomy":"product_collection","embeddable":true,"href":"https:\/\/dev2.cantalupe.net\/sigloxxi\/wp-json\/wp\/v2\/product_collection?post=14690"}],"curies":[{"name":"wp","href":"https:\/\/api.w.org\/{rel}","templated":true}]}}