{"id":14724,"date":"2025-11-04T14:54:17","date_gmt":"2025-11-04T14:54:17","guid":{"rendered":"https:\/\/dev2.cantalupe.net\/sigloxxi\/libro\/la-guerra-de-la-independencia-en-espana-1808-1814\/"},"modified":"2025-11-04T14:54:17","modified_gmt":"2025-11-04T14:54:17","slug":"la-guerra-de-la-independencia-en-espana-1808-1814","status":"publish","type":"product","link":"https:\/\/dev2.cantalupe.net\/sigloxxi\/libro\/la-guerra-de-la-independencia-en-espana-1808-1814\/","title":{"rendered":"La Guerra de la Independencia en Espa\u00f1a (1808-1814)"},"content":{"rendered":"<p>\u00abA m\u00ed lo que me interesa es la realidad humana, y para m\u00ed la guerra de la Independencia no es una guerra a la antigua en la que se enfrentan dos ej\u00e9rcitos, sino un conflicto en el que aparece un fen\u00f3meno nuevo: el ej\u00e9rcito del pueblo que se manifiesta en la guerrilla.\u00bb Entrevista al autor en El Peri\u00f3dico de Arag\u00f3nLa Guerra de la Independencia en Espa\u00f1a (1808-1814) analiza las m\u00faltiples reacciones de un pueblo agredido. El autor pone el acento sobre el car\u00e1cter popular de la lucha y muestra c\u00f3mo los espa\u00f1oles, seg\u00fan su condici\u00f3n la sufren, la dirigen o la desv\u00edan en su beneficio. La Guerra de la Independencia se presenta como un lugar de encuentro ocasional del campesino en armas el guerrillero del poeta y del artista atentos a los acontecimientos, del eclesi\u00e1stico que anima una cruzada contra el franc\u00e9s ateo, del burgu\u00e9s favorable ala instauraci\u00f3n de un r\u00e9gimen liberal.Al abrigo de la rebeli\u00f3n triunfante, Espa\u00f1a realiza en C\u00e1diz su primera revoluci\u00f3n burguesa, que tendr\u00e1 en Europa unas repercusiones insospechadas y en la pen\u00ednsula un desenlace funesto: el restablecimiento del absolutismo, que llev\u00f3 al pa\u00eds al estancamiento. Aymes considera la guerra como tal, no como un simple hecho b\u00e9lico sino como los a\u00f1os durante los cuales se produce el despertar general de un pueblo que cambia totalmente sus coordenadas enmarc\u00e1ndolas, a partir de ese momento, en la \u00e9poca contempor\u00e1nea.El autor da una visi\u00f3n global de la Guerra de la Independencia dentro del contexto din\u00e1mico, de lucha y de reacci\u00f3n acalorada y perturbadora en el que tuvo lugar. Trata con amenidad las l\u00edneas directrices de la guerra, as\u00ed como el cuadro trastocado y el panorama social profundamente perturbado que dej\u00f3 tras de s\u00ed. En esta nueva edici\u00f3n se mantienen el texto de la primera (de 1975) y la casi totalidad de la bibliograf\u00eda primitiva. Pero \u00e9sta se ha completado ampliamente y puesto al d\u00eda, atestiguando la extraordinaria proliferaci\u00f3n, durante los \u00faltimos decenios y muy recientemente, de los estudios suscitados por aquel conflicto iniciado hace exactamente dos siglos.<\/p>\n","protected":false},"excerpt":{"rendered":"<p>\u00abA m\u00ed lo que me interesa es la realidad humana, y para m\u00ed la guerra de la Independencia no es una guerra a la antigua en la que se enfrentan dos ej\u00e9rcitos, sino un conflicto en el que aparece un fen\u00f3meno nuevo: el ej\u00e9rcito del pueblo que se manifiesta en la guerrilla.\u00bb Entrevista al autor en El Peri\u00f3dico de Arag\u00f3nLa Guerra de la Independencia en Espa\u00f1a (1808-1814) analiza las m\u00faltiples reacciones de un pueblo agredido. El autor pone el acento sobre el car\u00e1cter popular de la lucha y muestra c\u00f3mo los espa\u00f1oles, seg\u00fan su condici\u00f3n la sufren, la dirigen o la desv\u00edan en su beneficio. La Guerra de la Independencia se presenta como un lugar de encuentro ocasional del campesino en armas el guerrillero del poeta y del artista atentos a los acontecimientos, del eclesi\u00e1stico que anima una cruzada contra el franc\u00e9s ateo, del burgu\u00e9s favorable ala instauraci\u00f3n de un r\u00e9gimen liberal.Al abrigo de la rebeli\u00f3n triunfante, Espa\u00f1a realiza en C\u00e1diz su primera revoluci\u00f3n burguesa, que tendr\u00e1 en Europa unas repercusiones insospechadas y en la pen\u00ednsula un desenlace funesto: el restablecimiento del absolutismo, que llev\u00f3 al pa\u00eds al estancamiento. Aymes considera la guerra como tal, no como un simple hecho b\u00e9lico sino como los a\u00f1os durante los cuales se produce el despertar general de un pueblo que cambia totalmente sus coordenadas enmarc\u00e1ndolas, a partir de ese momento, en la \u00e9poca contempor\u00e1nea.El autor da una visi\u00f3n global de la Guerra de la Independencia dentro del contexto din\u00e1mico, de lucha y de reacci\u00f3n acalorada y perturbadora en el que tuvo lugar. Trata con amenidad las l\u00edneas directrices de la guerra, as\u00ed como el cuadro trastocado y el panorama social profundamente perturbado que dej\u00f3 tras de s\u00ed. En esta nueva edici\u00f3n se mantienen el texto de la primera (de 1975) y la casi totalidad de la bibliograf\u00eda primitiva. Pero \u00e9sta se ha completado ampliamente y puesto al d\u00eda, atestiguando la extraordinaria proliferaci\u00f3n, durante los \u00faltimos decenios y muy recientemente, de los estudios suscitados por aquel conflicto iniciado hace exactamente dos siglos.<\/p>\n","protected":false},"featured_media":3066,"comment_status":"closed","ping_status":"open","template":"","meta":{"_acf_changed":false},"materia_nivel_3":[2565,2559],"subtema_nivel_2":[],"tema_nivel_1":[2567],"product_brand":[],"product_cat":[15],"product_tag":[],"product_author":[4078],"product_collection":[],"class_list":{"0":"post-14724","1":"product","2":"type-product","3":"status-publish","4":"has-post-thumbnail","6":"materia_nivel_3-contemporanea","7":"materia_nivel_3-espana","8":"tema_nivel_1-historia","9":"product_cat-uncategorized","10":"product_author-aymes-jean-rene","12":"first","13":"instock","14":"purchasable","15":"product-type-simple"},"acf":[],"_links":{"self":[{"href":"https:\/\/dev2.cantalupe.net\/sigloxxi\/wp-json\/wp\/v2\/product\/14724","targetHints":{"allow":["GET"]}}],"collection":[{"href":"https:\/\/dev2.cantalupe.net\/sigloxxi\/wp-json\/wp\/v2\/product"}],"about":[{"href":"https:\/\/dev2.cantalupe.net\/sigloxxi\/wp-json\/wp\/v2\/types\/product"}],"replies":[{"embeddable":true,"href":"https:\/\/dev2.cantalupe.net\/sigloxxi\/wp-json\/wp\/v2\/comments?post=14724"}],"version-history":[{"count":1,"href":"https:\/\/dev2.cantalupe.net\/sigloxxi\/wp-json\/wp\/v2\/product\/14724\/revisions"}],"predecessor-version":[{"id":14725,"href":"https:\/\/dev2.cantalupe.net\/sigloxxi\/wp-json\/wp\/v2\/product\/14724\/revisions\/14725"}],"wp:featuredmedia":[{"embeddable":true,"href":"https:\/\/dev2.cantalupe.net\/sigloxxi\/wp-json\/wp\/v2\/media\/3066"}],"wp:attachment":[{"href":"https:\/\/dev2.cantalupe.net\/sigloxxi\/wp-json\/wp\/v2\/media?parent=14724"}],"wp:term":[{"taxonomy":"materia_nivel_3","embeddable":true,"href":"https:\/\/dev2.cantalupe.net\/sigloxxi\/wp-json\/wp\/v2\/materia_nivel_3?post=14724"},{"taxonomy":"subtema_nivel_2","embeddable":true,"href":"https:\/\/dev2.cantalupe.net\/sigloxxi\/wp-json\/wp\/v2\/subtema_nivel_2?post=14724"},{"taxonomy":"tema_nivel_1","embeddable":true,"href":"https:\/\/dev2.cantalupe.net\/sigloxxi\/wp-json\/wp\/v2\/tema_nivel_1?post=14724"},{"taxonomy":"product_brand","embeddable":true,"href":"https:\/\/dev2.cantalupe.net\/sigloxxi\/wp-json\/wp\/v2\/product_brand?post=14724"},{"taxonomy":"product_cat","embeddable":true,"href":"https:\/\/dev2.cantalupe.net\/sigloxxi\/wp-json\/wp\/v2\/product_cat?post=14724"},{"taxonomy":"product_tag","embeddable":true,"href":"https:\/\/dev2.cantalupe.net\/sigloxxi\/wp-json\/wp\/v2\/product_tag?post=14724"},{"taxonomy":"product_author","embeddable":true,"href":"https:\/\/dev2.cantalupe.net\/sigloxxi\/wp-json\/wp\/v2\/product_author?post=14724"},{"taxonomy":"product_collection","embeddable":true,"href":"https:\/\/dev2.cantalupe.net\/sigloxxi\/wp-json\/wp\/v2\/product_collection?post=14724"}],"curies":[{"name":"wp","href":"https:\/\/api.w.org\/{rel}","templated":true}]}}