{"id":14732,"date":"2025-11-04T14:54:17","date_gmt":"2025-11-04T14:54:17","guid":{"rendered":"https:\/\/dev2.cantalupe.net\/sigloxxi\/libro\/la-guerrilla-antifranquista-en-leon-1936-1951\/"},"modified":"2025-11-04T14:54:18","modified_gmt":"2025-11-04T14:54:18","slug":"la-guerrilla-antifranquista-en-leon-1936-1951","status":"publish","type":"product","link":"https:\/\/dev2.cantalupe.net\/sigloxxi\/libro\/la-guerrilla-antifranquista-en-leon-1936-1951\/","title":{"rendered":"La guerrilla antifranquista en Le\u00f3n (1936-1951)"},"content":{"rendered":"<p>&#8220;La resistencia armada es, indiscutiblemente, uno de los apartados de la \u00e9poca franquista que la historiograf\u00eda m\u00e1s rigurosa ha obviado de modo sistem\u00e1tico. La dificultad para acceder a unas bases documentales solventes y las adherencias extrahist\u00f3ricas del tema han propiciado una bibliograf\u00eda sesgada que ha impedido el conocimiento de una parte sustancial de nuestra \u00faltima historia. En el presente libro, que combina el an\u00e1lisis riguroso con la descripci\u00f3n de la trayectoria de unos hombres con identidad propia, se intenta romper con esa din\u00e1mica mixtificadora. La utilizaci\u00f3n de materiales in\u00e9ditos y una s\u00f3lida documentaci\u00f3n han permitido reconstruir la historia de la guerrilla leonesa sin recurrir al discurso narrativo habitual en estos temas. El n\u00facleo central de este texto se refiere y concreta en la g\u00e9nesis, desarrollo y disoluci\u00f3n de la Federaci\u00f3n de Guerrillas de Le\u00f3n-Galicia, la primera organizaci\u00f3n armada que surgi\u00f3 en Espa\u00f1a tras la derrota del Ej\u00e9rcito Popular de la Rep\u00fablica. El estudio de las ideolog\u00edas pol\u00edticas, mentalidades del contexto sociohist\u00f3rico no ha orillado, sin embargo, el relato pormenorizado de unos hombres que, hero\u00edsmos y miserias al margen, constituyeron la oposici\u00f3n m\u00e1s seria al r\u00e9gimen franquista. . Este trabajo de Secundino Serrano pone de manifiesto, adem\u00e1s., una serie de t\u00f3picos sobre la guerrilla, Los m\u00e1s conocidos: la presunta exclusividad de los comunistas en la lucha armada, la condici\u00f3n bandoleril de los hombres del monte, etc. Como se escribe en la introducci\u00f3n: &#8220;&#8221;Sabido es que la historias siempre la escriben los vencedores, y que pasar de h\u00e9roes a bandidos no es en muchos casos sino una cuesti\u00f3n de estrategia militar. Labor de historiadores es acabar con esa tendencia, que confunde la realidad pol\u00edtica con los an\u00e1lisis retrospectivos. &#8220;<\/p>\n","protected":false},"excerpt":{"rendered":"<p>&#8220;La resistencia armada es, indiscutiblemente, uno de los apartados de la \u00e9poca franquista que la historiograf\u00eda m\u00e1s rigurosa ha obviado de modo sistem\u00e1tico. La dificultad para acceder a unas bases documentales solventes y las adherencias extrahist\u00f3ricas del tema han propiciado una bibliograf\u00eda sesgada que ha impedido el conocimiento de una parte sustancial de nuestra \u00faltima historia. En el presente libro, que combina el an\u00e1lisis riguroso con la descripci\u00f3n de la trayectoria de unos hombres con identidad propia, se intenta romper con esa din\u00e1mica mixtificadora. La utilizaci\u00f3n de materiales in\u00e9ditos y una s\u00f3lida documentaci\u00f3n han permitido reconstruir la historia de la guerrilla leonesa sin recurrir al discurso narrativo habitual en estos temas. El n\u00facleo central de este texto se refiere y concreta en la g\u00e9nesis, desarrollo y disoluci\u00f3n de la Federaci\u00f3n de Guerrillas de Le\u00f3n-Galicia, la primera organizaci\u00f3n armada que surgi\u00f3 en Espa\u00f1a tras la derrota del Ej\u00e9rcito Popular de la Rep\u00fablica. El estudio de las ideolog\u00edas pol\u00edticas, mentalidades del contexto sociohist\u00f3rico no ha orillado, sin embargo, el relato pormenorizado de unos hombres que, hero\u00edsmos y miserias al margen, constituyeron la oposici\u00f3n m\u00e1s seria al r\u00e9gimen franquista. . Este trabajo de Secundino Serrano pone de manifiesto, adem\u00e1s., una serie de t\u00f3picos sobre la guerrilla, Los m\u00e1s conocidos: la presunta exclusividad de los comunistas en la lucha armada, la condici\u00f3n bandoleril de los hombres del monte, etc. Como se escribe en la introducci\u00f3n: &#8220;&#8221;Sabido es que la historias siempre la escriben los vencedores, y que pasar de h\u00e9roes a bandidos no es en muchos casos sino una cuesti\u00f3n de estrategia militar. Labor de historiadores es acabar con esa tendencia, que confunde la realidad pol\u00edtica con los an\u00e1lisis retrospectivos. &#8220;<\/p>\n","protected":false},"featured_media":3073,"comment_status":"closed","ping_status":"open","template":"","meta":{"_acf_changed":false},"materia_nivel_3":[2565,2559],"subtema_nivel_2":[],"tema_nivel_1":[2567],"product_brand":[],"product_cat":[15],"product_tag":[],"product_author":[4080],"product_collection":[],"class_list":{"0":"post-14732","1":"product","2":"type-product","3":"status-publish","4":"has-post-thumbnail","6":"materia_nivel_3-contemporanea","7":"materia_nivel_3-espana","8":"tema_nivel_1-historia","9":"product_cat-uncategorized","10":"product_author-serrano-secundino","12":"first","13":"instock","14":"purchasable","15":"product-type-simple"},"acf":[],"_links":{"self":[{"href":"https:\/\/dev2.cantalupe.net\/sigloxxi\/wp-json\/wp\/v2\/product\/14732","targetHints":{"allow":["GET"]}}],"collection":[{"href":"https:\/\/dev2.cantalupe.net\/sigloxxi\/wp-json\/wp\/v2\/product"}],"about":[{"href":"https:\/\/dev2.cantalupe.net\/sigloxxi\/wp-json\/wp\/v2\/types\/product"}],"replies":[{"embeddable":true,"href":"https:\/\/dev2.cantalupe.net\/sigloxxi\/wp-json\/wp\/v2\/comments?post=14732"}],"version-history":[{"count":1,"href":"https:\/\/dev2.cantalupe.net\/sigloxxi\/wp-json\/wp\/v2\/product\/14732\/revisions"}],"predecessor-version":[{"id":14733,"href":"https:\/\/dev2.cantalupe.net\/sigloxxi\/wp-json\/wp\/v2\/product\/14732\/revisions\/14733"}],"wp:featuredmedia":[{"embeddable":true,"href":"https:\/\/dev2.cantalupe.net\/sigloxxi\/wp-json\/wp\/v2\/media\/3073"}],"wp:attachment":[{"href":"https:\/\/dev2.cantalupe.net\/sigloxxi\/wp-json\/wp\/v2\/media?parent=14732"}],"wp:term":[{"taxonomy":"materia_nivel_3","embeddable":true,"href":"https:\/\/dev2.cantalupe.net\/sigloxxi\/wp-json\/wp\/v2\/materia_nivel_3?post=14732"},{"taxonomy":"subtema_nivel_2","embeddable":true,"href":"https:\/\/dev2.cantalupe.net\/sigloxxi\/wp-json\/wp\/v2\/subtema_nivel_2?post=14732"},{"taxonomy":"tema_nivel_1","embeddable":true,"href":"https:\/\/dev2.cantalupe.net\/sigloxxi\/wp-json\/wp\/v2\/tema_nivel_1?post=14732"},{"taxonomy":"product_brand","embeddable":true,"href":"https:\/\/dev2.cantalupe.net\/sigloxxi\/wp-json\/wp\/v2\/product_brand?post=14732"},{"taxonomy":"product_cat","embeddable":true,"href":"https:\/\/dev2.cantalupe.net\/sigloxxi\/wp-json\/wp\/v2\/product_cat?post=14732"},{"taxonomy":"product_tag","embeddable":true,"href":"https:\/\/dev2.cantalupe.net\/sigloxxi\/wp-json\/wp\/v2\/product_tag?post=14732"},{"taxonomy":"product_author","embeddable":true,"href":"https:\/\/dev2.cantalupe.net\/sigloxxi\/wp-json\/wp\/v2\/product_author?post=14732"},{"taxonomy":"product_collection","embeddable":true,"href":"https:\/\/dev2.cantalupe.net\/sigloxxi\/wp-json\/wp\/v2\/product_collection?post=14732"}],"curies":[{"name":"wp","href":"https:\/\/api.w.org\/{rel}","templated":true}]}}