{"id":14754,"date":"2025-11-04T14:54:17","date_gmt":"2025-11-04T14:54:17","guid":{"rendered":"https:\/\/dev2.cantalupe.net\/sigloxxi\/libro\/la-ii-republica-vol-2\/"},"modified":"2025-11-04T14:54:19","modified_gmt":"2025-11-04T14:54:19","slug":"la-ii-republica-vol-2","status":"publish","type":"product","link":"https:\/\/dev2.cantalupe.net\/sigloxxi\/libro\/la-ii-republica-vol-2\/","title":{"rendered":"La II Rep\u00fablica. Vol. 2"},"content":{"rendered":"<p>La II Rep\u00fablica (dos vols.) constituye un intento de revivir y repensar una coyuntura hist\u00f3rica determinante en la historia contempor\u00e1nea de Espa\u00f1a: la de los a\u00f1os 1930 a 1936. Tu\u00f1\u00f3n de Lara parte de un examen de la estructura espa\u00f1ola al final de los a\u00f1os veinte sobre la que va a incidir la conflictiva coyuntura de los a\u00f1os republicanos. Estudia las articulaciones existentes entre los niveles econ\u00f3mico, socio-institucional y pol\u00edtico, concedi\u00e9ndole particular importancia al papel de las diversas clases sociales y de los partidos pol\u00edticos, organizaciones sindicales, grupos de presi\u00f3n, etc., en torno a los pol\u00e9micos temas del poder econ\u00f3mico y del poder pol\u00edtico.<\/p>\n","protected":false},"excerpt":{"rendered":"<p>La II Rep\u00fablica (dos vols.) constituye un intento de revivir y repensar una coyuntura hist\u00f3rica determinante en la historia contempor\u00e1nea de Espa\u00f1a: la de los a\u00f1os 1930 a 1936. Tu\u00f1\u00f3n de Lara parte de un examen de la estructura espa\u00f1ola al final de los a\u00f1os veinte sobre la que va a incidir la conflictiva coyuntura de los a\u00f1os republicanos. Estudia las articulaciones existentes entre los niveles econ\u00f3mico, socio-institucional y pol\u00edtico, concedi\u00e9ndole particular importancia al papel de las diversas clases sociales y de los partidos pol\u00edticos, organizaciones sindicales, grupos de presi\u00f3n, etc., en torno a los pol\u00e9micos temas del poder econ\u00f3mico y del poder pol\u00edtico.<\/p>\n","protected":false},"featured_media":3095,"comment_status":"closed","ping_status":"open","template":"","meta":{"_acf_changed":false},"materia_nivel_3":[2565,2559],"subtema_nivel_2":[],"tema_nivel_1":[2567],"product_brand":[],"product_cat":[15],"product_tag":[],"product_author":[3774],"product_collection":[],"class_list":{"0":"post-14754","1":"product","2":"type-product","3":"status-publish","4":"has-post-thumbnail","6":"materia_nivel_3-contemporanea","7":"materia_nivel_3-espana","8":"tema_nivel_1-historia","9":"product_cat-uncategorized","10":"product_author-tunon-de-lara-manuel","12":"first","13":"instock","14":"purchasable","15":"product-type-simple"},"acf":[],"_links":{"self":[{"href":"https:\/\/dev2.cantalupe.net\/sigloxxi\/wp-json\/wp\/v2\/product\/14754","targetHints":{"allow":["GET"]}}],"collection":[{"href":"https:\/\/dev2.cantalupe.net\/sigloxxi\/wp-json\/wp\/v2\/product"}],"about":[{"href":"https:\/\/dev2.cantalupe.net\/sigloxxi\/wp-json\/wp\/v2\/types\/product"}],"replies":[{"embeddable":true,"href":"https:\/\/dev2.cantalupe.net\/sigloxxi\/wp-json\/wp\/v2\/comments?post=14754"}],"version-history":[{"count":1,"href":"https:\/\/dev2.cantalupe.net\/sigloxxi\/wp-json\/wp\/v2\/product\/14754\/revisions"}],"predecessor-version":[{"id":14755,"href":"https:\/\/dev2.cantalupe.net\/sigloxxi\/wp-json\/wp\/v2\/product\/14754\/revisions\/14755"}],"wp:featuredmedia":[{"embeddable":true,"href":"https:\/\/dev2.cantalupe.net\/sigloxxi\/wp-json\/wp\/v2\/media\/3095"}],"wp:attachment":[{"href":"https:\/\/dev2.cantalupe.net\/sigloxxi\/wp-json\/wp\/v2\/media?parent=14754"}],"wp:term":[{"taxonomy":"materia_nivel_3","embeddable":true,"href":"https:\/\/dev2.cantalupe.net\/sigloxxi\/wp-json\/wp\/v2\/materia_nivel_3?post=14754"},{"taxonomy":"subtema_nivel_2","embeddable":true,"href":"https:\/\/dev2.cantalupe.net\/sigloxxi\/wp-json\/wp\/v2\/subtema_nivel_2?post=14754"},{"taxonomy":"tema_nivel_1","embeddable":true,"href":"https:\/\/dev2.cantalupe.net\/sigloxxi\/wp-json\/wp\/v2\/tema_nivel_1?post=14754"},{"taxonomy":"product_brand","embeddable":true,"href":"https:\/\/dev2.cantalupe.net\/sigloxxi\/wp-json\/wp\/v2\/product_brand?post=14754"},{"taxonomy":"product_cat","embeddable":true,"href":"https:\/\/dev2.cantalupe.net\/sigloxxi\/wp-json\/wp\/v2\/product_cat?post=14754"},{"taxonomy":"product_tag","embeddable":true,"href":"https:\/\/dev2.cantalupe.net\/sigloxxi\/wp-json\/wp\/v2\/product_tag?post=14754"},{"taxonomy":"product_author","embeddable":true,"href":"https:\/\/dev2.cantalupe.net\/sigloxxi\/wp-json\/wp\/v2\/product_author?post=14754"},{"taxonomy":"product_collection","embeddable":true,"href":"https:\/\/dev2.cantalupe.net\/sigloxxi\/wp-json\/wp\/v2\/product_collection?post=14754"}],"curies":[{"name":"wp","href":"https:\/\/api.w.org\/{rel}","templated":true}]}}