{"id":14762,"date":"2025-11-04T14:54:20","date_gmt":"2025-11-04T14:54:20","guid":{"rendered":"https:\/\/dev2.cantalupe.net\/sigloxxi\/libro\/la-imaginacion-socialista\/"},"modified":"2025-11-04T14:54:20","modified_gmt":"2025-11-04T14:54:20","slug":"la-imaginacion-socialista","status":"publish","type":"product","link":"https:\/\/dev2.cantalupe.net\/sigloxxi\/libro\/la-imaginacion-socialista\/","title":{"rendered":"La imaginaci\u00f3n socialista"},"content":{"rendered":"<p>La tradici\u00f3n socialista presenta los rasgos propios de un ciclo hist\u00f3rico cerrado. A lo largo del siglo XIX el socialismo exhibe el perfil de una tradici\u00f3n intelectual en la edad de la fuerza: se conforma un imaginario plet\u00f3rico, caracterizado por su empuje juvenil, ilusionado, visionario y confiado, que derrocha creatividad y una asombrosa ambici\u00f3n anal\u00edtica. Con el cambio de siglo se abre un periodo de crecimiento y desarrollo, pero tambi\u00e9n de importantes conmociones internas que crear\u00e1n divisiones insuperables en su seno. Seg\u00fan avanza el siglo XX, al perder relevancia la perspectiva humanista, la imaginaci\u00f3n socialista se enfr\u00eda y da prioridad a la visi\u00f3n pol\u00edtica y econ\u00f3mica. Finalmente, desde el final de la Segunda Guerra Mundial, se apuntan los rasgos de una imaginaci\u00f3n socialista congelada que no solo ha perdido la creatividad y el empuje de sus a\u00f1os de juventud, sino tambi\u00e9n la fortaleza y las certezas de un tiempo anterior de adusta prepotencia.<br \/>\nHoy, la izquierda vive incapaz de elaborar cualquier cr\u00edtica te\u00f3rica o de promover alg\u00fan tipo de imaginaci\u00f3n de lo alternativo y la esperanza de lo posible. \u00bfEst\u00e1 el futuro de los socialistas en redescubrir sus ra\u00edces, en una vuelta al utopismo y al humanismo?<\/p>\n","protected":false},"excerpt":{"rendered":"<p>La tradici\u00f3n socialista presenta los rasgos propios de un ciclo hist\u00f3rico cerrado. A lo largo del siglo XIX el socialismo exhibe el perfil de una tradici\u00f3n intelectual en la edad de la fuerza: se conforma un imaginario plet\u00f3rico, caracterizado por su empuje juvenil, ilusionado, visionario y confiado, que derrocha creatividad y una asombrosa ambici\u00f3n anal\u00edtica. Con el cambio de siglo se abre un periodo de crecimiento y desarrollo, pero tambi\u00e9n de importantes conmociones internas que crear\u00e1n divisiones insuperables en su seno. Seg\u00fan avanza el siglo XX, al perder relevancia la perspectiva humanista, la imaginaci\u00f3n socialista se enfr\u00eda y da prioridad a la visi\u00f3n pol\u00edtica y econ\u00f3mica. Finalmente, desde el final de la Segunda Guerra Mundial, se apuntan los rasgos de una imaginaci\u00f3n socialista congelada que no solo ha perdido la creatividad y el empuje de sus a\u00f1os de juventud, sino tambi\u00e9n la fortaleza y las certezas de un tiempo anterior de adusta prepotencia.<br \/>\nHoy, la izquierda vive incapaz de elaborar cualquier cr\u00edtica te\u00f3rica o de promover alg\u00fan tipo de imaginaci\u00f3n de lo alternativo y la esperanza de lo posible. \u00bfEst\u00e1 el futuro de los socialistas en redescubrir sus ra\u00edces, en una vuelta al utopismo y al humanismo?<\/p>\n","protected":false},"featured_media":3103,"comment_status":"closed","ping_status":"open","template":"","meta":{"_acf_changed":false},"materia_nivel_3":[2565,2691],"subtema_nivel_2":[2561,2576],"tema_nivel_1":[2567],"product_brand":[],"product_cat":[15],"product_tag":[],"product_author":[3955],"product_collection":[],"class_list":{"0":"post-14762","1":"product","2":"type-product","3":"status-publish","4":"has-post-thumbnail","6":"materia_nivel_3-contemporanea","7":"materia_nivel_3-historia-de-las-ideas-politicas","8":"subtema_nivel_2-historia","9":"subtema_nivel_2-politica","10":"tema_nivel_1-historia","11":"product_cat-uncategorized","12":"product_author-diez-rodriguez-fernando","14":"first","15":"instock","16":"purchasable","17":"product-type-simple"},"acf":[],"_links":{"self":[{"href":"https:\/\/dev2.cantalupe.net\/sigloxxi\/wp-json\/wp\/v2\/product\/14762","targetHints":{"allow":["GET"]}}],"collection":[{"href":"https:\/\/dev2.cantalupe.net\/sigloxxi\/wp-json\/wp\/v2\/product"}],"about":[{"href":"https:\/\/dev2.cantalupe.net\/sigloxxi\/wp-json\/wp\/v2\/types\/product"}],"replies":[{"embeddable":true,"href":"https:\/\/dev2.cantalupe.net\/sigloxxi\/wp-json\/wp\/v2\/comments?post=14762"}],"version-history":[{"count":1,"href":"https:\/\/dev2.cantalupe.net\/sigloxxi\/wp-json\/wp\/v2\/product\/14762\/revisions"}],"predecessor-version":[{"id":14763,"href":"https:\/\/dev2.cantalupe.net\/sigloxxi\/wp-json\/wp\/v2\/product\/14762\/revisions\/14763"}],"wp:featuredmedia":[{"embeddable":true,"href":"https:\/\/dev2.cantalupe.net\/sigloxxi\/wp-json\/wp\/v2\/media\/3103"}],"wp:attachment":[{"href":"https:\/\/dev2.cantalupe.net\/sigloxxi\/wp-json\/wp\/v2\/media?parent=14762"}],"wp:term":[{"taxonomy":"materia_nivel_3","embeddable":true,"href":"https:\/\/dev2.cantalupe.net\/sigloxxi\/wp-json\/wp\/v2\/materia_nivel_3?post=14762"},{"taxonomy":"subtema_nivel_2","embeddable":true,"href":"https:\/\/dev2.cantalupe.net\/sigloxxi\/wp-json\/wp\/v2\/subtema_nivel_2?post=14762"},{"taxonomy":"tema_nivel_1","embeddable":true,"href":"https:\/\/dev2.cantalupe.net\/sigloxxi\/wp-json\/wp\/v2\/tema_nivel_1?post=14762"},{"taxonomy":"product_brand","embeddable":true,"href":"https:\/\/dev2.cantalupe.net\/sigloxxi\/wp-json\/wp\/v2\/product_brand?post=14762"},{"taxonomy":"product_cat","embeddable":true,"href":"https:\/\/dev2.cantalupe.net\/sigloxxi\/wp-json\/wp\/v2\/product_cat?post=14762"},{"taxonomy":"product_tag","embeddable":true,"href":"https:\/\/dev2.cantalupe.net\/sigloxxi\/wp-json\/wp\/v2\/product_tag?post=14762"},{"taxonomy":"product_author","embeddable":true,"href":"https:\/\/dev2.cantalupe.net\/sigloxxi\/wp-json\/wp\/v2\/product_author?post=14762"},{"taxonomy":"product_collection","embeddable":true,"href":"https:\/\/dev2.cantalupe.net\/sigloxxi\/wp-json\/wp\/v2\/product_collection?post=14762"}],"curies":[{"name":"wp","href":"https:\/\/api.w.org\/{rel}","templated":true}]}}