{"id":14806,"date":"2025-11-04T14:54:26","date_gmt":"2025-11-04T14:54:26","guid":{"rendered":"https:\/\/dev2.cantalupe.net\/sigloxxi\/libro\/la-libertad-dibujada-por-eneko\/"},"modified":"2025-11-04T14:54:27","modified_gmt":"2025-11-04T14:54:27","slug":"la-libertad-dibujada-por-eneko","status":"publish","type":"product","link":"https:\/\/dev2.cantalupe.net\/sigloxxi\/libro\/la-libertad-dibujada-por-eneko\/","title":{"rendered":"La libertad dibujada por Eneko"},"content":{"rendered":"<p>La libertad es en realidad una ca\u00f1a de pescar donde Eneko ha insertado h\u00e1bilmente el cebo de la realidad en sus anzuelos dibujados. Un cebo de cuestiones y reflexiones agudas sobre la libertad, en forma de dibujos gruesos y directos sobre las diferentes libertades que conviven en nuestro mundo. Dibujos eternos, sin caducidad, que no son esclavos de la circunstancia del hoy, si no dibujos libres, profundos e irreverentes.\u00a0Eneko siempre ha dicho que el humor es una forma de alejarse de los problemas, y que lo que \u00e9l pretende es que los lectores tomen distancia para observar los marrones con la perspectiva que no te da el d\u00eda a d\u00eda. Porque la perspectiva te da libertad de pensamiento y autonom\u00eda para tomar decisiones.\u00a0Pero tambi\u00e9n porque, aunque en su trabajo diario toque temas de actualidad, siempre lo hace de tal forma que sus dibujos puedan comprenderse en cualquier momento, sin ser esclavos del hoy, y resulten tan libres, profundos e irreverentes como \u00e9l.<\/p>\n","protected":false},"excerpt":{"rendered":"<p>La libertad es en realidad una ca\u00f1a de pescar donde Eneko ha insertado h\u00e1bilmente el cebo de la realidad en sus anzuelos dibujados. Un cebo de cuestiones y reflexiones agudas sobre la libertad, en forma de dibujos gruesos y directos sobre las diferentes libertades que conviven en nuestro mundo. Dibujos eternos, sin caducidad, que no son esclavos de la circunstancia del hoy, si no dibujos libres, profundos e irreverentes.\u00a0Eneko siempre ha dicho que el humor es una forma de alejarse de los problemas, y que lo que \u00e9l pretende es que los lectores tomen distancia para observar los marrones con la perspectiva que no te da el d\u00eda a d\u00eda. Porque la perspectiva te da libertad de pensamiento y autonom\u00eda para tomar decisiones.\u00a0Pero tambi\u00e9n porque, aunque en su trabajo diario toque temas de actualidad, siempre lo hace de tal forma que sus dibujos puedan comprenderse en cualquier momento, sin ser esclavos del hoy, y resulten tan libres, profundos e irreverentes como \u00e9l.<\/p>\n","protected":false},"featured_media":3143,"comment_status":"closed","ping_status":"open","template":"","meta":{"_acf_changed":false},"materia_nivel_3":[],"subtema_nivel_2":[2586],"tema_nivel_1":[3546],"product_brand":[],"product_cat":[15],"product_tag":[],"product_author":[4100],"product_collection":[],"class_list":{"0":"post-14806","1":"product","2":"type-product","3":"status-publish","4":"has-post-thumbnail","6":"subtema_nivel_2-filosofia","7":"tema_nivel_1-un-elefante-en-la-sala","8":"product_cat-uncategorized","9":"product_author-las-heras-eneko","11":"first","12":"instock","13":"purchasable","14":"product-type-simple"},"acf":[],"_links":{"self":[{"href":"https:\/\/dev2.cantalupe.net\/sigloxxi\/wp-json\/wp\/v2\/product\/14806","targetHints":{"allow":["GET"]}}],"collection":[{"href":"https:\/\/dev2.cantalupe.net\/sigloxxi\/wp-json\/wp\/v2\/product"}],"about":[{"href":"https:\/\/dev2.cantalupe.net\/sigloxxi\/wp-json\/wp\/v2\/types\/product"}],"replies":[{"embeddable":true,"href":"https:\/\/dev2.cantalupe.net\/sigloxxi\/wp-json\/wp\/v2\/comments?post=14806"}],"version-history":[{"count":1,"href":"https:\/\/dev2.cantalupe.net\/sigloxxi\/wp-json\/wp\/v2\/product\/14806\/revisions"}],"predecessor-version":[{"id":14807,"href":"https:\/\/dev2.cantalupe.net\/sigloxxi\/wp-json\/wp\/v2\/product\/14806\/revisions\/14807"}],"wp:featuredmedia":[{"embeddable":true,"href":"https:\/\/dev2.cantalupe.net\/sigloxxi\/wp-json\/wp\/v2\/media\/3143"}],"wp:attachment":[{"href":"https:\/\/dev2.cantalupe.net\/sigloxxi\/wp-json\/wp\/v2\/media?parent=14806"}],"wp:term":[{"taxonomy":"materia_nivel_3","embeddable":true,"href":"https:\/\/dev2.cantalupe.net\/sigloxxi\/wp-json\/wp\/v2\/materia_nivel_3?post=14806"},{"taxonomy":"subtema_nivel_2","embeddable":true,"href":"https:\/\/dev2.cantalupe.net\/sigloxxi\/wp-json\/wp\/v2\/subtema_nivel_2?post=14806"},{"taxonomy":"tema_nivel_1","embeddable":true,"href":"https:\/\/dev2.cantalupe.net\/sigloxxi\/wp-json\/wp\/v2\/tema_nivel_1?post=14806"},{"taxonomy":"product_brand","embeddable":true,"href":"https:\/\/dev2.cantalupe.net\/sigloxxi\/wp-json\/wp\/v2\/product_brand?post=14806"},{"taxonomy":"product_cat","embeddable":true,"href":"https:\/\/dev2.cantalupe.net\/sigloxxi\/wp-json\/wp\/v2\/product_cat?post=14806"},{"taxonomy":"product_tag","embeddable":true,"href":"https:\/\/dev2.cantalupe.net\/sigloxxi\/wp-json\/wp\/v2\/product_tag?post=14806"},{"taxonomy":"product_author","embeddable":true,"href":"https:\/\/dev2.cantalupe.net\/sigloxxi\/wp-json\/wp\/v2\/product_author?post=14806"},{"taxonomy":"product_collection","embeddable":true,"href":"https:\/\/dev2.cantalupe.net\/sigloxxi\/wp-json\/wp\/v2\/product_collection?post=14806"}],"curies":[{"name":"wp","href":"https:\/\/api.w.org\/{rel}","templated":true}]}}