{"id":14844,"date":"2025-11-04T14:54:33","date_gmt":"2025-11-04T14:54:33","guid":{"rendered":"https:\/\/dev2.cantalupe.net\/sigloxxi\/libro\/la-novela-latinoamericana-en-visperas-de-un-nuevo-siglo-y-otros-ensayos\/"},"modified":"2025-11-04T14:54:33","modified_gmt":"2025-11-04T14:54:33","slug":"la-novela-latinoamericana-en-visperas-de-un-nuevo-siglo-y-otros-ensayos","status":"publish","type":"product","link":"https:\/\/dev2.cantalupe.net\/sigloxxi\/libro\/la-novela-latinoamericana-en-visperas-de-un-nuevo-siglo-y-otros-ensayos\/","title":{"rendered":"La novela latinoamericana en v\u00edsperas de un nuevo siglo y otros ensayos"},"content":{"rendered":"<p>La diversidad de temas que abarca esta antolog\u00eda de ensayos no obedece a un criterio caprichoso, sino al deseo de recopilar materiales, en su mayor parte in\u00e9ditos en espa\u00f1ol., y mostrar la complejidad del pensamiento de Alejo Carpentier, quien con la misma entrega apasionada con que lo hace en la literatura, escribe sobre Saint-John Perse, Varese, Picasso, el papel social del novelista, su visi\u00f3n de Am\u00e9rica Latina y c\u00f3mo la joven literatura europea Ve el continente americano. Un aspecto m\u00e1s de la curiosidad insaciable del autor cubano por La cultura universal y su persistente anhelo de ver nuestro mundo inserto en ella.<\/p>\n","protected":false},"excerpt":{"rendered":"<p>La diversidad de temas que abarca esta antolog\u00eda de ensayos no obedece a un criterio caprichoso, sino al deseo de recopilar materiales, en su mayor parte in\u00e9ditos en espa\u00f1ol., y mostrar la complejidad del pensamiento de Alejo Carpentier, quien con la misma entrega apasionada con que lo hace en la literatura, escribe sobre Saint-John Perse, Varese, Picasso, el papel social del novelista, su visi\u00f3n de Am\u00e9rica Latina y c\u00f3mo la joven literatura europea Ve el continente americano. Un aspecto m\u00e1s de la curiosidad insaciable del autor cubano por La cultura universal y su persistente anhelo de ver nuestro mundo inserto en ella.<\/p>\n","protected":false},"featured_media":3179,"comment_status":"closed","ping_status":"open","template":"","meta":{"_acf_changed":false},"materia_nivel_3":[2565],"subtema_nivel_2":[],"tema_nivel_1":[2772],"product_brand":[],"product_cat":[15],"product_tag":[],"product_author":[2935],"product_collection":[],"class_list":{"0":"post-14844","1":"product","2":"type-product","3":"status-publish","4":"has-post-thumbnail","6":"materia_nivel_3-contemporanea","7":"tema_nivel_1-o-c-alejo-carpentier","8":"product_cat-uncategorized","9":"product_author-carpentier-alejo","11":"first","12":"instock","13":"purchasable","14":"product-type-simple"},"acf":[],"_links":{"self":[{"href":"https:\/\/dev2.cantalupe.net\/sigloxxi\/wp-json\/wp\/v2\/product\/14844","targetHints":{"allow":["GET"]}}],"collection":[{"href":"https:\/\/dev2.cantalupe.net\/sigloxxi\/wp-json\/wp\/v2\/product"}],"about":[{"href":"https:\/\/dev2.cantalupe.net\/sigloxxi\/wp-json\/wp\/v2\/types\/product"}],"replies":[{"embeddable":true,"href":"https:\/\/dev2.cantalupe.net\/sigloxxi\/wp-json\/wp\/v2\/comments?post=14844"}],"version-history":[{"count":1,"href":"https:\/\/dev2.cantalupe.net\/sigloxxi\/wp-json\/wp\/v2\/product\/14844\/revisions"}],"predecessor-version":[{"id":14845,"href":"https:\/\/dev2.cantalupe.net\/sigloxxi\/wp-json\/wp\/v2\/product\/14844\/revisions\/14845"}],"wp:featuredmedia":[{"embeddable":true,"href":"https:\/\/dev2.cantalupe.net\/sigloxxi\/wp-json\/wp\/v2\/media\/3179"}],"wp:attachment":[{"href":"https:\/\/dev2.cantalupe.net\/sigloxxi\/wp-json\/wp\/v2\/media?parent=14844"}],"wp:term":[{"taxonomy":"materia_nivel_3","embeddable":true,"href":"https:\/\/dev2.cantalupe.net\/sigloxxi\/wp-json\/wp\/v2\/materia_nivel_3?post=14844"},{"taxonomy":"subtema_nivel_2","embeddable":true,"href":"https:\/\/dev2.cantalupe.net\/sigloxxi\/wp-json\/wp\/v2\/subtema_nivel_2?post=14844"},{"taxonomy":"tema_nivel_1","embeddable":true,"href":"https:\/\/dev2.cantalupe.net\/sigloxxi\/wp-json\/wp\/v2\/tema_nivel_1?post=14844"},{"taxonomy":"product_brand","embeddable":true,"href":"https:\/\/dev2.cantalupe.net\/sigloxxi\/wp-json\/wp\/v2\/product_brand?post=14844"},{"taxonomy":"product_cat","embeddable":true,"href":"https:\/\/dev2.cantalupe.net\/sigloxxi\/wp-json\/wp\/v2\/product_cat?post=14844"},{"taxonomy":"product_tag","embeddable":true,"href":"https:\/\/dev2.cantalupe.net\/sigloxxi\/wp-json\/wp\/v2\/product_tag?post=14844"},{"taxonomy":"product_author","embeddable":true,"href":"https:\/\/dev2.cantalupe.net\/sigloxxi\/wp-json\/wp\/v2\/product_author?post=14844"},{"taxonomy":"product_collection","embeddable":true,"href":"https:\/\/dev2.cantalupe.net\/sigloxxi\/wp-json\/wp\/v2\/product_collection?post=14844"}],"curies":[{"name":"wp","href":"https:\/\/api.w.org\/{rel}","templated":true}]}}