{"id":14894,"date":"2025-11-04T14:54:39","date_gmt":"2025-11-04T14:54:39","guid":{"rendered":"https:\/\/dev2.cantalupe.net\/sigloxxi\/libro\/la-rebeldia-se-volvio-de-derechas\/"},"modified":"2025-11-04T14:54:47","modified_gmt":"2025-11-04T14:54:47","slug":"la-rebeldia-se-volvio-de-derechas","status":"publish","type":"product","link":"https:\/\/dev2.cantalupe.net\/sigloxxi\/libro\/la-rebeldia-se-volvio-de-derechas\/","title":{"rendered":"\u00bfLa rebeld\u00eda se volvi\u00f3 de derechas?"},"content":{"rendered":"<p>La extrema derecha quiere cambiar el mundo. Y mucha gente est\u00e1<br \/>\nconvencida de que eso es lo que el mundo necesita. Con combinaciones de<br \/>\nnacionalismo, posiciones antiestado, xenofobia, racismo y misoginia, pero<br \/>\ntambi\u00e9n gui\u00f1os a la comunidad LGBTI y consignas ecologistas, con un aura de incorrecci\u00f3n<br \/>\ny novedad que atrae a los j\u00f3venes, las llamadas \u0093derechas alternativas\u0094 est\u00e1n protagonizando<br \/>\nuna revoluci\u00f3n en la pol\u00edtica occidental: orgullosas, levantan las banderas de<br \/>\nla indignaci\u00f3n y la rebeld\u00eda que eran la marca registrada de la izquierda. El<br \/>\nprogresismo, mientras tanto, entre el desconcierto y el gesto despectivo, se<br \/>\nrefugia en la correcci\u00f3n pol\u00edtica y corre el riesgo de volverse parte del statu<br \/>\nquo.Trump y Bolsonaro dejaron claro que es hora de tomarse en serio las<br \/>\nideas de las derechas reaccionarias, aunque parezcan moralmente condenables o<br \/>\nrid\u00edculas y, sobre todo, de entender c\u00f3mo su discurso defensivo, sus l\u00edderes carism\u00e1ticos<br \/>\ny escandalosos y su provocaci\u00f3n constante est\u00e1n logrando representar a muchos<br \/>\nde los que se perciben postergados en las sociedades contempor\u00e1neas. Esa es la<br \/>\npropuesta de Pablo Stefanoni en este libro revelador, en el que construye una<br \/>\ns\u00edntesis hist\u00f3rica de estos movimientos y muestra c\u00f3mo han ido moldeando a los<br \/>\nlibertarios contempor\u00e1neos y a otras formas h\u00edbridas y en principio<br \/>\nsorprendentes, como el anarcocapitalismo, el homonacionalismo y el ecofascismo.Con el troleo en las redes como estrategia de guerrilla cultural y el<br \/>\nmeme como instrumento pol\u00edtico, desde foros de internet y videos de YouTube, en<br \/>\nplataformas como 4chan y Twitter, estos grupos est\u00e1n convirtiendo el fanatismo<br \/>\nsubterr\u00e1neo en distintas formas de adhesi\u00f3n p\u00fablica cada vez m\u00e1s visible, de la<br \/>\nvestimenta al voto, del manifiesto en la web a la acci\u00f3n violenta en las<br \/>\ncalles, expresiones muchas veces legitimadas por l\u00edderes en el poder. Este<br \/>\nlibro, que viene a llenar un vac\u00edo de obras en espa\u00f1ol sobre el tema, no<br \/>\ncondena a priori: escucha los argumentos y se pregunta c\u00f3mo puede la izquierda<br \/>\nenfrentar esta revoluci\u00f3n antiprogresista. O, dicho de otro modo, c\u00f3mo puede<br \/>\nrecuperar la bandera de la transgresi\u00f3n, que con inteligencia le fue arrebatada<br \/>\npor esta extrema derecha cool que decidi\u00f3 dejar de habitar en los m\u00e1rgenes.<\/p>\n","protected":false},"excerpt":{"rendered":"<p>La extrema derecha quiere cambiar el mundo. Y mucha gente est\u00e1<br \/>\nconvencida de que eso es lo que el mundo necesita. Con combinaciones de<br \/>\nnacionalismo, posiciones antiestado, xenofobia, racismo y misoginia, pero<br \/>\ntambi\u00e9n gui\u00f1os a la comunidad LGBTI y consignas ecologistas, con un aura de incorrecci\u00f3n<br \/>\ny novedad que atrae a los j\u00f3venes, las llamadas \u0093derechas alternativas\u0094 est\u00e1n protagonizando<br \/>\nuna revoluci\u00f3n en la pol\u00edtica occidental: orgullosas, levantan las banderas de<br \/>\nla indignaci\u00f3n y la rebeld\u00eda que eran la marca registrada de la izquierda. El<br \/>\nprogresismo, mientras tanto, entre el desconcierto y el gesto despectivo, se<br \/>\nrefugia en la correcci\u00f3n pol\u00edtica y corre el riesgo de volverse parte del statu<br \/>\nquo.Trump y Bolsonaro dejaron claro que es hora de tomarse en serio las<br \/>\nideas de las derechas reaccionarias, aunque parezcan moralmente condenables o<br \/>\nrid\u00edculas y, sobre todo, de entender c\u00f3mo su discurso defensivo, sus l\u00edderes carism\u00e1ticos<br \/>\ny escandalosos y su provocaci\u00f3n constante est\u00e1n logrando representar a muchos<br \/>\nde los que se perciben postergados en las sociedades contempor\u00e1neas. Esa es la<br \/>\npropuesta de Pablo Stefanoni en este libro revelador, en el que construye una<br \/>\ns\u00edntesis hist\u00f3rica de estos movimientos y muestra c\u00f3mo han ido moldeando a los<br \/>\nlibertarios contempor\u00e1neos y a otras formas h\u00edbridas y en principio<br \/>\nsorprendentes, como el anarcocapitalismo, el homonacionalismo y el ecofascismo.Con el troleo en las redes como estrategia de guerrilla cultural y el<br \/>\nmeme como instrumento pol\u00edtico, desde foros de internet y videos de YouTube, en<br \/>\nplataformas como 4chan y Twitter, estos grupos est\u00e1n convirtiendo el fanatismo<br \/>\nsubterr\u00e1neo en distintas formas de adhesi\u00f3n p\u00fablica cada vez m\u00e1s visible, de la<br \/>\nvestimenta al voto, del manifiesto en la web a la acci\u00f3n violenta en las<br \/>\ncalles, expresiones muchas veces legitimadas por l\u00edderes en el poder. Este<br \/>\nlibro, que viene a llenar un vac\u00edo de obras en espa\u00f1ol sobre el tema, no<br \/>\ncondena a priori: escucha los argumentos y se pregunta c\u00f3mo puede la izquierda<br \/>\nenfrentar esta revoluci\u00f3n antiprogresista. O, dicho de otro modo, c\u00f3mo puede<br \/>\nrecuperar la bandera de la transgresi\u00f3n, que con inteligencia le fue arrebatada<br \/>\npor esta extrema derecha cool que decidi\u00f3 dejar de habitar en los m\u00e1rgenes.<\/p>\n","protected":false},"featured_media":3223,"comment_status":"closed","ping_status":"open","template":"","meta":{"_acf_changed":false},"materia_nivel_3":[2657],"subtema_nivel_2":[2586,2576,2583],"tema_nivel_1":[2697],"product_brand":[],"product_cat":[15],"product_tag":[],"product_author":[4129],"product_collection":[],"class_list":{"0":"post-14894","1":"product","2":"type-product","3":"status-publish","4":"has-post-thumbnail","6":"materia_nivel_3-teoria-politica","7":"subtema_nivel_2-filosofia","8":"subtema_nivel_2-politica","9":"subtema_nivel_2-sociologia","10":"tema_nivel_1-singular","11":"product_cat-uncategorized","12":"product_author-stefanoni-pablo","14":"first","15":"instock","16":"purchasable","17":"product-type-simple"},"acf":[],"_links":{"self":[{"href":"https:\/\/dev2.cantalupe.net\/sigloxxi\/wp-json\/wp\/v2\/product\/14894","targetHints":{"allow":["GET"]}}],"collection":[{"href":"https:\/\/dev2.cantalupe.net\/sigloxxi\/wp-json\/wp\/v2\/product"}],"about":[{"href":"https:\/\/dev2.cantalupe.net\/sigloxxi\/wp-json\/wp\/v2\/types\/product"}],"replies":[{"embeddable":true,"href":"https:\/\/dev2.cantalupe.net\/sigloxxi\/wp-json\/wp\/v2\/comments?post=14894"}],"version-history":[{"count":1,"href":"https:\/\/dev2.cantalupe.net\/sigloxxi\/wp-json\/wp\/v2\/product\/14894\/revisions"}],"predecessor-version":[{"id":14895,"href":"https:\/\/dev2.cantalupe.net\/sigloxxi\/wp-json\/wp\/v2\/product\/14894\/revisions\/14895"}],"wp:featuredmedia":[{"embeddable":true,"href":"https:\/\/dev2.cantalupe.net\/sigloxxi\/wp-json\/wp\/v2\/media\/3223"}],"wp:attachment":[{"href":"https:\/\/dev2.cantalupe.net\/sigloxxi\/wp-json\/wp\/v2\/media?parent=14894"}],"wp:term":[{"taxonomy":"materia_nivel_3","embeddable":true,"href":"https:\/\/dev2.cantalupe.net\/sigloxxi\/wp-json\/wp\/v2\/materia_nivel_3?post=14894"},{"taxonomy":"subtema_nivel_2","embeddable":true,"href":"https:\/\/dev2.cantalupe.net\/sigloxxi\/wp-json\/wp\/v2\/subtema_nivel_2?post=14894"},{"taxonomy":"tema_nivel_1","embeddable":true,"href":"https:\/\/dev2.cantalupe.net\/sigloxxi\/wp-json\/wp\/v2\/tema_nivel_1?post=14894"},{"taxonomy":"product_brand","embeddable":true,"href":"https:\/\/dev2.cantalupe.net\/sigloxxi\/wp-json\/wp\/v2\/product_brand?post=14894"},{"taxonomy":"product_cat","embeddable":true,"href":"https:\/\/dev2.cantalupe.net\/sigloxxi\/wp-json\/wp\/v2\/product_cat?post=14894"},{"taxonomy":"product_tag","embeddable":true,"href":"https:\/\/dev2.cantalupe.net\/sigloxxi\/wp-json\/wp\/v2\/product_tag?post=14894"},{"taxonomy":"product_author","embeddable":true,"href":"https:\/\/dev2.cantalupe.net\/sigloxxi\/wp-json\/wp\/v2\/product_author?post=14894"},{"taxonomy":"product_collection","embeddable":true,"href":"https:\/\/dev2.cantalupe.net\/sigloxxi\/wp-json\/wp\/v2\/product_collection?post=14894"}],"curies":[{"name":"wp","href":"https:\/\/api.w.org\/{rel}","templated":true}]}}