{"id":14902,"date":"2025-11-04T14:54:39","date_gmt":"2025-11-04T14:54:39","guid":{"rendered":"https:\/\/dev2.cantalupe.net\/sigloxxi\/libro\/la-rebelion-de-los-catalanes-2-a-edicion\/"},"modified":"2025-11-04T14:54:48","modified_gmt":"2025-11-04T14:54:48","slug":"la-rebelion-de-los-catalanes-2-a-edicion","status":"publish","type":"product","link":"https:\/\/dev2.cantalupe.net\/sigloxxi\/libro\/la-rebelion-de-los-catalanes-2-a-edicion\/","title":{"rendered":"La rebeli\u00f3n de los catalanes (2.\u00aa Edici\u00f3n)"},"content":{"rendered":"<p>La Historia de cada d\u00eda &#8211; 23\/02\/14<br \/>\nLa rebeli\u00f3n catalana de 1640 fue un acontecimiento capital en la Europa del siglo XVII. Sus antecedentes y sus causas \u0096uno de los ejes de este magistral y cl\u00e1sico estudio\u0096 iluminan extraordinariamente la cuesti\u00f3n, largamente debatida, de la decadencia de Espa\u00f1a.John H. Elliott perfila con trazo firme el progresivo deterioro de las relaciones entre el Principado de Catalu\u00f1a y el gobierno de la monarqu\u00eda en Madrid a lo largo de la primera mitad del siglo XVII. De la feroz represi\u00f3n del bandolerismo catal\u00e1n a la presi\u00f3n que supon\u00edan las nuevas pol\u00edticas centralizadoras de Olivares, la tensi\u00f3n creciente acab\u00f3 desembocando en una rebeli\u00f3n que, en \u00faltima instancia, desempe\u00f1\u00f3 un papel crucial en el declive espa\u00f1ol. Investigaci\u00f3n ejemplar y obra fundamental, La rebeli\u00f3n de los catalanes no solo es una lectura esencial para comprender las razones del declive espa\u00f1ol sino que constituye, igualmente, un caso paradigm\u00e1tico de la lucha perenne entre las libertades regionales y las necesidades de los gobiernos centrales.La presente edici\u00f3n ha sido revisada en su totalidad e incluye, adem\u00e1s, un nuevo pr\u00f3logo del autor y un estudio de los profesores Pablo Fern\u00e1ndez Albaladejo y Julio Pardos Mart\u00ednez sobre la obra e influencia de J. H. Elliott.<\/p>\n","protected":false},"excerpt":{"rendered":"<p>La Historia de cada d\u00eda &#8211; 23\/02\/14<br \/>\nLa rebeli\u00f3n catalana de 1640 fue un acontecimiento capital en la Europa del siglo XVII. Sus antecedentes y sus causas \u0096uno de los ejes de este magistral y cl\u00e1sico estudio\u0096 iluminan extraordinariamente la cuesti\u00f3n, largamente debatida, de la decadencia de Espa\u00f1a.John H. Elliott perfila con trazo firme el progresivo deterioro de las relaciones entre el Principado de Catalu\u00f1a y el gobierno de la monarqu\u00eda en Madrid a lo largo de la primera mitad del siglo XVII. De la feroz represi\u00f3n del bandolerismo catal\u00e1n a la presi\u00f3n que supon\u00edan las nuevas pol\u00edticas centralizadoras de Olivares, la tensi\u00f3n creciente acab\u00f3 desembocando en una rebeli\u00f3n que, en \u00faltima instancia, desempe\u00f1\u00f3 un papel crucial en el declive espa\u00f1ol. Investigaci\u00f3n ejemplar y obra fundamental, La rebeli\u00f3n de los catalanes no solo es una lectura esencial para comprender las razones del declive espa\u00f1ol sino que constituye, igualmente, un caso paradigm\u00e1tico de la lucha perenne entre las libertades regionales y las necesidades de los gobiernos centrales.La presente edici\u00f3n ha sido revisada en su totalidad e incluye, adem\u00e1s, un nuevo pr\u00f3logo del autor y un estudio de los profesores Pablo Fern\u00e1ndez Albaladejo y Julio Pardos Mart\u00ednez sobre la obra e influencia de J. H. Elliott.<\/p>\n","protected":false},"featured_media":3230,"comment_status":"closed","ping_status":"open","template":"","meta":{"_acf_changed":false},"materia_nivel_3":[2559,2558],"subtema_nivel_2":[2561],"tema_nivel_1":[2567],"product_brand":[],"product_cat":[15],"product_tag":[],"product_author":[4063],"product_collection":[],"class_list":{"0":"post-14902","1":"product","2":"type-product","3":"status-publish","4":"has-post-thumbnail","6":"materia_nivel_3-espana","7":"materia_nivel_3-moderna","8":"subtema_nivel_2-historia","9":"tema_nivel_1-historia","10":"product_cat-uncategorized","11":"product_author-elliott-john-h","13":"first","14":"instock","15":"purchasable","16":"product-type-simple"},"acf":[],"_links":{"self":[{"href":"https:\/\/dev2.cantalupe.net\/sigloxxi\/wp-json\/wp\/v2\/product\/14902","targetHints":{"allow":["GET"]}}],"collection":[{"href":"https:\/\/dev2.cantalupe.net\/sigloxxi\/wp-json\/wp\/v2\/product"}],"about":[{"href":"https:\/\/dev2.cantalupe.net\/sigloxxi\/wp-json\/wp\/v2\/types\/product"}],"replies":[{"embeddable":true,"href":"https:\/\/dev2.cantalupe.net\/sigloxxi\/wp-json\/wp\/v2\/comments?post=14902"}],"version-history":[{"count":1,"href":"https:\/\/dev2.cantalupe.net\/sigloxxi\/wp-json\/wp\/v2\/product\/14902\/revisions"}],"predecessor-version":[{"id":14903,"href":"https:\/\/dev2.cantalupe.net\/sigloxxi\/wp-json\/wp\/v2\/product\/14902\/revisions\/14903"}],"wp:featuredmedia":[{"embeddable":true,"href":"https:\/\/dev2.cantalupe.net\/sigloxxi\/wp-json\/wp\/v2\/media\/3230"}],"wp:attachment":[{"href":"https:\/\/dev2.cantalupe.net\/sigloxxi\/wp-json\/wp\/v2\/media?parent=14902"}],"wp:term":[{"taxonomy":"materia_nivel_3","embeddable":true,"href":"https:\/\/dev2.cantalupe.net\/sigloxxi\/wp-json\/wp\/v2\/materia_nivel_3?post=14902"},{"taxonomy":"subtema_nivel_2","embeddable":true,"href":"https:\/\/dev2.cantalupe.net\/sigloxxi\/wp-json\/wp\/v2\/subtema_nivel_2?post=14902"},{"taxonomy":"tema_nivel_1","embeddable":true,"href":"https:\/\/dev2.cantalupe.net\/sigloxxi\/wp-json\/wp\/v2\/tema_nivel_1?post=14902"},{"taxonomy":"product_brand","embeddable":true,"href":"https:\/\/dev2.cantalupe.net\/sigloxxi\/wp-json\/wp\/v2\/product_brand?post=14902"},{"taxonomy":"product_cat","embeddable":true,"href":"https:\/\/dev2.cantalupe.net\/sigloxxi\/wp-json\/wp\/v2\/product_cat?post=14902"},{"taxonomy":"product_tag","embeddable":true,"href":"https:\/\/dev2.cantalupe.net\/sigloxxi\/wp-json\/wp\/v2\/product_tag?post=14902"},{"taxonomy":"product_author","embeddable":true,"href":"https:\/\/dev2.cantalupe.net\/sigloxxi\/wp-json\/wp\/v2\/product_author?post=14902"},{"taxonomy":"product_collection","embeddable":true,"href":"https:\/\/dev2.cantalupe.net\/sigloxxi\/wp-json\/wp\/v2\/product_collection?post=14902"}],"curies":[{"name":"wp","href":"https:\/\/api.w.org\/{rel}","templated":true}]}}