{"id":14908,"date":"2025-11-04T14:54:39","date_gmt":"2025-11-04T14:54:39","guid":{"rendered":"https:\/\/dev2.cantalupe.net\/sigloxxi\/libro\/la-reforma-agraria-en-espana-en-el-siglo-xx-1900-1936\/"},"modified":"2025-11-04T14:54:48","modified_gmt":"2025-11-04T14:54:48","slug":"la-reforma-agraria-en-espana-en-el-siglo-xx-1900-1936","status":"publish","type":"product","link":"https:\/\/dev2.cantalupe.net\/sigloxxi\/libro\/la-reforma-agraria-en-espana-en-el-siglo-xx-1900-1936\/","title":{"rendered":"La reforma agraria en Espa\u00f1a en el siglo XX (1900-1936)"},"content":{"rendered":"<p>La reforma agraria en espa\u00f1a en el siglo XX (1900-1936), de Jacques Maurice, pretende suministrar al lector el mayor n\u00famero de elementos de reflexi\u00f3n sobre un aspecto fundamental -a\u00fan vivo- de la historia de Espa\u00f1a: la cuesti\u00f3n agraria.<\/p>\n","protected":false},"excerpt":{"rendered":"<p>La reforma agraria en espa\u00f1a en el siglo XX (1900-1936), de Jacques Maurice, pretende suministrar al lector el mayor n\u00famero de elementos de reflexi\u00f3n sobre un aspecto fundamental -a\u00fan vivo- de la historia de Espa\u00f1a: la cuesti\u00f3n agraria.<\/p>\n","protected":false},"featured_media":3235,"comment_status":"closed","ping_status":"open","template":"","meta":{"_acf_changed":false},"materia_nivel_3":[2565,2559],"subtema_nivel_2":[],"tema_nivel_1":[2567],"product_brand":[],"product_cat":[15],"product_tag":[],"product_author":[3990],"product_collection":[],"class_list":{"0":"post-14908","1":"product","2":"type-product","3":"status-publish","4":"has-post-thumbnail","6":"materia_nivel_3-contemporanea","7":"materia_nivel_3-espana","8":"tema_nivel_1-historia","9":"product_cat-uncategorized","10":"product_author-maurice-jacques","12":"first","13":"instock","14":"purchasable","15":"product-type-simple"},"acf":[],"_links":{"self":[{"href":"https:\/\/dev2.cantalupe.net\/sigloxxi\/wp-json\/wp\/v2\/product\/14908","targetHints":{"allow":["GET"]}}],"collection":[{"href":"https:\/\/dev2.cantalupe.net\/sigloxxi\/wp-json\/wp\/v2\/product"}],"about":[{"href":"https:\/\/dev2.cantalupe.net\/sigloxxi\/wp-json\/wp\/v2\/types\/product"}],"replies":[{"embeddable":true,"href":"https:\/\/dev2.cantalupe.net\/sigloxxi\/wp-json\/wp\/v2\/comments?post=14908"}],"version-history":[{"count":1,"href":"https:\/\/dev2.cantalupe.net\/sigloxxi\/wp-json\/wp\/v2\/product\/14908\/revisions"}],"predecessor-version":[{"id":14909,"href":"https:\/\/dev2.cantalupe.net\/sigloxxi\/wp-json\/wp\/v2\/product\/14908\/revisions\/14909"}],"wp:featuredmedia":[{"embeddable":true,"href":"https:\/\/dev2.cantalupe.net\/sigloxxi\/wp-json\/wp\/v2\/media\/3235"}],"wp:attachment":[{"href":"https:\/\/dev2.cantalupe.net\/sigloxxi\/wp-json\/wp\/v2\/media?parent=14908"}],"wp:term":[{"taxonomy":"materia_nivel_3","embeddable":true,"href":"https:\/\/dev2.cantalupe.net\/sigloxxi\/wp-json\/wp\/v2\/materia_nivel_3?post=14908"},{"taxonomy":"subtema_nivel_2","embeddable":true,"href":"https:\/\/dev2.cantalupe.net\/sigloxxi\/wp-json\/wp\/v2\/subtema_nivel_2?post=14908"},{"taxonomy":"tema_nivel_1","embeddable":true,"href":"https:\/\/dev2.cantalupe.net\/sigloxxi\/wp-json\/wp\/v2\/tema_nivel_1?post=14908"},{"taxonomy":"product_brand","embeddable":true,"href":"https:\/\/dev2.cantalupe.net\/sigloxxi\/wp-json\/wp\/v2\/product_brand?post=14908"},{"taxonomy":"product_cat","embeddable":true,"href":"https:\/\/dev2.cantalupe.net\/sigloxxi\/wp-json\/wp\/v2\/product_cat?post=14908"},{"taxonomy":"product_tag","embeddable":true,"href":"https:\/\/dev2.cantalupe.net\/sigloxxi\/wp-json\/wp\/v2\/product_tag?post=14908"},{"taxonomy":"product_author","embeddable":true,"href":"https:\/\/dev2.cantalupe.net\/sigloxxi\/wp-json\/wp\/v2\/product_author?post=14908"},{"taxonomy":"product_collection","embeddable":true,"href":"https:\/\/dev2.cantalupe.net\/sigloxxi\/wp-json\/wp\/v2\/product_collection?post=14908"}],"curies":[{"name":"wp","href":"https:\/\/api.w.org\/{rel}","templated":true}]}}