{"id":14942,"date":"2025-11-04T14:54:49","date_gmt":"2025-11-04T14:54:49","guid":{"rendered":"https:\/\/dev2.cantalupe.net\/sigloxxi\/libro\/las-ciencias-y-el-origen-de-los-valores\/"},"modified":"2025-11-04T14:54:50","modified_gmt":"2025-11-04T14:54:50","slug":"las-ciencias-y-el-origen-de-los-valores","status":"publish","type":"product","link":"https:\/\/dev2.cantalupe.net\/sigloxxi\/libro\/las-ciencias-y-el-origen-de-los-valores\/","title":{"rendered":"Las ciencias y el origen de los valores"},"content":{"rendered":"<p>Solapa: La noci\u00f3n de valores es una de las m\u00e1s utilizadas en nuestros d\u00edas, lo mismo en alocuciones pol\u00edticas que en discursos religiosos, art\u00edculos cient\u00edficos o ensayos filos\u00f3ficos. Sin embargo la de valores es tambi\u00e9n una de las nociones m\u00e1s difusas. \u00bfC\u00f3mo es posible que un t\u00e9rmino tan mal definido se utilice como herramienta de explicaci\u00f3n con tanta profusi\u00f3n, sobre todo en el \u00e1mbito cient\u00edfico? El prop\u00f3sito de esta obra es mostrar las dificultades que surgen al usar los valores como claves de interpretaci\u00f3n de la actividad tecnocient\u00edfica y ofrecer alternativas a su empleo indiscriminado. Las dificultades son puestas de manifiesto al separar de la idea tradicional de valor los usos contempor\u00e1neos de valores, distinguir \u00e9stos entre s\u00ed y rastrearlos desde su origen en el \u00faltimo tercio del s. XIX. Un r\u00e1pido recorrido por los estudios de las ciencias de las \u00faltimas d\u00e9cadas sirve para confirmar que usar valores para interpretar las ciencias no acaba de proporcionar una imagen m\u00e1s n\u00edtida de las disciplinas tecnocient\u00edficas. La alternativa que se propone consiste en disolver la distancia entre ciencia y valores -o entre deber y ser- merced a la noci\u00f3n aristot\u00e9lica de prudencia. Con \u00e9sta quedan, adem\u00e1s, abiertos ciertos cauces para abrir las tecnociencias al \u00e1mbito de lo pol\u00edtico -esto es, a la participaci\u00f3n p\u00fablica- sin menoscabo de la posible verdad de sus contenidos. Armando Men\u00e9ndez Viso naci\u00f3 en Oviedo en 1974. Es licenciado en filosof\u00eda por la Universidad de esa ciudad (con premio fin de carrera y segundo premio nacional), licenciado en econom\u00eda por la UNED y doctor en filosof\u00eda por la Complutense de Madrid (con premio extraordinario). Ha sido becario de la Fundaci\u00f3n Caja de Madrid y del MECD en el Instituto de Filosof\u00eda del CSIC, donde ha realizado su investigaci\u00f3n predoctoral bajo la direcci\u00f3n de Javier Echeverr\u00eda, y profesor de la Universidad Europea de Madrid.<\/p>\n","protected":false},"excerpt":{"rendered":"<p>Solapa: La noci\u00f3n de valores es una de las m\u00e1s utilizadas en nuestros d\u00edas, lo mismo en alocuciones pol\u00edticas que en discursos religiosos, art\u00edculos cient\u00edficos o ensayos filos\u00f3ficos. Sin embargo la de valores es tambi\u00e9n una de las nociones m\u00e1s difusas. \u00bfC\u00f3mo es posible que un t\u00e9rmino tan mal definido se utilice como herramienta de explicaci\u00f3n con tanta profusi\u00f3n, sobre todo en el \u00e1mbito cient\u00edfico? El prop\u00f3sito de esta obra es mostrar las dificultades que surgen al usar los valores como claves de interpretaci\u00f3n de la actividad tecnocient\u00edfica y ofrecer alternativas a su empleo indiscriminado. Las dificultades son puestas de manifiesto al separar de la idea tradicional de valor los usos contempor\u00e1neos de valores, distinguir \u00e9stos entre s\u00ed y rastrearlos desde su origen en el \u00faltimo tercio del s. XIX. Un r\u00e1pido recorrido por los estudios de las ciencias de las \u00faltimas d\u00e9cadas sirve para confirmar que usar valores para interpretar las ciencias no acaba de proporcionar una imagen m\u00e1s n\u00edtida de las disciplinas tecnocient\u00edficas. La alternativa que se propone consiste en disolver la distancia entre ciencia y valores -o entre deber y ser- merced a la noci\u00f3n aristot\u00e9lica de prudencia. Con \u00e9sta quedan, adem\u00e1s, abiertos ciertos cauces para abrir las tecnociencias al \u00e1mbito de lo pol\u00edtico -esto es, a la participaci\u00f3n p\u00fablica- sin menoscabo de la posible verdad de sus contenidos. Armando Men\u00e9ndez Viso naci\u00f3 en Oviedo en 1974. Es licenciado en filosof\u00eda por la Universidad de esa ciudad (con premio fin de carrera y segundo premio nacional), licenciado en econom\u00eda por la UNED y doctor en filosof\u00eda por la Complutense de Madrid (con premio extraordinario). Ha sido becario de la Fundaci\u00f3n Caja de Madrid y del MECD en el Instituto de Filosof\u00eda del CSIC, donde ha realizado su investigaci\u00f3n predoctoral bajo la direcci\u00f3n de Javier Echeverr\u00eda, y profesor de la Universidad Europea de Madrid.<\/p>\n","protected":false},"featured_media":3269,"comment_status":"closed","ping_status":"open","template":"","meta":{"_acf_changed":false},"materia_nivel_3":[],"subtema_nivel_2":[2586],"tema_nivel_1":[2587],"product_brand":[],"product_cat":[15],"product_tag":[],"product_author":[4139],"product_collection":[],"class_list":{"0":"post-14942","1":"product","2":"type-product","3":"status-publish","4":"has-post-thumbnail","6":"subtema_nivel_2-filosofia","7":"tema_nivel_1-filosofia-y-pensamiento","8":"product_cat-uncategorized","9":"product_author-menendez-viso-armando","11":"first","12":"instock","13":"purchasable","14":"product-type-simple"},"acf":[],"_links":{"self":[{"href":"https:\/\/dev2.cantalupe.net\/sigloxxi\/wp-json\/wp\/v2\/product\/14942","targetHints":{"allow":["GET"]}}],"collection":[{"href":"https:\/\/dev2.cantalupe.net\/sigloxxi\/wp-json\/wp\/v2\/product"}],"about":[{"href":"https:\/\/dev2.cantalupe.net\/sigloxxi\/wp-json\/wp\/v2\/types\/product"}],"replies":[{"embeddable":true,"href":"https:\/\/dev2.cantalupe.net\/sigloxxi\/wp-json\/wp\/v2\/comments?post=14942"}],"version-history":[{"count":1,"href":"https:\/\/dev2.cantalupe.net\/sigloxxi\/wp-json\/wp\/v2\/product\/14942\/revisions"}],"predecessor-version":[{"id":14943,"href":"https:\/\/dev2.cantalupe.net\/sigloxxi\/wp-json\/wp\/v2\/product\/14942\/revisions\/14943"}],"wp:featuredmedia":[{"embeddable":true,"href":"https:\/\/dev2.cantalupe.net\/sigloxxi\/wp-json\/wp\/v2\/media\/3269"}],"wp:attachment":[{"href":"https:\/\/dev2.cantalupe.net\/sigloxxi\/wp-json\/wp\/v2\/media?parent=14942"}],"wp:term":[{"taxonomy":"materia_nivel_3","embeddable":true,"href":"https:\/\/dev2.cantalupe.net\/sigloxxi\/wp-json\/wp\/v2\/materia_nivel_3?post=14942"},{"taxonomy":"subtema_nivel_2","embeddable":true,"href":"https:\/\/dev2.cantalupe.net\/sigloxxi\/wp-json\/wp\/v2\/subtema_nivel_2?post=14942"},{"taxonomy":"tema_nivel_1","embeddable":true,"href":"https:\/\/dev2.cantalupe.net\/sigloxxi\/wp-json\/wp\/v2\/tema_nivel_1?post=14942"},{"taxonomy":"product_brand","embeddable":true,"href":"https:\/\/dev2.cantalupe.net\/sigloxxi\/wp-json\/wp\/v2\/product_brand?post=14942"},{"taxonomy":"product_cat","embeddable":true,"href":"https:\/\/dev2.cantalupe.net\/sigloxxi\/wp-json\/wp\/v2\/product_cat?post=14942"},{"taxonomy":"product_tag","embeddable":true,"href":"https:\/\/dev2.cantalupe.net\/sigloxxi\/wp-json\/wp\/v2\/product_tag?post=14942"},{"taxonomy":"product_author","embeddable":true,"href":"https:\/\/dev2.cantalupe.net\/sigloxxi\/wp-json\/wp\/v2\/product_author?post=14942"},{"taxonomy":"product_collection","embeddable":true,"href":"https:\/\/dev2.cantalupe.net\/sigloxxi\/wp-json\/wp\/v2\/product_collection?post=14942"}],"curies":[{"name":"wp","href":"https:\/\/api.w.org\/{rel}","templated":true}]}}