{"id":14946,"date":"2025-11-04T14:54:49","date_gmt":"2025-11-04T14:54:49","guid":{"rendered":"https:\/\/dev2.cantalupe.net\/sigloxxi\/libro\/las-clases-sociales-en-el-capitalismo-actual\/"},"modified":"2025-11-04T14:54:51","modified_gmt":"2025-11-04T14:54:51","slug":"las-clases-sociales-en-el-capitalismo-actual","status":"publish","type":"product","link":"https:\/\/dev2.cantalupe.net\/sigloxxi\/libro\/las-clases-sociales-en-el-capitalismo-actual\/","title":{"rendered":"Las clases sociales en el capitalismo actual"},"content":{"rendered":"<p>Estos ensayos no tratan directamente de la clase obrera, clase fundamental en la explotaci\u00f3n a que la burgues\u00eda somete a las masas populares y a la cual corresponde la direcci\u00f3n del proceso revolucionario, debido, sobre todo, a que las cases de que trata m\u00e1s particularmente este texto han sido hasta cierto punto ignoradas por la teor\u00eda marxista. Ahora bien, el hecho de conocer y aislar al enemigo y de saber establecer alianzas precisas debe ser un punto esencial en la estrategia revolucionaria, por lo que, aunque no trata directamente de la clase obrera, est\u00e1 en ellos constantemente presente por el hecho de que los an\u00e1lisis referentes a la burgues\u00eda, a sus contradicciones externas y a su relaci\u00f3n actual con el Estado, remiten permanentemente a la contradicci\u00f3n principal, es decir, a la relaci\u00f3n de la burgues\u00eda con la clase obrera. Los an\u00e1lisis referentes a la fase actual del imperialismo y que tratan tambi\u00e9n de los problemas m\u00e1s generales conciernen igualmente a los pa\u00edses dominados y dependientes. Pero constituyendo el objeto principal del texto las formaciones imperialistas, y en particular las formaciones europeas, el material emp\u00edrico concierne, en cuanto a lo esencial, a esas formaciones. Del mismo autor hemos publish Poder pol\u00edtico y clases sociales en el Estado capitalista, Fascismo y dictadura, Hegemon\u00eda y dominaci\u00f3n en el Estado moderno y La crisis de las dictaduras.<\/p>\n","protected":false},"excerpt":{"rendered":"<p>Estos ensayos no tratan directamente de la clase obrera, clase fundamental en la explotaci\u00f3n a que la burgues\u00eda somete a las masas populares y a la cual corresponde la direcci\u00f3n del proceso revolucionario, debido, sobre todo, a que las cases de que trata m\u00e1s particularmente este texto han sido hasta cierto punto ignoradas por la teor\u00eda marxista. Ahora bien, el hecho de conocer y aislar al enemigo y de saber establecer alianzas precisas debe ser un punto esencial en la estrategia revolucionaria, por lo que, aunque no trata directamente de la clase obrera, est\u00e1 en ellos constantemente presente por el hecho de que los an\u00e1lisis referentes a la burgues\u00eda, a sus contradicciones externas y a su relaci\u00f3n actual con el Estado, remiten permanentemente a la contradicci\u00f3n principal, es decir, a la relaci\u00f3n de la burgues\u00eda con la clase obrera. Los an\u00e1lisis referentes a la fase actual del imperialismo y que tratan tambi\u00e9n de los problemas m\u00e1s generales conciernen igualmente a los pa\u00edses dominados y dependientes. Pero constituyendo el objeto principal del texto las formaciones imperialistas, y en particular las formaciones europeas, el material emp\u00edrico concierne, en cuanto a lo esencial, a esas formaciones. Del mismo autor hemos publish Poder pol\u00edtico y clases sociales en el Estado capitalista, Fascismo y dictadura, Hegemon\u00eda y dominaci\u00f3n en el Estado moderno y La crisis de las dictaduras.<\/p>\n","protected":false},"featured_media":3273,"comment_status":"closed","ping_status":"open","template":"","meta":{"_acf_changed":false},"materia_nivel_3":[],"subtema_nivel_2":[2576],"tema_nivel_1":[2570],"product_brand":[],"product_cat":[15],"product_tag":[],"product_author":[3766],"product_collection":[],"class_list":{"0":"post-14946","1":"product","2":"type-product","3":"status-publish","4":"has-post-thumbnail","6":"subtema_nivel_2-politica","7":"tema_nivel_1-ciencias-sociales","8":"product_cat-uncategorized","9":"product_author-poulantzas-nicos","11":"first","12":"instock","13":"purchasable","14":"product-type-simple"},"acf":[],"_links":{"self":[{"href":"https:\/\/dev2.cantalupe.net\/sigloxxi\/wp-json\/wp\/v2\/product\/14946","targetHints":{"allow":["GET"]}}],"collection":[{"href":"https:\/\/dev2.cantalupe.net\/sigloxxi\/wp-json\/wp\/v2\/product"}],"about":[{"href":"https:\/\/dev2.cantalupe.net\/sigloxxi\/wp-json\/wp\/v2\/types\/product"}],"replies":[{"embeddable":true,"href":"https:\/\/dev2.cantalupe.net\/sigloxxi\/wp-json\/wp\/v2\/comments?post=14946"}],"version-history":[{"count":1,"href":"https:\/\/dev2.cantalupe.net\/sigloxxi\/wp-json\/wp\/v2\/product\/14946\/revisions"}],"predecessor-version":[{"id":14947,"href":"https:\/\/dev2.cantalupe.net\/sigloxxi\/wp-json\/wp\/v2\/product\/14946\/revisions\/14947"}],"wp:featuredmedia":[{"embeddable":true,"href":"https:\/\/dev2.cantalupe.net\/sigloxxi\/wp-json\/wp\/v2\/media\/3273"}],"wp:attachment":[{"href":"https:\/\/dev2.cantalupe.net\/sigloxxi\/wp-json\/wp\/v2\/media?parent=14946"}],"wp:term":[{"taxonomy":"materia_nivel_3","embeddable":true,"href":"https:\/\/dev2.cantalupe.net\/sigloxxi\/wp-json\/wp\/v2\/materia_nivel_3?post=14946"},{"taxonomy":"subtema_nivel_2","embeddable":true,"href":"https:\/\/dev2.cantalupe.net\/sigloxxi\/wp-json\/wp\/v2\/subtema_nivel_2?post=14946"},{"taxonomy":"tema_nivel_1","embeddable":true,"href":"https:\/\/dev2.cantalupe.net\/sigloxxi\/wp-json\/wp\/v2\/tema_nivel_1?post=14946"},{"taxonomy":"product_brand","embeddable":true,"href":"https:\/\/dev2.cantalupe.net\/sigloxxi\/wp-json\/wp\/v2\/product_brand?post=14946"},{"taxonomy":"product_cat","embeddable":true,"href":"https:\/\/dev2.cantalupe.net\/sigloxxi\/wp-json\/wp\/v2\/product_cat?post=14946"},{"taxonomy":"product_tag","embeddable":true,"href":"https:\/\/dev2.cantalupe.net\/sigloxxi\/wp-json\/wp\/v2\/product_tag?post=14946"},{"taxonomy":"product_author","embeddable":true,"href":"https:\/\/dev2.cantalupe.net\/sigloxxi\/wp-json\/wp\/v2\/product_author?post=14946"},{"taxonomy":"product_collection","embeddable":true,"href":"https:\/\/dev2.cantalupe.net\/sigloxxi\/wp-json\/wp\/v2\/product_collection?post=14946"}],"curies":[{"name":"wp","href":"https:\/\/api.w.org\/{rel}","templated":true}]}}