{"id":14966,"date":"2025-11-04T14:54:56","date_gmt":"2025-11-04T14:54:56","guid":{"rendered":"https:\/\/dev2.cantalupe.net\/sigloxxi\/libro\/las-feministas\/"},"modified":"2025-11-04T14:54:56","modified_gmt":"2025-11-04T14:54:56","slug":"las-feministas","status":"publish","type":"product","link":"https:\/\/dev2.cantalupe.net\/sigloxxi\/libro\/las-feministas\/","title":{"rendered":"Las feministas"},"content":{"rendered":"<p>Solapa: Este libro es un primer intento de reunir y sintetizar la informaci\u00f3n disponible sobre los movimientos feministas -tanto liberales como socialistas- que en el siglo XIX y comienzos del XX promueven la emancipaci\u00f3n de la mujer en todo el mundo, no s\u00f3lo en Europa, sino tambi\u00e9n en Estados Unidos, Australia y Nueva Zelanda. La intenci\u00f3n del autor es trazar los or\u00edgenes, el desarrollo y el eventual colapso final de estos movimientos en relaci\u00f3n con los cambios que se producen en la formaci\u00f3n social y en la reestructura pol\u00edtica durante la era del liberalismo burgu\u00e9s. La primera parte del libro estudia los or\u00edgenes de los movimientos feministas y propone un modelo o tipo ideal para la descripci\u00f3n de su desarrollo. La segunda parte examina varios casos concretos de movimientos feministas para ejemplificar las principales variedades -moderadas y radicales- del feminismo organizado y las diferencias en su estructura y evoluci\u00f3n de pa\u00eds a pa\u00eds. La tercera parte se ocupa de los movimientos de mujeres socialistas e incluye un estudio de la Internacional de Mujeres Socialistas. En la cuarta y \u00faltima parte se discuten en t\u00e9rminos generales las razones del eclipse de los movimientos de emancipaci\u00f3n de la mujer en el medio siglo siguiente a la terminaci\u00f3n de la primera guerra mundial. Richard J. Evans es profesor de estudios europeos en la Universidad de East Anglia.<\/p>\n","protected":false},"excerpt":{"rendered":"<p>Solapa: Este libro es un primer intento de reunir y sintetizar la informaci\u00f3n disponible sobre los movimientos feministas -tanto liberales como socialistas- que en el siglo XIX y comienzos del XX promueven la emancipaci\u00f3n de la mujer en todo el mundo, no s\u00f3lo en Europa, sino tambi\u00e9n en Estados Unidos, Australia y Nueva Zelanda. La intenci\u00f3n del autor es trazar los or\u00edgenes, el desarrollo y el eventual colapso final de estos movimientos en relaci\u00f3n con los cambios que se producen en la formaci\u00f3n social y en la reestructura pol\u00edtica durante la era del liberalismo burgu\u00e9s. La primera parte del libro estudia los or\u00edgenes de los movimientos feministas y propone un modelo o tipo ideal para la descripci\u00f3n de su desarrollo. La segunda parte examina varios casos concretos de movimientos feministas para ejemplificar las principales variedades -moderadas y radicales- del feminismo organizado y las diferencias en su estructura y evoluci\u00f3n de pa\u00eds a pa\u00eds. La tercera parte se ocupa de los movimientos de mujeres socialistas e incluye un estudio de la Internacional de Mujeres Socialistas. En la cuarta y \u00faltima parte se discuten en t\u00e9rminos generales las razones del eclipse de los movimientos de emancipaci\u00f3n de la mujer en el medio siglo siguiente a la terminaci\u00f3n de la primera guerra mundial. Richard J. Evans es profesor de estudios europeos en la Universidad de East Anglia.<\/p>\n","protected":false},"featured_media":3292,"comment_status":"closed","ping_status":"open","template":"","meta":{"_acf_changed":false},"materia_nivel_3":[2565],"subtema_nivel_2":[2583],"tema_nivel_1":[2567],"product_brand":[],"product_cat":[15],"product_tag":[],"product_author":[4144],"product_collection":[],"class_list":{"0":"post-14966","1":"product","2":"type-product","3":"status-publish","4":"has-post-thumbnail","6":"materia_nivel_3-contemporanea","7":"subtema_nivel_2-sociologia","8":"tema_nivel_1-historia","9":"product_cat-uncategorized","10":"product_author-evans-richard-j","12":"first","13":"instock","14":"purchasable","15":"product-type-simple"},"acf":[],"_links":{"self":[{"href":"https:\/\/dev2.cantalupe.net\/sigloxxi\/wp-json\/wp\/v2\/product\/14966","targetHints":{"allow":["GET"]}}],"collection":[{"href":"https:\/\/dev2.cantalupe.net\/sigloxxi\/wp-json\/wp\/v2\/product"}],"about":[{"href":"https:\/\/dev2.cantalupe.net\/sigloxxi\/wp-json\/wp\/v2\/types\/product"}],"replies":[{"embeddable":true,"href":"https:\/\/dev2.cantalupe.net\/sigloxxi\/wp-json\/wp\/v2\/comments?post=14966"}],"version-history":[{"count":1,"href":"https:\/\/dev2.cantalupe.net\/sigloxxi\/wp-json\/wp\/v2\/product\/14966\/revisions"}],"predecessor-version":[{"id":14967,"href":"https:\/\/dev2.cantalupe.net\/sigloxxi\/wp-json\/wp\/v2\/product\/14966\/revisions\/14967"}],"wp:featuredmedia":[{"embeddable":true,"href":"https:\/\/dev2.cantalupe.net\/sigloxxi\/wp-json\/wp\/v2\/media\/3292"}],"wp:attachment":[{"href":"https:\/\/dev2.cantalupe.net\/sigloxxi\/wp-json\/wp\/v2\/media?parent=14966"}],"wp:term":[{"taxonomy":"materia_nivel_3","embeddable":true,"href":"https:\/\/dev2.cantalupe.net\/sigloxxi\/wp-json\/wp\/v2\/materia_nivel_3?post=14966"},{"taxonomy":"subtema_nivel_2","embeddable":true,"href":"https:\/\/dev2.cantalupe.net\/sigloxxi\/wp-json\/wp\/v2\/subtema_nivel_2?post=14966"},{"taxonomy":"tema_nivel_1","embeddable":true,"href":"https:\/\/dev2.cantalupe.net\/sigloxxi\/wp-json\/wp\/v2\/tema_nivel_1?post=14966"},{"taxonomy":"product_brand","embeddable":true,"href":"https:\/\/dev2.cantalupe.net\/sigloxxi\/wp-json\/wp\/v2\/product_brand?post=14966"},{"taxonomy":"product_cat","embeddable":true,"href":"https:\/\/dev2.cantalupe.net\/sigloxxi\/wp-json\/wp\/v2\/product_cat?post=14966"},{"taxonomy":"product_tag","embeddable":true,"href":"https:\/\/dev2.cantalupe.net\/sigloxxi\/wp-json\/wp\/v2\/product_tag?post=14966"},{"taxonomy":"product_author","embeddable":true,"href":"https:\/\/dev2.cantalupe.net\/sigloxxi\/wp-json\/wp\/v2\/product_author?post=14966"},{"taxonomy":"product_collection","embeddable":true,"href":"https:\/\/dev2.cantalupe.net\/sigloxxi\/wp-json\/wp\/v2\/product_collection?post=14966"}],"curies":[{"name":"wp","href":"https:\/\/api.w.org\/{rel}","templated":true}]}}