{"id":14972,"date":"2025-11-04T14:54:56","date_gmt":"2025-11-04T14:54:56","guid":{"rendered":"https:\/\/dev2.cantalupe.net\/sigloxxi\/libro\/la-siega-del-olvido\/"},"modified":"2025-11-04T14:55:00","modified_gmt":"2025-11-04T14:55:00","slug":"la-siega-del-olvido","status":"publish","type":"product","link":"https:\/\/dev2.cantalupe.net\/sigloxxi\/libro\/la-siega-del-olvido\/","title":{"rendered":"La siega del olvido"},"content":{"rendered":"<p>Durante a\u00f1os, Espa\u00f1a ha vivido un encendido debate sobre la memoria de la represi\u00f3n franquista durante la Guerra Civil y la Dictadura, que no ha servido sin embargo para aclarar lo que significa recordar un pasado traum\u00e1tico o por qu\u00e9 grandes sectores de la sociedad espa\u00f1ola niegan la pertinencia o el derecho a ese recuerdo.<br \/>\nLa Siega del Olvido es una obra que trata de hacer visibles los canales por los que personas de hoy se sienten completamente concernidas por el horror experimentado hace dos generaciones. Explicitar ese sentimiento le obligar\u00e1 al autor a desplegar recuerdos y experiencias autobiogr\u00e1ficas, muchas veces \u00edntimas. S\u00f3lo as\u00ed podr\u00e1 percibirse de forma fehaciente la presencia del pasado traum\u00e1tico en el individuo.<br \/>\nIndagar en la memoria de la represi\u00f3n implica, no obstante, separarla del concepto de memoria hist\u00f3rica. La innegable contribuci\u00f3n de los historiadores al conocimiento de la represi\u00f3n franquista no les licita para sostener como se ha hecho que Espa\u00f1a les deba a ellos la pervivencia de ese recuerdo. As\u00ed lo evidencian los testimonios legados por \u00c1ngel Piedras, un jornalero t\u00edo abuelo del autor, que fue una de las cientos de v\u00edctimas de la represi\u00f3n vivida en un pueblo de Castilla, Nava del Rey, al comienzo de la contienda. A su salida de la c\u00e1rcel, en 1944, \u00c1ngel Piedras decidi\u00f3 crear una lista que reflejara los nombres de todas las v\u00edctimas de aquella monstruosidad. Con el tiempo, acompa\u00f1ar\u00e1 a la lista con cuadernos de memorias que describ\u00edan una vida llena de horrores que desembocar\u00eda en la tragedia de 1936. De sus obras, no importar\u00e1n tanto los datos que aporte pese a su relevancia como la posici\u00f3n radicalmente \u00e9tica de un particular que se opone de forma abierta y sin esperanza al olvido que le rodea.<\/p>\n","protected":false},"excerpt":{"rendered":"<p>Durante a\u00f1os, Espa\u00f1a ha vivido un encendido debate sobre la memoria de la represi\u00f3n franquista durante la Guerra Civil y la Dictadura, que no ha servido sin embargo para aclarar lo que significa recordar un pasado traum\u00e1tico o por qu\u00e9 grandes sectores de la sociedad espa\u00f1ola niegan la pertinencia o el derecho a ese recuerdo.<br \/>\nLa Siega del Olvido es una obra que trata de hacer visibles los canales por los que personas de hoy se sienten completamente concernidas por el horror experimentado hace dos generaciones. Explicitar ese sentimiento le obligar\u00e1 al autor a desplegar recuerdos y experiencias autobiogr\u00e1ficas, muchas veces \u00edntimas. S\u00f3lo as\u00ed podr\u00e1 percibirse de forma fehaciente la presencia del pasado traum\u00e1tico en el individuo.<br \/>\nIndagar en la memoria de la represi\u00f3n implica, no obstante, separarla del concepto de memoria hist\u00f3rica. La innegable contribuci\u00f3n de los historiadores al conocimiento de la represi\u00f3n franquista no les licita para sostener como se ha hecho que Espa\u00f1a les deba a ellos la pervivencia de ese recuerdo. As\u00ed lo evidencian los testimonios legados por \u00c1ngel Piedras, un jornalero t\u00edo abuelo del autor, que fue una de las cientos de v\u00edctimas de la represi\u00f3n vivida en un pueblo de Castilla, Nava del Rey, al comienzo de la contienda. A su salida de la c\u00e1rcel, en 1944, \u00c1ngel Piedras decidi\u00f3 crear una lista que reflejara los nombres de todas las v\u00edctimas de aquella monstruosidad. Con el tiempo, acompa\u00f1ar\u00e1 a la lista con cuadernos de memorias que describ\u00edan una vida llena de horrores que desembocar\u00eda en la tragedia de 1936. De sus obras, no importar\u00e1n tanto los datos que aporte pese a su relevancia como la posici\u00f3n radicalmente \u00e9tica de un particular que se opone de forma abierta y sin esperanza al olvido que le rodea.<\/p>\n","protected":false},"featured_media":3297,"comment_status":"closed","ping_status":"open","template":"","meta":{"_acf_changed":false},"materia_nivel_3":[2565,2775],"subtema_nivel_2":[2561],"tema_nivel_1":[2567],"product_brand":[],"product_cat":[15],"product_tag":[],"product_author":[4147],"product_collection":[],"class_list":{"0":"post-14972","1":"product","2":"type-product","3":"status-publish","4":"has-post-thumbnail","6":"materia_nivel_3-contemporanea","7":"materia_nivel_3-historiografia-metodologia-y-teoria-de-la-historia","8":"subtema_nivel_2-historia","9":"tema_nivel_1-historia","10":"product_cat-uncategorized","11":"product_author-piedras-monroy-pedro","13":"first","14":"instock","15":"purchasable","16":"product-type-simple"},"acf":[],"_links":{"self":[{"href":"https:\/\/dev2.cantalupe.net\/sigloxxi\/wp-json\/wp\/v2\/product\/14972","targetHints":{"allow":["GET"]}}],"collection":[{"href":"https:\/\/dev2.cantalupe.net\/sigloxxi\/wp-json\/wp\/v2\/product"}],"about":[{"href":"https:\/\/dev2.cantalupe.net\/sigloxxi\/wp-json\/wp\/v2\/types\/product"}],"replies":[{"embeddable":true,"href":"https:\/\/dev2.cantalupe.net\/sigloxxi\/wp-json\/wp\/v2\/comments?post=14972"}],"version-history":[{"count":1,"href":"https:\/\/dev2.cantalupe.net\/sigloxxi\/wp-json\/wp\/v2\/product\/14972\/revisions"}],"predecessor-version":[{"id":14973,"href":"https:\/\/dev2.cantalupe.net\/sigloxxi\/wp-json\/wp\/v2\/product\/14972\/revisions\/14973"}],"wp:featuredmedia":[{"embeddable":true,"href":"https:\/\/dev2.cantalupe.net\/sigloxxi\/wp-json\/wp\/v2\/media\/3297"}],"wp:attachment":[{"href":"https:\/\/dev2.cantalupe.net\/sigloxxi\/wp-json\/wp\/v2\/media?parent=14972"}],"wp:term":[{"taxonomy":"materia_nivel_3","embeddable":true,"href":"https:\/\/dev2.cantalupe.net\/sigloxxi\/wp-json\/wp\/v2\/materia_nivel_3?post=14972"},{"taxonomy":"subtema_nivel_2","embeddable":true,"href":"https:\/\/dev2.cantalupe.net\/sigloxxi\/wp-json\/wp\/v2\/subtema_nivel_2?post=14972"},{"taxonomy":"tema_nivel_1","embeddable":true,"href":"https:\/\/dev2.cantalupe.net\/sigloxxi\/wp-json\/wp\/v2\/tema_nivel_1?post=14972"},{"taxonomy":"product_brand","embeddable":true,"href":"https:\/\/dev2.cantalupe.net\/sigloxxi\/wp-json\/wp\/v2\/product_brand?post=14972"},{"taxonomy":"product_cat","embeddable":true,"href":"https:\/\/dev2.cantalupe.net\/sigloxxi\/wp-json\/wp\/v2\/product_cat?post=14972"},{"taxonomy":"product_tag","embeddable":true,"href":"https:\/\/dev2.cantalupe.net\/sigloxxi\/wp-json\/wp\/v2\/product_tag?post=14972"},{"taxonomy":"product_author","embeddable":true,"href":"https:\/\/dev2.cantalupe.net\/sigloxxi\/wp-json\/wp\/v2\/product_author?post=14972"},{"taxonomy":"product_collection","embeddable":true,"href":"https:\/\/dev2.cantalupe.net\/sigloxxi\/wp-json\/wp\/v2\/product_collection?post=14972"}],"curies":[{"name":"wp","href":"https:\/\/api.w.org\/{rel}","templated":true}]}}