{"id":14982,"date":"2025-11-04T14:54:56","date_gmt":"2025-11-04T14:54:56","guid":{"rendered":"https:\/\/dev2.cantalupe.net\/sigloxxi\/libro\/las-luchas-de-clases-en-la-urss-2\/"},"modified":"2025-11-04T14:55:01","modified_gmt":"2025-11-04T14:55:01","slug":"las-luchas-de-clases-en-la-urss-2","status":"publish","type":"product","link":"https:\/\/dev2.cantalupe.net\/sigloxxi\/libro\/las-luchas-de-clases-en-la-urss-2\/","title":{"rendered":"Las luchas de clases en la URSS"},"content":{"rendered":"<p>Solapa: En su monumental obra dedicada a la historia de la URSS, Charles Bettelheim se aparta deliberadamente de todo intento de presentar esta historia como si fuera la realizaci\u00f3n de las ideas de Marx, Engels, Lenin o Stalin, y tambi\u00e9n se aparta de las interpretaciones ortodoxas que la presentan como el producto de las decisiones del partido bolchevique y del Estado sovi\u00e9tico. Rasgos comunes a estos tratamientos idealistas de la historia de la formaci\u00f3n sovi\u00e9tica son: la ignorancia de las contradicciones objetivas (incluidas las que se producen a nivel ideol\u00f3gico) y el desconocimiento de las diversas formas de luchas de clases, y del papel de las representaciones heredadas del pasado, que pesan tanto sobre las aspiraciones de las masas como sobre los puntos de vista de los dirigentes. Al estudiar el per\u00edodo posterior a la muerte de Lenin, Charles Bettelheim se dedica especialmente en este segundo volumen de su obra a analizar esta fusi\u00f3n de contradicciones que aparece a finales de los a\u00f1os veinte como una crisis general de la Nueva Pol\u00edtica Econ\u00f3mica, y que expresa de hecho, en v\u00edsperas del gran viraje, el fracaso de los intentos de la alianza obrera y campesina en la URSS. En el centro de este an\u00e1lisis se aborda por primera vez la cuesti\u00f3n de las relaciones entre el proceso de cambio de la formaci\u00f3n social sovi\u00e9tica, y el que afecta a la formaci\u00f3n ideol\u00f3gica bolchevique, algunos de cuyos aspectos est\u00e1n lejos del marxismo revolucionario. Cualquiera que desee explicarse a partir de ahora ese per\u00edodo de la historia sovi\u00e9tica conocido vulgarmente bajo el nombre de per\u00edodo de culto a la personalidad, deber\u00e1 referirse inevitablemente a la innovadora obra de Charles Bettelheim. De este autor, Siglo XXI ha publish Las luchas de clases en la URSS. Primer per\u00edodo (1917-1923). C\u00e1lculo econ\u00f3mico y formas de propiedad y Revoluci\u00f3n cultural y organizaci\u00f3n industrial en China. Su debate con P. M. Sweezy sobre Algunos problemas actuales del socialismo y, en colaboraci\u00f3n con otros autores, Imperialismo y comercio internacional.<\/p>\n","protected":false},"excerpt":{"rendered":"<p>Solapa: En su monumental obra dedicada a la historia de la URSS, Charles Bettelheim se aparta deliberadamente de todo intento de presentar esta historia como si fuera la realizaci\u00f3n de las ideas de Marx, Engels, Lenin o Stalin, y tambi\u00e9n se aparta de las interpretaciones ortodoxas que la presentan como el producto de las decisiones del partido bolchevique y del Estado sovi\u00e9tico. Rasgos comunes a estos tratamientos idealistas de la historia de la formaci\u00f3n sovi\u00e9tica son: la ignorancia de las contradicciones objetivas (incluidas las que se producen a nivel ideol\u00f3gico) y el desconocimiento de las diversas formas de luchas de clases, y del papel de las representaciones heredadas del pasado, que pesan tanto sobre las aspiraciones de las masas como sobre los puntos de vista de los dirigentes. Al estudiar el per\u00edodo posterior a la muerte de Lenin, Charles Bettelheim se dedica especialmente en este segundo volumen de su obra a analizar esta fusi\u00f3n de contradicciones que aparece a finales de los a\u00f1os veinte como una crisis general de la Nueva Pol\u00edtica Econ\u00f3mica, y que expresa de hecho, en v\u00edsperas del gran viraje, el fracaso de los intentos de la alianza obrera y campesina en la URSS. En el centro de este an\u00e1lisis se aborda por primera vez la cuesti\u00f3n de las relaciones entre el proceso de cambio de la formaci\u00f3n social sovi\u00e9tica, y el que afecta a la formaci\u00f3n ideol\u00f3gica bolchevique, algunos de cuyos aspectos est\u00e1n lejos del marxismo revolucionario. Cualquiera que desee explicarse a partir de ahora ese per\u00edodo de la historia sovi\u00e9tica conocido vulgarmente bajo el nombre de per\u00edodo de culto a la personalidad, deber\u00e1 referirse inevitablemente a la innovadora obra de Charles Bettelheim. De este autor, Siglo XXI ha publish Las luchas de clases en la URSS. Primer per\u00edodo (1917-1923). C\u00e1lculo econ\u00f3mico y formas de propiedad y Revoluci\u00f3n cultural y organizaci\u00f3n industrial en China. Su debate con P. M. Sweezy sobre Algunos problemas actuales del socialismo y, en colaboraci\u00f3n con otros autores, Imperialismo y comercio internacional.<\/p>\n","protected":false},"featured_media":3306,"comment_status":"closed","ping_status":"open","template":"","meta":{"_acf_changed":false},"materia_nivel_3":[2565],"subtema_nivel_2":[2576],"tema_nivel_1":[2567],"product_brand":[],"product_cat":[15],"product_tag":[],"product_author":[2806],"product_collection":[],"class_list":{"0":"post-14982","1":"product","2":"type-product","3":"status-publish","4":"has-post-thumbnail","6":"materia_nivel_3-contemporanea","7":"subtema_nivel_2-politica","8":"tema_nivel_1-historia","9":"product_cat-uncategorized","10":"product_author-bettelheim-charles","12":"first","13":"instock","14":"purchasable","15":"product-type-simple"},"acf":[],"_links":{"self":[{"href":"https:\/\/dev2.cantalupe.net\/sigloxxi\/wp-json\/wp\/v2\/product\/14982","targetHints":{"allow":["GET"]}}],"collection":[{"href":"https:\/\/dev2.cantalupe.net\/sigloxxi\/wp-json\/wp\/v2\/product"}],"about":[{"href":"https:\/\/dev2.cantalupe.net\/sigloxxi\/wp-json\/wp\/v2\/types\/product"}],"replies":[{"embeddable":true,"href":"https:\/\/dev2.cantalupe.net\/sigloxxi\/wp-json\/wp\/v2\/comments?post=14982"}],"version-history":[{"count":1,"href":"https:\/\/dev2.cantalupe.net\/sigloxxi\/wp-json\/wp\/v2\/product\/14982\/revisions"}],"predecessor-version":[{"id":14983,"href":"https:\/\/dev2.cantalupe.net\/sigloxxi\/wp-json\/wp\/v2\/product\/14982\/revisions\/14983"}],"wp:featuredmedia":[{"embeddable":true,"href":"https:\/\/dev2.cantalupe.net\/sigloxxi\/wp-json\/wp\/v2\/media\/3306"}],"wp:attachment":[{"href":"https:\/\/dev2.cantalupe.net\/sigloxxi\/wp-json\/wp\/v2\/media?parent=14982"}],"wp:term":[{"taxonomy":"materia_nivel_3","embeddable":true,"href":"https:\/\/dev2.cantalupe.net\/sigloxxi\/wp-json\/wp\/v2\/materia_nivel_3?post=14982"},{"taxonomy":"subtema_nivel_2","embeddable":true,"href":"https:\/\/dev2.cantalupe.net\/sigloxxi\/wp-json\/wp\/v2\/subtema_nivel_2?post=14982"},{"taxonomy":"tema_nivel_1","embeddable":true,"href":"https:\/\/dev2.cantalupe.net\/sigloxxi\/wp-json\/wp\/v2\/tema_nivel_1?post=14982"},{"taxonomy":"product_brand","embeddable":true,"href":"https:\/\/dev2.cantalupe.net\/sigloxxi\/wp-json\/wp\/v2\/product_brand?post=14982"},{"taxonomy":"product_cat","embeddable":true,"href":"https:\/\/dev2.cantalupe.net\/sigloxxi\/wp-json\/wp\/v2\/product_cat?post=14982"},{"taxonomy":"product_tag","embeddable":true,"href":"https:\/\/dev2.cantalupe.net\/sigloxxi\/wp-json\/wp\/v2\/product_tag?post=14982"},{"taxonomy":"product_author","embeddable":true,"href":"https:\/\/dev2.cantalupe.net\/sigloxxi\/wp-json\/wp\/v2\/product_author?post=14982"},{"taxonomy":"product_collection","embeddable":true,"href":"https:\/\/dev2.cantalupe.net\/sigloxxi\/wp-json\/wp\/v2\/product_collection?post=14982"}],"curies":[{"name":"wp","href":"https:\/\/api.w.org\/{rel}","templated":true}]}}