{"id":14984,"date":"2025-11-04T14:54:56","date_gmt":"2025-11-04T14:54:56","guid":{"rendered":"https:\/\/dev2.cantalupe.net\/sigloxxi\/libro\/las-medidas-y-los-hombres\/"},"modified":"2025-11-04T14:55:01","modified_gmt":"2025-11-04T14:55:01","slug":"las-medidas-y-los-hombres","status":"publish","type":"product","link":"https:\/\/dev2.cantalupe.net\/sigloxxi\/libro\/las-medidas-y-los-hombres\/","title":{"rendered":"Las medidas y los hombres"},"content":{"rendered":"<p>Durante el periodo jacobino, el sistema m\u00e9trico se convirti\u00f3 en objeto de orgullo nacional para la Francia revolucionaria, por constituir un don perfecto ofrecido a \u00abtodos los pueblos y todas las \u00e9pocas\u00bb. Hasta entonces, cualquier medida, incluso las que ten\u00edan la misma denominaci\u00f3n pie, arroba, codo, refer\u00eda a distintos tama\u00f1os seg\u00fan el lugar y objeto de medici\u00f3n. El metro deb\u00eda ser universal, el patr\u00f3n con el que cualquier cosa deb\u00eda ser medida, y, al igual que la libertad, fue llevado a todo el mundo en las puntas de las bayonetas, ya que la capacidad de conferir obligatoriedad a las medidas est\u00e1 ligada al poder. Las medidas y los hombres marca los hitos de la historia de los sistemas de medici\u00f3n, de los v\u00ednculos de \u00e9stos con el todo social del que surgen y en cuyo marco adquieren sentido. Toda medida, en tanto convenci\u00f3n, ha de ser contemplada como expresi\u00f3n de las relaciones entre los hombres y, por ello, es fuente de conocimiento del campo de batalla donde se dirime la lucha entre los intereses de los campesinos y los se\u00f1ores, y de las asociaciones entre pa\u00edses y civilizaciones. La progresiva unificaci\u00f3n metrol\u00f3gica a lo largo de los tiempos es indicativa de uno de los procesos hist\u00f3ricos m\u00e1s importantes: el proceso de unificaci\u00f3n de la humanidad bajo un mismo patr\u00f3n.<\/p>\n","protected":false},"excerpt":{"rendered":"<p>Durante el periodo jacobino, el sistema m\u00e9trico se convirti\u00f3 en objeto de orgullo nacional para la Francia revolucionaria, por constituir un don perfecto ofrecido a \u00abtodos los pueblos y todas las \u00e9pocas\u00bb. Hasta entonces, cualquier medida, incluso las que ten\u00edan la misma denominaci\u00f3n pie, arroba, codo, refer\u00eda a distintos tama\u00f1os seg\u00fan el lugar y objeto de medici\u00f3n. El metro deb\u00eda ser universal, el patr\u00f3n con el que cualquier cosa deb\u00eda ser medida, y, al igual que la libertad, fue llevado a todo el mundo en las puntas de las bayonetas, ya que la capacidad de conferir obligatoriedad a las medidas est\u00e1 ligada al poder. Las medidas y los hombres marca los hitos de la historia de los sistemas de medici\u00f3n, de los v\u00ednculos de \u00e9stos con el todo social del que surgen y en cuyo marco adquieren sentido. Toda medida, en tanto convenci\u00f3n, ha de ser contemplada como expresi\u00f3n de las relaciones entre los hombres y, por ello, es fuente de conocimiento del campo de batalla donde se dirime la lucha entre los intereses de los campesinos y los se\u00f1ores, y de las asociaciones entre pa\u00edses y civilizaciones. La progresiva unificaci\u00f3n metrol\u00f3gica a lo largo de los tiempos es indicativa de uno de los procesos hist\u00f3ricos m\u00e1s importantes: el proceso de unificaci\u00f3n de la humanidad bajo un mismo patr\u00f3n.<\/p>\n","protected":false},"featured_media":3308,"comment_status":"closed","ping_status":"open","template":"","meta":{"_acf_changed":false},"materia_nivel_3":[2565,2558],"subtema_nivel_2":[2561],"tema_nivel_1":[2567],"product_brand":[],"product_cat":[15],"product_tag":[],"product_author":[4148],"product_collection":[],"class_list":{"0":"post-14984","1":"product","2":"type-product","3":"status-publish","4":"has-post-thumbnail","6":"materia_nivel_3-contemporanea","7":"materia_nivel_3-moderna","8":"subtema_nivel_2-historia","9":"tema_nivel_1-historia","10":"product_cat-uncategorized","11":"product_author-kula-witold","13":"first","14":"instock","15":"purchasable","16":"product-type-simple"},"acf":[],"_links":{"self":[{"href":"https:\/\/dev2.cantalupe.net\/sigloxxi\/wp-json\/wp\/v2\/product\/14984","targetHints":{"allow":["GET"]}}],"collection":[{"href":"https:\/\/dev2.cantalupe.net\/sigloxxi\/wp-json\/wp\/v2\/product"}],"about":[{"href":"https:\/\/dev2.cantalupe.net\/sigloxxi\/wp-json\/wp\/v2\/types\/product"}],"replies":[{"embeddable":true,"href":"https:\/\/dev2.cantalupe.net\/sigloxxi\/wp-json\/wp\/v2\/comments?post=14984"}],"version-history":[{"count":1,"href":"https:\/\/dev2.cantalupe.net\/sigloxxi\/wp-json\/wp\/v2\/product\/14984\/revisions"}],"predecessor-version":[{"id":14985,"href":"https:\/\/dev2.cantalupe.net\/sigloxxi\/wp-json\/wp\/v2\/product\/14984\/revisions\/14985"}],"wp:featuredmedia":[{"embeddable":true,"href":"https:\/\/dev2.cantalupe.net\/sigloxxi\/wp-json\/wp\/v2\/media\/3308"}],"wp:attachment":[{"href":"https:\/\/dev2.cantalupe.net\/sigloxxi\/wp-json\/wp\/v2\/media?parent=14984"}],"wp:term":[{"taxonomy":"materia_nivel_3","embeddable":true,"href":"https:\/\/dev2.cantalupe.net\/sigloxxi\/wp-json\/wp\/v2\/materia_nivel_3?post=14984"},{"taxonomy":"subtema_nivel_2","embeddable":true,"href":"https:\/\/dev2.cantalupe.net\/sigloxxi\/wp-json\/wp\/v2\/subtema_nivel_2?post=14984"},{"taxonomy":"tema_nivel_1","embeddable":true,"href":"https:\/\/dev2.cantalupe.net\/sigloxxi\/wp-json\/wp\/v2\/tema_nivel_1?post=14984"},{"taxonomy":"product_brand","embeddable":true,"href":"https:\/\/dev2.cantalupe.net\/sigloxxi\/wp-json\/wp\/v2\/product_brand?post=14984"},{"taxonomy":"product_cat","embeddable":true,"href":"https:\/\/dev2.cantalupe.net\/sigloxxi\/wp-json\/wp\/v2\/product_cat?post=14984"},{"taxonomy":"product_tag","embeddable":true,"href":"https:\/\/dev2.cantalupe.net\/sigloxxi\/wp-json\/wp\/v2\/product_tag?post=14984"},{"taxonomy":"product_author","embeddable":true,"href":"https:\/\/dev2.cantalupe.net\/sigloxxi\/wp-json\/wp\/v2\/product_author?post=14984"},{"taxonomy":"product_collection","embeddable":true,"href":"https:\/\/dev2.cantalupe.net\/sigloxxi\/wp-json\/wp\/v2\/product_collection?post=14984"}],"curies":[{"name":"wp","href":"https:\/\/api.w.org\/{rel}","templated":true}]}}