{"id":14988,"date":"2025-11-04T14:54:56","date_gmt":"2025-11-04T14:54:56","guid":{"rendered":"https:\/\/dev2.cantalupe.net\/sigloxxi\/libro\/las-novelas-ejemplares-de-cervantes\/"},"modified":"2025-11-04T14:55:01","modified_gmt":"2025-11-04T14:55:01","slug":"las-novelas-ejemplares-de-cervantes","status":"publish","type":"product","link":"https:\/\/dev2.cantalupe.net\/sigloxxi\/libro\/las-novelas-ejemplares-de-cervantes\/","title":{"rendered":"Las Novelas Ejemplares de Cervantes"},"content":{"rendered":"<p>&#8220;Seg\u00fan el estudio del profesor Zimic, las Novelas ejemplares -como ocurre esencialmente con el Quijote, que es una parodia genial de los libros de caballer\u00edas y, a la vez, el mejor de ellos jam\u00e1s escrito- se revelan como un amplio e inteligente programa cr\u00edtico que corrige, parodia e innova de ra\u00edz el concepto de novella espa\u00f1ola y europea anterior, a la vez que se imponen como las mejores novelas cortas escritas hasta entonces y entre las m\u00e1s extraordinarias de todos los tiempos en cualquier idioma. Esa profunda innovaci\u00f3n incluye la demostraci\u00f3n de la posibilidad de utilizar, actualizar con &#8220;&#8221;propiedad&#8221;&#8221;, la materia de cualquier g\u00e9nero narrativo y hasta de otros g\u00e9neros (filos\u00f3fico, did\u00e1ctico, po\u00e9tico, oral, etc.) en forma de novela corta con pretensiones de originalidad y modernidad. Al significado original de la Novella como &#8220;&#8221;noticia&#8221;&#8221;, novedad de alg\u00fan suceso, Cervantes a\u00f1ade un sentido mucho m\u00e1s profundo con sus Novelas ejemplares: originalidad, novedad del&#8221;&#8221; mensaje y de su forma comunicativa, expresiva.&#8221;<\/p>\n","protected":false},"excerpt":{"rendered":"<p>&#8220;Seg\u00fan el estudio del profesor Zimic, las Novelas ejemplares -como ocurre esencialmente con el Quijote, que es una parodia genial de los libros de caballer\u00edas y, a la vez, el mejor de ellos jam\u00e1s escrito- se revelan como un amplio e inteligente programa cr\u00edtico que corrige, parodia e innova de ra\u00edz el concepto de novella espa\u00f1ola y europea anterior, a la vez que se imponen como las mejores novelas cortas escritas hasta entonces y entre las m\u00e1s extraordinarias de todos los tiempos en cualquier idioma. Esa profunda innovaci\u00f3n incluye la demostraci\u00f3n de la posibilidad de utilizar, actualizar con &#8220;&#8221;propiedad&#8221;&#8221;, la materia de cualquier g\u00e9nero narrativo y hasta de otros g\u00e9neros (filos\u00f3fico, did\u00e1ctico, po\u00e9tico, oral, etc.) en forma de novela corta con pretensiones de originalidad y modernidad. Al significado original de la Novella como &#8220;&#8221;noticia&#8221;&#8221;, novedad de alg\u00fan suceso, Cervantes a\u00f1ade un sentido mucho m\u00e1s profundo con sus Novelas ejemplares: originalidad, novedad del&#8221;&#8221; mensaje y de su forma comunicativa, expresiva.&#8221;<\/p>\n","protected":false},"featured_media":3312,"comment_status":"closed","ping_status":"open","template":"","meta":{"_acf_changed":false},"materia_nivel_3":[2619],"subtema_nivel_2":[],"tema_nivel_1":[2563],"product_brand":[],"product_cat":[15],"product_tag":[],"product_author":[4149],"product_collection":[],"class_list":{"0":"post-14988","1":"product","2":"type-product","3":"status-publish","4":"has-post-thumbnail","6":"materia_nivel_3-teoria-literaria","7":"tema_nivel_1-siglo-xxi-de-espana-general","8":"product_cat-uncategorized","9":"product_author-zimic-stanislav","11":"first","12":"instock","13":"purchasable","14":"product-type-simple"},"acf":[],"_links":{"self":[{"href":"https:\/\/dev2.cantalupe.net\/sigloxxi\/wp-json\/wp\/v2\/product\/14988","targetHints":{"allow":["GET"]}}],"collection":[{"href":"https:\/\/dev2.cantalupe.net\/sigloxxi\/wp-json\/wp\/v2\/product"}],"about":[{"href":"https:\/\/dev2.cantalupe.net\/sigloxxi\/wp-json\/wp\/v2\/types\/product"}],"replies":[{"embeddable":true,"href":"https:\/\/dev2.cantalupe.net\/sigloxxi\/wp-json\/wp\/v2\/comments?post=14988"}],"version-history":[{"count":1,"href":"https:\/\/dev2.cantalupe.net\/sigloxxi\/wp-json\/wp\/v2\/product\/14988\/revisions"}],"predecessor-version":[{"id":14989,"href":"https:\/\/dev2.cantalupe.net\/sigloxxi\/wp-json\/wp\/v2\/product\/14988\/revisions\/14989"}],"wp:featuredmedia":[{"embeddable":true,"href":"https:\/\/dev2.cantalupe.net\/sigloxxi\/wp-json\/wp\/v2\/media\/3312"}],"wp:attachment":[{"href":"https:\/\/dev2.cantalupe.net\/sigloxxi\/wp-json\/wp\/v2\/media?parent=14988"}],"wp:term":[{"taxonomy":"materia_nivel_3","embeddable":true,"href":"https:\/\/dev2.cantalupe.net\/sigloxxi\/wp-json\/wp\/v2\/materia_nivel_3?post=14988"},{"taxonomy":"subtema_nivel_2","embeddable":true,"href":"https:\/\/dev2.cantalupe.net\/sigloxxi\/wp-json\/wp\/v2\/subtema_nivel_2?post=14988"},{"taxonomy":"tema_nivel_1","embeddable":true,"href":"https:\/\/dev2.cantalupe.net\/sigloxxi\/wp-json\/wp\/v2\/tema_nivel_1?post=14988"},{"taxonomy":"product_brand","embeddable":true,"href":"https:\/\/dev2.cantalupe.net\/sigloxxi\/wp-json\/wp\/v2\/product_brand?post=14988"},{"taxonomy":"product_cat","embeddable":true,"href":"https:\/\/dev2.cantalupe.net\/sigloxxi\/wp-json\/wp\/v2\/product_cat?post=14988"},{"taxonomy":"product_tag","embeddable":true,"href":"https:\/\/dev2.cantalupe.net\/sigloxxi\/wp-json\/wp\/v2\/product_tag?post=14988"},{"taxonomy":"product_author","embeddable":true,"href":"https:\/\/dev2.cantalupe.net\/sigloxxi\/wp-json\/wp\/v2\/product_author?post=14988"},{"taxonomy":"product_collection","embeddable":true,"href":"https:\/\/dev2.cantalupe.net\/sigloxxi\/wp-json\/wp\/v2\/product_collection?post=14988"}],"curies":[{"name":"wp","href":"https:\/\/api.w.org\/{rel}","templated":true}]}}