{"id":15012,"date":"2025-11-04T14:55:03","date_gmt":"2025-11-04T14:55:03","guid":{"rendered":"https:\/\/dev2.cantalupe.net\/sigloxxi\/libro\/la-sombra-de-anibal\/"},"modified":"2025-11-04T14:55:04","modified_gmt":"2025-11-04T14:55:04","slug":"la-sombra-de-anibal","status":"publish","type":"product","link":"https:\/\/dev2.cantalupe.net\/sigloxxi\/libro\/la-sombra-de-anibal\/","title":{"rendered":"La sombra de An\u00edbal"},"content":{"rendered":"<p>La sombra de An\u00edbal se proyecta amenazante<br \/>\nsobre Roma. Su enemigo m\u00e1s formidable arrincona a la Rep\u00fablica en la disputa<br \/>\npor la hegemon\u00eda del Mediterr\u00e1neo occidental y reta a los m\u00e1s distinguidos<br \/>\npol\u00edticos y militares. \u00bfQui\u00e9nes tendr\u00e1n el valor para enfrentarse al<br \/>\ncartagin\u00e9s? Los l\u00edderes romanos que asuman el reto luchar\u00e1n por la victoria<br \/>\nentrelazando sus brillantes trayectorias sin abandonar sus inflexibles<br \/>\nrivalidades.<br \/>\n\tPopulistas, conservadores, filohelenos,<br \/>\ncesaristas y adalides contra la corrupci\u00f3n, hombres carism\u00e1ticos, agitar\u00e1n en<br \/>\nsu favor los resortes democr\u00e1ticos de las asambleas populares y escudar\u00e1n sus<br \/>\nactos en la religi\u00f3n oficial, aunque tambi\u00e9n ser\u00e1n capaces de establecer<br \/>\nconcordias frente al enemigo com\u00fan.<br \/>\n\tLa sombra de An\u00edbal, del prestigioso historiador Pedro \u00c1ngel Fern\u00e1ndez Vega, es la historia<br \/>\nde los l\u00edderes que luchar\u00e1n por su gloria y por la salvaci\u00f3n y la grandeza de<br \/>\nRoma.<\/p>\n","protected":false},"excerpt":{"rendered":"<p>La sombra de An\u00edbal se proyecta amenazante<br \/>\nsobre Roma. Su enemigo m\u00e1s formidable arrincona a la Rep\u00fablica en la disputa<br \/>\npor la hegemon\u00eda del Mediterr\u00e1neo occidental y reta a los m\u00e1s distinguidos<br \/>\npol\u00edticos y militares. \u00bfQui\u00e9nes tendr\u00e1n el valor para enfrentarse al<br \/>\ncartagin\u00e9s? Los l\u00edderes romanos que asuman el reto luchar\u00e1n por la victoria<br \/>\nentrelazando sus brillantes trayectorias sin abandonar sus inflexibles<br \/>\nrivalidades.<br \/>\n\tPopulistas, conservadores, filohelenos,<br \/>\ncesaristas y adalides contra la corrupci\u00f3n, hombres carism\u00e1ticos, agitar\u00e1n en<br \/>\nsu favor los resortes democr\u00e1ticos de las asambleas populares y escudar\u00e1n sus<br \/>\nactos en la religi\u00f3n oficial, aunque tambi\u00e9n ser\u00e1n capaces de establecer<br \/>\nconcordias frente al enemigo com\u00fan.<br \/>\n\tLa sombra de An\u00edbal, del prestigioso historiador Pedro \u00c1ngel Fern\u00e1ndez Vega, es la historia<br \/>\nde los l\u00edderes que luchar\u00e1n por su gloria y por la salvaci\u00f3n y la grandeza de<br \/>\nRoma.<\/p>\n","protected":false},"featured_media":3335,"comment_status":"closed","ping_status":"open","template":"","meta":{"_acf_changed":false},"materia_nivel_3":[2660],"subtema_nivel_2":[2561],"tema_nivel_1":[2567],"product_brand":[],"product_cat":[15],"product_tag":[],"product_author":[2862],"product_collection":[],"class_list":{"0":"post-15012","1":"product","2":"type-product","3":"status-publish","4":"has-post-thumbnail","6":"materia_nivel_3-antigua","7":"subtema_nivel_2-historia","8":"tema_nivel_1-historia","9":"product_cat-uncategorized","10":"product_author-fernandez-vega-pedro-angel","12":"first","13":"instock","14":"purchasable","15":"product-type-simple"},"acf":[],"_links":{"self":[{"href":"https:\/\/dev2.cantalupe.net\/sigloxxi\/wp-json\/wp\/v2\/product\/15012","targetHints":{"allow":["GET"]}}],"collection":[{"href":"https:\/\/dev2.cantalupe.net\/sigloxxi\/wp-json\/wp\/v2\/product"}],"about":[{"href":"https:\/\/dev2.cantalupe.net\/sigloxxi\/wp-json\/wp\/v2\/types\/product"}],"replies":[{"embeddable":true,"href":"https:\/\/dev2.cantalupe.net\/sigloxxi\/wp-json\/wp\/v2\/comments?post=15012"}],"version-history":[{"count":1,"href":"https:\/\/dev2.cantalupe.net\/sigloxxi\/wp-json\/wp\/v2\/product\/15012\/revisions"}],"predecessor-version":[{"id":15013,"href":"https:\/\/dev2.cantalupe.net\/sigloxxi\/wp-json\/wp\/v2\/product\/15012\/revisions\/15013"}],"wp:featuredmedia":[{"embeddable":true,"href":"https:\/\/dev2.cantalupe.net\/sigloxxi\/wp-json\/wp\/v2\/media\/3335"}],"wp:attachment":[{"href":"https:\/\/dev2.cantalupe.net\/sigloxxi\/wp-json\/wp\/v2\/media?parent=15012"}],"wp:term":[{"taxonomy":"materia_nivel_3","embeddable":true,"href":"https:\/\/dev2.cantalupe.net\/sigloxxi\/wp-json\/wp\/v2\/materia_nivel_3?post=15012"},{"taxonomy":"subtema_nivel_2","embeddable":true,"href":"https:\/\/dev2.cantalupe.net\/sigloxxi\/wp-json\/wp\/v2\/subtema_nivel_2?post=15012"},{"taxonomy":"tema_nivel_1","embeddable":true,"href":"https:\/\/dev2.cantalupe.net\/sigloxxi\/wp-json\/wp\/v2\/tema_nivel_1?post=15012"},{"taxonomy":"product_brand","embeddable":true,"href":"https:\/\/dev2.cantalupe.net\/sigloxxi\/wp-json\/wp\/v2\/product_brand?post=15012"},{"taxonomy":"product_cat","embeddable":true,"href":"https:\/\/dev2.cantalupe.net\/sigloxxi\/wp-json\/wp\/v2\/product_cat?post=15012"},{"taxonomy":"product_tag","embeddable":true,"href":"https:\/\/dev2.cantalupe.net\/sigloxxi\/wp-json\/wp\/v2\/product_tag?post=15012"},{"taxonomy":"product_author","embeddable":true,"href":"https:\/\/dev2.cantalupe.net\/sigloxxi\/wp-json\/wp\/v2\/product_author?post=15012"},{"taxonomy":"product_collection","embeddable":true,"href":"https:\/\/dev2.cantalupe.net\/sigloxxi\/wp-json\/wp\/v2\/product_collection?post=15012"}],"curies":[{"name":"wp","href":"https:\/\/api.w.org\/{rel}","templated":true}]}}