{"id":15016,"date":"2025-11-04T14:55:03","date_gmt":"2025-11-04T14:55:03","guid":{"rendered":"https:\/\/dev2.cantalupe.net\/sigloxxi\/libro\/las-ondas-largas-del-desarrollo-capitalista\/"},"modified":"2025-11-04T14:55:04","modified_gmt":"2025-11-04T14:55:04","slug":"las-ondas-largas-del-desarrollo-capitalista","status":"publish","type":"product","link":"https:\/\/dev2.cantalupe.net\/sigloxxi\/libro\/las-ondas-largas-del-desarrollo-capitalista\/","title":{"rendered":"Las ondas largas del desarrollo capitalista"},"content":{"rendered":"<p>En 1972, en la primera versi\u00f3n alemana de su libro El capitalismo tard\u00edo (M\u00e9xico, Era, 1979), Ernest Mandel formul\u00f3 un diagn\u00f3stico notablemente certero de la crisis mundial que los economistas acad\u00e9micos s\u00f3lo reconocer\u00edan como tal a partir del choque del petr\u00f3leo de 1973. Mandel se apoyaba en un modelo de ondas largas de acumulaci\u00f3n y estancamiento de la econom\u00eda mundial, un modelo que se aproxima notablemente a los ciclos de Kondr\u00e1tiev, pero que bien se puede remitir a un trabajo cl\u00e1sico y poco conocido de Trotski (\u00abLa curva del desarrollo capitalista\u00bb, 1923), y que debe distanciarse de la idea del ciclo como mecanismo autom\u00e1tico por la importancia que concede a un factor no prefijado: la lucha de clases. Este libro es una serie de conferencias en las que Mandel resume su propia teor\u00eda de las ondas largas y su diagn\u00f3stico de la crisis actual, a la vez que discute las m\u00e1s significativas cr\u00edticas y alternativas que se han ofrecido a sus ideas. Fundamental para la comprensi\u00f3n de la problem\u00e1tica de las crisis capitalistas, este ensayo es a la vez un excelente ejemplo de la tarea de uno de los principales te\u00f3ricos marxistas de este siglo por su nivel y su intencionalidad pol\u00edtica.<\/p>\n","protected":false},"excerpt":{"rendered":"<p>En 1972, en la primera versi\u00f3n alemana de su libro El capitalismo tard\u00edo (M\u00e9xico, Era, 1979), Ernest Mandel formul\u00f3 un diagn\u00f3stico notablemente certero de la crisis mundial que los economistas acad\u00e9micos s\u00f3lo reconocer\u00edan como tal a partir del choque del petr\u00f3leo de 1973. Mandel se apoyaba en un modelo de ondas largas de acumulaci\u00f3n y estancamiento de la econom\u00eda mundial, un modelo que se aproxima notablemente a los ciclos de Kondr\u00e1tiev, pero que bien se puede remitir a un trabajo cl\u00e1sico y poco conocido de Trotski (\u00abLa curva del desarrollo capitalista\u00bb, 1923), y que debe distanciarse de la idea del ciclo como mecanismo autom\u00e1tico por la importancia que concede a un factor no prefijado: la lucha de clases. Este libro es una serie de conferencias en las que Mandel resume su propia teor\u00eda de las ondas largas y su diagn\u00f3stico de la crisis actual, a la vez que discute las m\u00e1s significativas cr\u00edticas y alternativas que se han ofrecido a sus ideas. Fundamental para la comprensi\u00f3n de la problem\u00e1tica de las crisis capitalistas, este ensayo es a la vez un excelente ejemplo de la tarea de uno de los principales te\u00f3ricos marxistas de este siglo por su nivel y su intencionalidad pol\u00edtica.<\/p>\n","protected":false},"featured_media":3338,"comment_status":"closed","ping_status":"open","template":"","meta":{"_acf_changed":false},"materia_nivel_3":[],"subtema_nivel_2":[2576],"tema_nivel_1":[2570],"product_brand":[],"product_cat":[15],"product_tag":[],"product_author":[4072],"product_collection":[],"class_list":{"0":"post-15016","1":"product","2":"type-product","3":"status-publish","4":"has-post-thumbnail","6":"subtema_nivel_2-politica","7":"tema_nivel_1-ciencias-sociales","8":"product_cat-uncategorized","9":"product_author-mandel-ernest","11":"first","12":"instock","13":"purchasable","14":"product-type-simple"},"acf":[],"_links":{"self":[{"href":"https:\/\/dev2.cantalupe.net\/sigloxxi\/wp-json\/wp\/v2\/product\/15016","targetHints":{"allow":["GET"]}}],"collection":[{"href":"https:\/\/dev2.cantalupe.net\/sigloxxi\/wp-json\/wp\/v2\/product"}],"about":[{"href":"https:\/\/dev2.cantalupe.net\/sigloxxi\/wp-json\/wp\/v2\/types\/product"}],"replies":[{"embeddable":true,"href":"https:\/\/dev2.cantalupe.net\/sigloxxi\/wp-json\/wp\/v2\/comments?post=15016"}],"version-history":[{"count":1,"href":"https:\/\/dev2.cantalupe.net\/sigloxxi\/wp-json\/wp\/v2\/product\/15016\/revisions"}],"predecessor-version":[{"id":15017,"href":"https:\/\/dev2.cantalupe.net\/sigloxxi\/wp-json\/wp\/v2\/product\/15016\/revisions\/15017"}],"wp:featuredmedia":[{"embeddable":true,"href":"https:\/\/dev2.cantalupe.net\/sigloxxi\/wp-json\/wp\/v2\/media\/3338"}],"wp:attachment":[{"href":"https:\/\/dev2.cantalupe.net\/sigloxxi\/wp-json\/wp\/v2\/media?parent=15016"}],"wp:term":[{"taxonomy":"materia_nivel_3","embeddable":true,"href":"https:\/\/dev2.cantalupe.net\/sigloxxi\/wp-json\/wp\/v2\/materia_nivel_3?post=15016"},{"taxonomy":"subtema_nivel_2","embeddable":true,"href":"https:\/\/dev2.cantalupe.net\/sigloxxi\/wp-json\/wp\/v2\/subtema_nivel_2?post=15016"},{"taxonomy":"tema_nivel_1","embeddable":true,"href":"https:\/\/dev2.cantalupe.net\/sigloxxi\/wp-json\/wp\/v2\/tema_nivel_1?post=15016"},{"taxonomy":"product_brand","embeddable":true,"href":"https:\/\/dev2.cantalupe.net\/sigloxxi\/wp-json\/wp\/v2\/product_brand?post=15016"},{"taxonomy":"product_cat","embeddable":true,"href":"https:\/\/dev2.cantalupe.net\/sigloxxi\/wp-json\/wp\/v2\/product_cat?post=15016"},{"taxonomy":"product_tag","embeddable":true,"href":"https:\/\/dev2.cantalupe.net\/sigloxxi\/wp-json\/wp\/v2\/product_tag?post=15016"},{"taxonomy":"product_author","embeddable":true,"href":"https:\/\/dev2.cantalupe.net\/sigloxxi\/wp-json\/wp\/v2\/product_author?post=15016"},{"taxonomy":"product_collection","embeddable":true,"href":"https:\/\/dev2.cantalupe.net\/sigloxxi\/wp-json\/wp\/v2\/product_collection?post=15016"}],"curies":[{"name":"wp","href":"https:\/\/api.w.org\/{rel}","templated":true}]}}