{"id":15076,"date":"2025-11-04T14:55:11","date_gmt":"2025-11-04T14:55:11","guid":{"rendered":"https:\/\/dev2.cantalupe.net\/sigloxxi\/libro\/la-teoria-de-la-historia-de-karl-marx\/"},"modified":"2025-11-04T14:55:16","modified_gmt":"2025-11-04T14:55:16","slug":"la-teoria-de-la-historia-de-karl-marx","status":"publish","type":"product","link":"https:\/\/dev2.cantalupe.net\/sigloxxi\/libro\/la-teoria-de-la-historia-de-karl-marx\/","title":{"rendered":"La teor\u00eda de la historia de Karl Marx"},"content":{"rendered":"<p>La teor\u00eda de la historia de Karl Marx es un cl\u00e1sico en la historia del pensamiento marxista y uno de los pocos textos absolutamente imprescindibles para el estudio de la obra de Marx. En primer lugar supone una brusca ruptura con la tendencia dominante en lo que Perry Anderson llama el \u00abmarxismo occidental\u00bb. Lejos de reinterpretar a Marx en t\u00e9rminos pr\u00f3ximos al idealismo o de hacer hincapi\u00e9 en cuestiones de metodolog\u00eda o filosof\u00eda, Cohen destaca el aspecto esencialmente materialista de la obra de Marx, su creencia en el papel determinante del desarrollo de las fuerzas productivas y, subsiguientemente, del car\u00e1cter de las relaciones de producci\u00f3n. Junto a esta vigorosa reafirmaci\u00f3n del materialismo, su an\u00e1lisis se aleja de lo tradicional por desarrollarse en t\u00e9rminos de extrema claridad, m\u00e1s pr\u00f3ximos a la tradici\u00f3n de la filosof\u00eda anal\u00edtica que a las habituales oscuridades de las variantes de la dial\u00e9ctica hegeliana. Sin duda, se trata de una obra que reaviva la pol\u00e9mica en las ciencias sociales y en los replanteamientos actuales del marxismo.<\/p>\n","protected":false},"excerpt":{"rendered":"<p>La teor\u00eda de la historia de Karl Marx es un cl\u00e1sico en la historia del pensamiento marxista y uno de los pocos textos absolutamente imprescindibles para el estudio de la obra de Marx. En primer lugar supone una brusca ruptura con la tendencia dominante en lo que Perry Anderson llama el \u00abmarxismo occidental\u00bb. Lejos de reinterpretar a Marx en t\u00e9rminos pr\u00f3ximos al idealismo o de hacer hincapi\u00e9 en cuestiones de metodolog\u00eda o filosof\u00eda, Cohen destaca el aspecto esencialmente materialista de la obra de Marx, su creencia en el papel determinante del desarrollo de las fuerzas productivas y, subsiguientemente, del car\u00e1cter de las relaciones de producci\u00f3n. Junto a esta vigorosa reafirmaci\u00f3n del materialismo, su an\u00e1lisis se aleja de lo tradicional por desarrollarse en t\u00e9rminos de extrema claridad, m\u00e1s pr\u00f3ximos a la tradici\u00f3n de la filosof\u00eda anal\u00edtica que a las habituales oscuridades de las variantes de la dial\u00e9ctica hegeliana. Sin duda, se trata de una obra que reaviva la pol\u00e9mica en las ciencias sociales y en los replanteamientos actuales del marxismo.<\/p>\n","protected":false},"featured_media":3393,"comment_status":"closed","ping_status":"open","template":"","meta":{"_acf_changed":false},"materia_nivel_3":[2691,2775],"subtema_nivel_2":[2598,2586,2561,2576],"tema_nivel_1":[2567],"product_brand":[],"product_cat":[15],"product_tag":[],"product_author":[4172],"product_collection":[],"class_list":{"0":"post-15076","1":"product","2":"type-product","3":"status-publish","4":"has-post-thumbnail","6":"materia_nivel_3-historia-de-las-ideas-politicas","7":"materia_nivel_3-historiografia-metodologia-y-teoria-de-la-historia","8":"subtema_nivel_2-economia","9":"subtema_nivel_2-filosofia","10":"subtema_nivel_2-historia","11":"subtema_nivel_2-politica","12":"tema_nivel_1-historia","13":"product_cat-uncategorized","14":"product_author-cohen-gerald-allan","16":"first","17":"instock","18":"purchasable","19":"product-type-simple"},"acf":[],"_links":{"self":[{"href":"https:\/\/dev2.cantalupe.net\/sigloxxi\/wp-json\/wp\/v2\/product\/15076","targetHints":{"allow":["GET"]}}],"collection":[{"href":"https:\/\/dev2.cantalupe.net\/sigloxxi\/wp-json\/wp\/v2\/product"}],"about":[{"href":"https:\/\/dev2.cantalupe.net\/sigloxxi\/wp-json\/wp\/v2\/types\/product"}],"replies":[{"embeddable":true,"href":"https:\/\/dev2.cantalupe.net\/sigloxxi\/wp-json\/wp\/v2\/comments?post=15076"}],"version-history":[{"count":1,"href":"https:\/\/dev2.cantalupe.net\/sigloxxi\/wp-json\/wp\/v2\/product\/15076\/revisions"}],"predecessor-version":[{"id":15077,"href":"https:\/\/dev2.cantalupe.net\/sigloxxi\/wp-json\/wp\/v2\/product\/15076\/revisions\/15077"}],"wp:featuredmedia":[{"embeddable":true,"href":"https:\/\/dev2.cantalupe.net\/sigloxxi\/wp-json\/wp\/v2\/media\/3393"}],"wp:attachment":[{"href":"https:\/\/dev2.cantalupe.net\/sigloxxi\/wp-json\/wp\/v2\/media?parent=15076"}],"wp:term":[{"taxonomy":"materia_nivel_3","embeddable":true,"href":"https:\/\/dev2.cantalupe.net\/sigloxxi\/wp-json\/wp\/v2\/materia_nivel_3?post=15076"},{"taxonomy":"subtema_nivel_2","embeddable":true,"href":"https:\/\/dev2.cantalupe.net\/sigloxxi\/wp-json\/wp\/v2\/subtema_nivel_2?post=15076"},{"taxonomy":"tema_nivel_1","embeddable":true,"href":"https:\/\/dev2.cantalupe.net\/sigloxxi\/wp-json\/wp\/v2\/tema_nivel_1?post=15076"},{"taxonomy":"product_brand","embeddable":true,"href":"https:\/\/dev2.cantalupe.net\/sigloxxi\/wp-json\/wp\/v2\/product_brand?post=15076"},{"taxonomy":"product_cat","embeddable":true,"href":"https:\/\/dev2.cantalupe.net\/sigloxxi\/wp-json\/wp\/v2\/product_cat?post=15076"},{"taxonomy":"product_tag","embeddable":true,"href":"https:\/\/dev2.cantalupe.net\/sigloxxi\/wp-json\/wp\/v2\/product_tag?post=15076"},{"taxonomy":"product_author","embeddable":true,"href":"https:\/\/dev2.cantalupe.net\/sigloxxi\/wp-json\/wp\/v2\/product_author?post=15076"},{"taxonomy":"product_collection","embeddable":true,"href":"https:\/\/dev2.cantalupe.net\/sigloxxi\/wp-json\/wp\/v2\/product_collection?post=15076"}],"curies":[{"name":"wp","href":"https:\/\/api.w.org\/{rel}","templated":true}]}}