{"id":15114,"date":"2025-11-04T14:55:17","date_gmt":"2025-11-04T14:55:17","guid":{"rendered":"https:\/\/dev2.cantalupe.net\/sigloxxi\/libro\/lealtades-enmaranadas\/"},"modified":"2025-11-04T14:55:19","modified_gmt":"2025-11-04T14:55:19","slug":"lealtades-enmaranadas","status":"publish","type":"product","link":"https:\/\/dev2.cantalupe.net\/sigloxxi\/libro\/lealtades-enmaranadas\/","title":{"rendered":"Lealtades enmara\u00f1adas"},"content":{"rendered":"<p>Periodista, novelista y poeta, Ili\u00e1 Ehrenburg (1891-1967) fue uno de los personajes m\u00e1s destacados de la cultura europea del siglo XX: revolucionario en la Rusia imperial de 1905, corresponsal de guerra en la Primera Guerra Mundial, bohemio en el Par\u00eds de entreguerras y periodista destacado por Izvestia en la Guerra Civil Espa\u00f1ola, Ehrenburg cubri\u00f3 para el Ej\u00e9rcito Rojo la Segunda Guerra Mundial, documentando escrupulosamente, junto a Vasili Grossman, el genocidio de los jud\u00edos europeos en El libro negro. Sin lugar a dudas, Ehrenburg es una de las figuras m\u00e1s geniales, a la par que controvertidas, que ha dado Rusia a la historia.<br \/>\nEscrita con v\u00edvido detalle, Lealtades enmara\u00f1adas recurre ampliamente a materiales, hasta el momento in\u00e9ditos, extra\u00eddos de los archivos rusos, de correspondencia privada y de entrevistas con gran n\u00famero de parientes y amigos para relatar la historia de Ehrenburg. Joshua Rubenstein descubre al hombre oculto tras las controversias, el escritor de talento cuya vida encarn\u00f3 todos los dilemas tr\u00e1gicos de un intelectual, ruso y jud\u00edo, bajo un sistema totalitario.<\/p>\n","protected":false},"excerpt":{"rendered":"<p>Periodista, novelista y poeta, Ili\u00e1 Ehrenburg (1891-1967) fue uno de los personajes m\u00e1s destacados de la cultura europea del siglo XX: revolucionario en la Rusia imperial de 1905, corresponsal de guerra en la Primera Guerra Mundial, bohemio en el Par\u00eds de entreguerras y periodista destacado por Izvestia en la Guerra Civil Espa\u00f1ola, Ehrenburg cubri\u00f3 para el Ej\u00e9rcito Rojo la Segunda Guerra Mundial, documentando escrupulosamente, junto a Vasili Grossman, el genocidio de los jud\u00edos europeos en El libro negro. Sin lugar a dudas, Ehrenburg es una de las figuras m\u00e1s geniales, a la par que controvertidas, que ha dado Rusia a la historia.<br \/>\nEscrita con v\u00edvido detalle, Lealtades enmara\u00f1adas recurre ampliamente a materiales, hasta el momento in\u00e9ditos, extra\u00eddos de los archivos rusos, de correspondencia privada y de entrevistas con gran n\u00famero de parientes y amigos para relatar la historia de Ehrenburg. Joshua Rubenstein descubre al hombre oculto tras las controversias, el escritor de talento cuya vida encarn\u00f3 todos los dilemas tr\u00e1gicos de un intelectual, ruso y jud\u00edo, bajo un sistema totalitario.<\/p>\n","protected":false},"featured_media":3432,"comment_status":"closed","ping_status":"open","template":"","meta":{"_acf_changed":false},"materia_nivel_3":[2565],"subtema_nivel_2":[2561],"tema_nivel_1":[2567],"product_brand":[],"product_cat":[15],"product_tag":[],"product_author":[4187],"product_collection":[],"class_list":{"0":"post-15114","1":"product","2":"type-product","3":"status-publish","4":"has-post-thumbnail","6":"materia_nivel_3-contemporanea","7":"subtema_nivel_2-historia","8":"tema_nivel_1-historia","9":"product_cat-uncategorized","10":"product_author-rubenstein-joshua","12":"first","13":"instock","14":"purchasable","15":"product-type-simple"},"acf":[],"_links":{"self":[{"href":"https:\/\/dev2.cantalupe.net\/sigloxxi\/wp-json\/wp\/v2\/product\/15114","targetHints":{"allow":["GET"]}}],"collection":[{"href":"https:\/\/dev2.cantalupe.net\/sigloxxi\/wp-json\/wp\/v2\/product"}],"about":[{"href":"https:\/\/dev2.cantalupe.net\/sigloxxi\/wp-json\/wp\/v2\/types\/product"}],"replies":[{"embeddable":true,"href":"https:\/\/dev2.cantalupe.net\/sigloxxi\/wp-json\/wp\/v2\/comments?post=15114"}],"version-history":[{"count":1,"href":"https:\/\/dev2.cantalupe.net\/sigloxxi\/wp-json\/wp\/v2\/product\/15114\/revisions"}],"predecessor-version":[{"id":15115,"href":"https:\/\/dev2.cantalupe.net\/sigloxxi\/wp-json\/wp\/v2\/product\/15114\/revisions\/15115"}],"wp:featuredmedia":[{"embeddable":true,"href":"https:\/\/dev2.cantalupe.net\/sigloxxi\/wp-json\/wp\/v2\/media\/3432"}],"wp:attachment":[{"href":"https:\/\/dev2.cantalupe.net\/sigloxxi\/wp-json\/wp\/v2\/media?parent=15114"}],"wp:term":[{"taxonomy":"materia_nivel_3","embeddable":true,"href":"https:\/\/dev2.cantalupe.net\/sigloxxi\/wp-json\/wp\/v2\/materia_nivel_3?post=15114"},{"taxonomy":"subtema_nivel_2","embeddable":true,"href":"https:\/\/dev2.cantalupe.net\/sigloxxi\/wp-json\/wp\/v2\/subtema_nivel_2?post=15114"},{"taxonomy":"tema_nivel_1","embeddable":true,"href":"https:\/\/dev2.cantalupe.net\/sigloxxi\/wp-json\/wp\/v2\/tema_nivel_1?post=15114"},{"taxonomy":"product_brand","embeddable":true,"href":"https:\/\/dev2.cantalupe.net\/sigloxxi\/wp-json\/wp\/v2\/product_brand?post=15114"},{"taxonomy":"product_cat","embeddable":true,"href":"https:\/\/dev2.cantalupe.net\/sigloxxi\/wp-json\/wp\/v2\/product_cat?post=15114"},{"taxonomy":"product_tag","embeddable":true,"href":"https:\/\/dev2.cantalupe.net\/sigloxxi\/wp-json\/wp\/v2\/product_tag?post=15114"},{"taxonomy":"product_author","embeddable":true,"href":"https:\/\/dev2.cantalupe.net\/sigloxxi\/wp-json\/wp\/v2\/product_author?post=15114"},{"taxonomy":"product_collection","embeddable":true,"href":"https:\/\/dev2.cantalupe.net\/sigloxxi\/wp-json\/wp\/v2\/product_collection?post=15114"}],"curies":[{"name":"wp","href":"https:\/\/api.w.org\/{rel}","templated":true}]}}