{"id":15124,"date":"2025-11-04T14:55:20","date_gmt":"2025-11-04T14:55:20","guid":{"rendered":"https:\/\/dev2.cantalupe.net\/sigloxxi\/libro\/lecciones-de-teoria-economica-marxista\/"},"modified":"2025-11-04T14:55:21","modified_gmt":"2025-11-04T14:55:21","slug":"lecciones-de-teoria-economica-marxista","status":"publish","type":"product","link":"https:\/\/dev2.cantalupe.net\/sigloxxi\/libro\/lecciones-de-teoria-economica-marxista\/","title":{"rendered":"Lecciones de teor\u00eda econ\u00f3mica marxista"},"content":{"rendered":"<p>Solapa: La singularidad de estas Lecciones de teor\u00eda econ\u00f3mica marxista es que en ellas se unen una presentaci\u00f3n clara y concisa de uno de los temas principales de El capital, un an\u00e1lisis de la validez de la teor\u00eda econ\u00f3mica marxista a la luz de los cambios en el sistema capitalista posteriores a la segunda guerra mundial, y una insistencia en la vinculaci\u00f3n de los conceptos marxistas con la lucha de clases que lleva al autor a poner de relieve la necesidad de analizar las relaciones de valor subyacentes a las relaciones de cambio, \u00fanico camino para la comprensi\u00f3n de la explotaci\u00f3n de clase. Desai realiza una extensa discusi\u00f3n de los intentos de economistas neocl\u00e1sicos, como Samuelson y Morishima, para relacionar la obra de Marx con la corriente principal de la teor\u00eda econ\u00f3mica, situ\u00e1ndolos en el contexto del problema de la transformaci\u00f3n de valores en precios y de la obra de Sraffa. En una \u00faltima lecci\u00f3n, el autor analiza la contribuci\u00f3n a la teor\u00eda econ\u00f3mica marxista de las conocidas obras de Baran y Sweezy, Mattick, y Glyn y Sutcliffe.<\/p>\n","protected":false},"excerpt":{"rendered":"<p>Solapa: La singularidad de estas Lecciones de teor\u00eda econ\u00f3mica marxista es que en ellas se unen una presentaci\u00f3n clara y concisa de uno de los temas principales de El capital, un an\u00e1lisis de la validez de la teor\u00eda econ\u00f3mica marxista a la luz de los cambios en el sistema capitalista posteriores a la segunda guerra mundial, y una insistencia en la vinculaci\u00f3n de los conceptos marxistas con la lucha de clases que lleva al autor a poner de relieve la necesidad de analizar las relaciones de valor subyacentes a las relaciones de cambio, \u00fanico camino para la comprensi\u00f3n de la explotaci\u00f3n de clase. Desai realiza una extensa discusi\u00f3n de los intentos de economistas neocl\u00e1sicos, como Samuelson y Morishima, para relacionar la obra de Marx con la corriente principal de la teor\u00eda econ\u00f3mica, situ\u00e1ndolos en el contexto del problema de la transformaci\u00f3n de valores en precios y de la obra de Sraffa. En una \u00faltima lecci\u00f3n, el autor analiza la contribuci\u00f3n a la teor\u00eda econ\u00f3mica marxista de las conocidas obras de Baran y Sweezy, Mattick, y Glyn y Sutcliffe.<\/p>\n","protected":false},"featured_media":3441,"comment_status":"closed","ping_status":"open","template":"","meta":{"_acf_changed":false},"materia_nivel_3":[],"subtema_nivel_2":[2598],"tema_nivel_1":[2570],"product_brand":[],"product_cat":[15],"product_tag":[],"product_author":[4189],"product_collection":[],"class_list":{"0":"post-15124","1":"product","2":"type-product","3":"status-publish","4":"has-post-thumbnail","6":"subtema_nivel_2-economia","7":"tema_nivel_1-ciencias-sociales","8":"product_cat-uncategorized","9":"product_author-desai-meghnad","11":"first","12":"instock","13":"purchasable","14":"product-type-simple"},"acf":[],"_links":{"self":[{"href":"https:\/\/dev2.cantalupe.net\/sigloxxi\/wp-json\/wp\/v2\/product\/15124","targetHints":{"allow":["GET"]}}],"collection":[{"href":"https:\/\/dev2.cantalupe.net\/sigloxxi\/wp-json\/wp\/v2\/product"}],"about":[{"href":"https:\/\/dev2.cantalupe.net\/sigloxxi\/wp-json\/wp\/v2\/types\/product"}],"replies":[{"embeddable":true,"href":"https:\/\/dev2.cantalupe.net\/sigloxxi\/wp-json\/wp\/v2\/comments?post=15124"}],"version-history":[{"count":1,"href":"https:\/\/dev2.cantalupe.net\/sigloxxi\/wp-json\/wp\/v2\/product\/15124\/revisions"}],"predecessor-version":[{"id":15125,"href":"https:\/\/dev2.cantalupe.net\/sigloxxi\/wp-json\/wp\/v2\/product\/15124\/revisions\/15125"}],"wp:featuredmedia":[{"embeddable":true,"href":"https:\/\/dev2.cantalupe.net\/sigloxxi\/wp-json\/wp\/v2\/media\/3441"}],"wp:attachment":[{"href":"https:\/\/dev2.cantalupe.net\/sigloxxi\/wp-json\/wp\/v2\/media?parent=15124"}],"wp:term":[{"taxonomy":"materia_nivel_3","embeddable":true,"href":"https:\/\/dev2.cantalupe.net\/sigloxxi\/wp-json\/wp\/v2\/materia_nivel_3?post=15124"},{"taxonomy":"subtema_nivel_2","embeddable":true,"href":"https:\/\/dev2.cantalupe.net\/sigloxxi\/wp-json\/wp\/v2\/subtema_nivel_2?post=15124"},{"taxonomy":"tema_nivel_1","embeddable":true,"href":"https:\/\/dev2.cantalupe.net\/sigloxxi\/wp-json\/wp\/v2\/tema_nivel_1?post=15124"},{"taxonomy":"product_brand","embeddable":true,"href":"https:\/\/dev2.cantalupe.net\/sigloxxi\/wp-json\/wp\/v2\/product_brand?post=15124"},{"taxonomy":"product_cat","embeddable":true,"href":"https:\/\/dev2.cantalupe.net\/sigloxxi\/wp-json\/wp\/v2\/product_cat?post=15124"},{"taxonomy":"product_tag","embeddable":true,"href":"https:\/\/dev2.cantalupe.net\/sigloxxi\/wp-json\/wp\/v2\/product_tag?post=15124"},{"taxonomy":"product_author","embeddable":true,"href":"https:\/\/dev2.cantalupe.net\/sigloxxi\/wp-json\/wp\/v2\/product_author?post=15124"},{"taxonomy":"product_collection","embeddable":true,"href":"https:\/\/dev2.cantalupe.net\/sigloxxi\/wp-json\/wp\/v2\/product_collection?post=15124"}],"curies":[{"name":"wp","href":"https:\/\/api.w.org\/{rel}","templated":true}]}}