{"id":15138,"date":"2025-11-04T14:55:20","date_gmt":"2025-11-04T14:55:20","guid":{"rendered":"https:\/\/dev2.cantalupe.net\/sigloxxi\/libro\/lenguajes-de-clase\/"},"modified":"2025-11-04T14:55:21","modified_gmt":"2025-11-04T14:55:21","slug":"lenguajes-de-clase","status":"publish","type":"product","link":"https:\/\/dev2.cantalupe.net\/sigloxxi\/libro\/lenguajes-de-clase\/","title":{"rendered":"Lenguajes de clase"},"content":{"rendered":"<p>El concepto de clase social debe seguir siendo reflexionado en nuestro tiempo. \u00bfSigue hoy vigente la divisi\u00f3n en clases sociales?, \u00bfexiste conciencia de clase seg\u00fan la cual la existencia material es la que conforma la pertenencia a la clase? \u00bfQu\u00e9 elementos determinan hoy la clase?,\u00a0 \u00bflos elementos materiales, los elementos pol\u00edticos?<br \/>\n\tGran parte de las respuestas las encontramos en el libro de Stedman Jones sobre los \u00ablenguajes de clase\u00bb. Para el historiador brit\u00e1nico la clase dejar\u00eda de ser un concepto marxista estratificado o determinado por una conceptualizaci\u00f3n material de la existencia para pasar a definir una caracterizaci\u00f3n pol\u00edtica. As\u00ed, hoy d\u00eda, frente a la antigua divisi\u00f3n que encontramos en Marx entre burgues\u00eda y proletariado, la clase estar\u00eda situada en torno a aquellos que detectan condiciones pol\u00edticas, econ\u00f3micas y sociales desfavorables y articulan una respuesta, pero no como el resultado exacto de la divisi\u00f3n del trabajo y la posesi\u00f3n o no de los medios de producci\u00f3n.<br \/>\n\tVolver a pensar sobre estas categor\u00edas marxistas supone hoy tratar de encontrar una salida a la crisis y remover la situaci\u00f3n desfavorable en la que viven millones de personas en Espa\u00f1a y en otros pa\u00edses. De ah\u00ed la pertinencia de volver a leer este libro que vio la luz en 1983 y que se tradujo al castellano en 1989. Entre los temas centrales de los ensayos que componen el volumen est\u00e1 una reconsideraci\u00f3n de \u00abla construcci\u00f3n de la clase obrera inglesa\u00bb y el fen\u00f3meno del cartismo, una nueva investigaci\u00f3n de la formaci\u00f3n y los componentes de la \u00abcultura obrera\u00bb y, a la luz de ellos, una nueva aproximaci\u00f3n a la comprensi\u00f3n del Partido Laborista y sus problemas en los a\u00f1os ochenta.<\/p>\n","protected":false},"excerpt":{"rendered":"<p>El concepto de clase social debe seguir siendo reflexionado en nuestro tiempo. \u00bfSigue hoy vigente la divisi\u00f3n en clases sociales?, \u00bfexiste conciencia de clase seg\u00fan la cual la existencia material es la que conforma la pertenencia a la clase? \u00bfQu\u00e9 elementos determinan hoy la clase?,\u00a0 \u00bflos elementos materiales, los elementos pol\u00edticos?<br \/>\n\tGran parte de las respuestas las encontramos en el libro de Stedman Jones sobre los \u00ablenguajes de clase\u00bb. Para el historiador brit\u00e1nico la clase dejar\u00eda de ser un concepto marxista estratificado o determinado por una conceptualizaci\u00f3n material de la existencia para pasar a definir una caracterizaci\u00f3n pol\u00edtica. As\u00ed, hoy d\u00eda, frente a la antigua divisi\u00f3n que encontramos en Marx entre burgues\u00eda y proletariado, la clase estar\u00eda situada en torno a aquellos que detectan condiciones pol\u00edticas, econ\u00f3micas y sociales desfavorables y articulan una respuesta, pero no como el resultado exacto de la divisi\u00f3n del trabajo y la posesi\u00f3n o no de los medios de producci\u00f3n.<br \/>\n\tVolver a pensar sobre estas categor\u00edas marxistas supone hoy tratar de encontrar una salida a la crisis y remover la situaci\u00f3n desfavorable en la que viven millones de personas en Espa\u00f1a y en otros pa\u00edses. De ah\u00ed la pertinencia de volver a leer este libro que vio la luz en 1983 y que se tradujo al castellano en 1989. Entre los temas centrales de los ensayos que componen el volumen est\u00e1 una reconsideraci\u00f3n de \u00abla construcci\u00f3n de la clase obrera inglesa\u00bb y el fen\u00f3meno del cartismo, una nueva investigaci\u00f3n de la formaci\u00f3n y los componentes de la \u00abcultura obrera\u00bb y, a la luz de ellos, una nueva aproximaci\u00f3n a la comprensi\u00f3n del Partido Laborista y sus problemas en los a\u00f1os ochenta.<\/p>\n","protected":false},"featured_media":3454,"comment_status":"closed","ping_status":"open","template":"","meta":{"_acf_changed":false},"materia_nivel_3":[2565,2566],"subtema_nivel_2":[],"tema_nivel_1":[2567],"product_brand":[],"product_cat":[15],"product_tag":[],"product_author":[4191],"product_collection":[],"class_list":{"0":"post-15138","1":"product","2":"type-product","3":"status-publish","4":"has-post-thumbnail","6":"materia_nivel_3-contemporanea","7":"materia_nivel_3-europa","8":"tema_nivel_1-historia","9":"product_cat-uncategorized","10":"product_author-stedman-jones-gareth","12":"first","13":"instock","14":"purchasable","15":"product-type-simple"},"acf":[],"_links":{"self":[{"href":"https:\/\/dev2.cantalupe.net\/sigloxxi\/wp-json\/wp\/v2\/product\/15138","targetHints":{"allow":["GET"]}}],"collection":[{"href":"https:\/\/dev2.cantalupe.net\/sigloxxi\/wp-json\/wp\/v2\/product"}],"about":[{"href":"https:\/\/dev2.cantalupe.net\/sigloxxi\/wp-json\/wp\/v2\/types\/product"}],"replies":[{"embeddable":true,"href":"https:\/\/dev2.cantalupe.net\/sigloxxi\/wp-json\/wp\/v2\/comments?post=15138"}],"version-history":[{"count":1,"href":"https:\/\/dev2.cantalupe.net\/sigloxxi\/wp-json\/wp\/v2\/product\/15138\/revisions"}],"predecessor-version":[{"id":15139,"href":"https:\/\/dev2.cantalupe.net\/sigloxxi\/wp-json\/wp\/v2\/product\/15138\/revisions\/15139"}],"wp:featuredmedia":[{"embeddable":true,"href":"https:\/\/dev2.cantalupe.net\/sigloxxi\/wp-json\/wp\/v2\/media\/3454"}],"wp:attachment":[{"href":"https:\/\/dev2.cantalupe.net\/sigloxxi\/wp-json\/wp\/v2\/media?parent=15138"}],"wp:term":[{"taxonomy":"materia_nivel_3","embeddable":true,"href":"https:\/\/dev2.cantalupe.net\/sigloxxi\/wp-json\/wp\/v2\/materia_nivel_3?post=15138"},{"taxonomy":"subtema_nivel_2","embeddable":true,"href":"https:\/\/dev2.cantalupe.net\/sigloxxi\/wp-json\/wp\/v2\/subtema_nivel_2?post=15138"},{"taxonomy":"tema_nivel_1","embeddable":true,"href":"https:\/\/dev2.cantalupe.net\/sigloxxi\/wp-json\/wp\/v2\/tema_nivel_1?post=15138"},{"taxonomy":"product_brand","embeddable":true,"href":"https:\/\/dev2.cantalupe.net\/sigloxxi\/wp-json\/wp\/v2\/product_brand?post=15138"},{"taxonomy":"product_cat","embeddable":true,"href":"https:\/\/dev2.cantalupe.net\/sigloxxi\/wp-json\/wp\/v2\/product_cat?post=15138"},{"taxonomy":"product_tag","embeddable":true,"href":"https:\/\/dev2.cantalupe.net\/sigloxxi\/wp-json\/wp\/v2\/product_tag?post=15138"},{"taxonomy":"product_author","embeddable":true,"href":"https:\/\/dev2.cantalupe.net\/sigloxxi\/wp-json\/wp\/v2\/product_author?post=15138"},{"taxonomy":"product_collection","embeddable":true,"href":"https:\/\/dev2.cantalupe.net\/sigloxxi\/wp-json\/wp\/v2\/product_collection?post=15138"}],"curies":[{"name":"wp","href":"https:\/\/api.w.org\/{rel}","templated":true}]}}