{"id":15154,"date":"2025-11-04T14:55:20","date_gmt":"2025-11-04T14:55:20","guid":{"rendered":"https:\/\/dev2.cantalupe.net\/sigloxxi\/libro\/lina-prokofiev-2\/"},"modified":"2025-11-04T14:55:26","modified_gmt":"2025-11-04T14:55:26","slug":"lina-prokofiev-2","status":"publish","type":"product","link":"https:\/\/dev2.cantalupe.net\/sigloxxi\/libro\/lina-prokofiev-2\/","title":{"rendered":"Lina Prok\u00f3fiev"},"content":{"rendered":"<p>Par\u00eds, abril de 1936. Tras a\u00f1os de \u00e9xito arrollador a ambos lados del Atl\u00e1ntico, el matrimonio Prok\u00f3fiev decide trasladarse a la Uni\u00f3n Sovi\u00e9tica. All\u00ed espera al compositor ruso el reconocimiento de un p\u00fablico entendido que, como \u00e9l, ha sido formado en la edad de oro de la m\u00fasica rusa.Pero la amenazante politizaci\u00f3n de la vida art\u00edstica bajo el estalinismo acarrear\u00e1 pronto a la familia Prok\u00f3fiev consecuencias fatales. En 1948, Lina Prok\u00f3fiev es arrestada, juzgada y finalmente condenada a veinte a\u00f1os de trabajos forzosos en el gulag. Cuando en 1974 abandona Mosc\u00fa para siempre, es una infatigable luchadora que nunca podr\u00e1 borrar de su memoria el descenso a los infiernos del estalinismo.Cantante como sus progenitores, Lina Prok\u00f3fiev recibi\u00f3 una educaci\u00f3n poco com\u00fan en su \u00e9poca: cosmopolita y viajera, independiente y pol\u00edglota (hablaba a la perfecci\u00f3n m\u00e1s de seis lenguas), era tambi\u00e9n capaz de un s\u00f3lido criterio art\u00edstico, lo que le granje\u00f3 el aprecio de los mayores creadores y artistas del siglo XX, cuyo recuerdo puebla las p\u00e1ginas de este libro: Picasso, Goncharova, Matisse o Lari\u00f3nov; Ravel, Falla, Stravinsky, Rubinstein, Andr\u00e9s Segovia, Rajm\u00e1ninov, Chaliapin o Toscanini, sin olvidar a Chaplin, Stanislavski, Gorki, Eisenstein, Garc\u00eda Lorca, Coco Chanel, Misia Sert o el gran Diaguilev&#8230; por mencionar s\u00f3lo a algunos de entre una pl\u00e9yade asombrosa.\u00abLa vida que le toc\u00f3 vivir a Lina Codina-Prok\u00f3fiev, como muestra esta excelente biograf\u00eda, ilustra lo que fue el siglo XX: por un lado, la era de los grandes avances en los \u00e1mbitos art\u00edsticos y cient\u00edficos y, por otro, la de la destrucci\u00f3n del hombre en manos del totalitarismo.\u00bbEl Cultural de La Vanguardia\u00abChemberdj\u00ed rescata del olvido a esta mujer extraordinaria cuya vida fue tambi\u00e9n extraordinaria en el mejor y peor sentido de la palabra.\u00bb El Peri\u00f3dico de Catalunya\u00abM\u00e1s que una biograf\u00eda, el libro es un relato vivencial y de primera mano.\u00bb El Mundo<\/p>\n","protected":false},"excerpt":{"rendered":"<p>Par\u00eds, abril de 1936. Tras a\u00f1os de \u00e9xito arrollador a ambos lados del Atl\u00e1ntico, el matrimonio Prok\u00f3fiev decide trasladarse a la Uni\u00f3n Sovi\u00e9tica. All\u00ed espera al compositor ruso el reconocimiento de un p\u00fablico entendido que, como \u00e9l, ha sido formado en la edad de oro de la m\u00fasica rusa.Pero la amenazante politizaci\u00f3n de la vida art\u00edstica bajo el estalinismo acarrear\u00e1 pronto a la familia Prok\u00f3fiev consecuencias fatales. En 1948, Lina Prok\u00f3fiev es arrestada, juzgada y finalmente condenada a veinte a\u00f1os de trabajos forzosos en el gulag. Cuando en 1974 abandona Mosc\u00fa para siempre, es una infatigable luchadora que nunca podr\u00e1 borrar de su memoria el descenso a los infiernos del estalinismo.Cantante como sus progenitores, Lina Prok\u00f3fiev recibi\u00f3 una educaci\u00f3n poco com\u00fan en su \u00e9poca: cosmopolita y viajera, independiente y pol\u00edglota (hablaba a la perfecci\u00f3n m\u00e1s de seis lenguas), era tambi\u00e9n capaz de un s\u00f3lido criterio art\u00edstico, lo que le granje\u00f3 el aprecio de los mayores creadores y artistas del siglo XX, cuyo recuerdo puebla las p\u00e1ginas de este libro: Picasso, Goncharova, Matisse o Lari\u00f3nov; Ravel, Falla, Stravinsky, Rubinstein, Andr\u00e9s Segovia, Rajm\u00e1ninov, Chaliapin o Toscanini, sin olvidar a Chaplin, Stanislavski, Gorki, Eisenstein, Garc\u00eda Lorca, Coco Chanel, Misia Sert o el gran Diaguilev&#8230; por mencionar s\u00f3lo a algunos de entre una pl\u00e9yade asombrosa.\u00abLa vida que le toc\u00f3 vivir a Lina Codina-Prok\u00f3fiev, como muestra esta excelente biograf\u00eda, ilustra lo que fue el siglo XX: por un lado, la era de los grandes avances en los \u00e1mbitos art\u00edsticos y cient\u00edficos y, por otro, la de la destrucci\u00f3n del hombre en manos del totalitarismo.\u00bbEl Cultural de La Vanguardia\u00abChemberdj\u00ed rescata del olvido a esta mujer extraordinaria cuya vida fue tambi\u00e9n extraordinaria en el mejor y peor sentido de la palabra.\u00bb El Peri\u00f3dico de Catalunya\u00abM\u00e1s que una biograf\u00eda, el libro es un relato vivencial y de primera mano.\u00bb El Mundo<\/p>\n","protected":false},"featured_media":3467,"comment_status":"closed","ping_status":"open","template":"","meta":{"_acf_changed":false},"materia_nivel_3":[2565],"subtema_nivel_2":[2561],"tema_nivel_1":[2567],"product_brand":[],"product_cat":[15],"product_tag":[],"product_author":[4195],"product_collection":[],"class_list":{"0":"post-15154","1":"product","2":"type-product","3":"status-publish","4":"has-post-thumbnail","6":"materia_nivel_3-contemporanea","7":"subtema_nivel_2-historia","8":"tema_nivel_1-historia","9":"product_cat-uncategorized","10":"product_author-chemberdji-valentina","12":"first","13":"instock","14":"purchasable","15":"product-type-simple"},"acf":[],"_links":{"self":[{"href":"https:\/\/dev2.cantalupe.net\/sigloxxi\/wp-json\/wp\/v2\/product\/15154","targetHints":{"allow":["GET"]}}],"collection":[{"href":"https:\/\/dev2.cantalupe.net\/sigloxxi\/wp-json\/wp\/v2\/product"}],"about":[{"href":"https:\/\/dev2.cantalupe.net\/sigloxxi\/wp-json\/wp\/v2\/types\/product"}],"replies":[{"embeddable":true,"href":"https:\/\/dev2.cantalupe.net\/sigloxxi\/wp-json\/wp\/v2\/comments?post=15154"}],"version-history":[{"count":1,"href":"https:\/\/dev2.cantalupe.net\/sigloxxi\/wp-json\/wp\/v2\/product\/15154\/revisions"}],"predecessor-version":[{"id":15155,"href":"https:\/\/dev2.cantalupe.net\/sigloxxi\/wp-json\/wp\/v2\/product\/15154\/revisions\/15155"}],"wp:featuredmedia":[{"embeddable":true,"href":"https:\/\/dev2.cantalupe.net\/sigloxxi\/wp-json\/wp\/v2\/media\/3467"}],"wp:attachment":[{"href":"https:\/\/dev2.cantalupe.net\/sigloxxi\/wp-json\/wp\/v2\/media?parent=15154"}],"wp:term":[{"taxonomy":"materia_nivel_3","embeddable":true,"href":"https:\/\/dev2.cantalupe.net\/sigloxxi\/wp-json\/wp\/v2\/materia_nivel_3?post=15154"},{"taxonomy":"subtema_nivel_2","embeddable":true,"href":"https:\/\/dev2.cantalupe.net\/sigloxxi\/wp-json\/wp\/v2\/subtema_nivel_2?post=15154"},{"taxonomy":"tema_nivel_1","embeddable":true,"href":"https:\/\/dev2.cantalupe.net\/sigloxxi\/wp-json\/wp\/v2\/tema_nivel_1?post=15154"},{"taxonomy":"product_brand","embeddable":true,"href":"https:\/\/dev2.cantalupe.net\/sigloxxi\/wp-json\/wp\/v2\/product_brand?post=15154"},{"taxonomy":"product_cat","embeddable":true,"href":"https:\/\/dev2.cantalupe.net\/sigloxxi\/wp-json\/wp\/v2\/product_cat?post=15154"},{"taxonomy":"product_tag","embeddable":true,"href":"https:\/\/dev2.cantalupe.net\/sigloxxi\/wp-json\/wp\/v2\/product_tag?post=15154"},{"taxonomy":"product_author","embeddable":true,"href":"https:\/\/dev2.cantalupe.net\/sigloxxi\/wp-json\/wp\/v2\/product_author?post=15154"},{"taxonomy":"product_collection","embeddable":true,"href":"https:\/\/dev2.cantalupe.net\/sigloxxi\/wp-json\/wp\/v2\/product_collection?post=15154"}],"curies":[{"name":"wp","href":"https:\/\/api.w.org\/{rel}","templated":true}]}}