{"id":15156,"date":"2025-11-04T14:55:20","date_gmt":"2025-11-04T14:55:20","guid":{"rendered":"https:\/\/dev2.cantalupe.net\/sigloxxi\/libro\/lina-prokofiev-3\/"},"modified":"2025-11-04T14:55:26","modified_gmt":"2025-11-04T14:55:26","slug":"lina-prokofiev-3","status":"publish","type":"product","link":"https:\/\/dev2.cantalupe.net\/sigloxxi\/libro\/lina-prokofiev-3\/","title":{"rendered":"Lina Prok\u00f3fiev"},"content":{"rendered":"<p>&#8220;Par\u00eds, abril de 1936. Tras a\u00f1os de \u00e9xito arrollador a ambos lados del Atl\u00e1ntico, el matrimonio Prok\u00f3fiev decide trasladarse a la Uni\u00f3n Sovi\u00e9tica. All\u00ed espera al compositor ruso el reconocimiento de un p\u00fablico entendido que, como \u00e9l, ha sido formado en la edad de oro de la m\u00fasica rusa.La amenazante politizaci\u00f3n de la vida art\u00edstica bajo el estalinismo acarrear\u00eda pronto a la familia Prok\u00f3fiev consecuencias fatales. En 1948, Lina Prok\u00f3fiev es arrestada, juzgada y finalmente condenada a veinte a\u00f1os de trabajos forzosos en el gulag. Cuando en 1974 abandona Mosc\u00fa para siempre, es una infatigable luchadora que nunca podr\u00e1 borrar de su memoria el descenso a los infiernos del estalinismo.Cantante como sus progenitores, Lina Prok\u00f3fiev recibi\u00f3 una educaci\u00f3n poco com\u00fan en su \u00e9poca: cosmopolita y viajera, independiente y pol\u00edglota (hablaba a la perfecci\u00f3n m\u00e1s de seis lenguas), era tambi\u00e9n capaz de un s\u00f3lido criterio art\u00edstico, lo que le granje\u00f3 el aprecio de los mayores creadores y artistas del siglo XX, cuyo recuerdo puebla las p\u00e1ginas de este libro: Picasso, Goncharova, Matisse o Lari\u00f3nov; Ravel, Falla, Stravinsky, Rubinstein, O\u00edstraj, Gilels, Goldenweiser, Andr\u00e9s Segovia, Rajm\u00e1ninov, Chaliapin o Toscanini, sin olvidar a Chaplin, Stanislavski, Gorki, Eisenstein, Meyerhold, Tairov, Garc\u00eda Lorca, Coco Chanel, Misia Sert o el gran Diaguilev&#8230; por mencionar s\u00f3lo a algunos de entre una pl\u00e9yade asombrosa. &#8220;&#8221;Una biograf\u00eda de una espl\u00e9ndida mujer.&#8221;&#8221;Espido Freire.&#8221;&#8221;Nos encontramos ante un apasionante relato sobre las grandezas y miserias del siglo XX y sobre algunos de sus grandes protagonistas pertenecientes al mundo de la m\u00fasica y de la cultura.&#8221;&#8221;Aurelio Viribay, OpusMusica.&#8221;&#8221;Sorprendente -y, en lo que a m\u00ed respecta, ignorada- la historia de la esposa del compositor, que era de origen espa\u00f1ol y pas\u00f3 siete a\u00f1os en un gulag sovi\u00e9tico por ser considerada peligrosa para el progreso ideol\u00f3gico de su marido. Terrible biograf\u00eda, terrible vida de una mujer llena de talento, de fuerza y de amor por un hombre que la abandon\u00f3 a su suerte.&#8221;&#8221;Marta Rivera de la Cruz.&#8221;&#8221;Hay personas que encarnan los avatares de un siglo. Su vida ejemplifica lo mejor y lo peor del tiempo que les toc\u00f3 vivir. Parecen personajes novel\u00edsticos, de tan acorde como sus vidas parecen regirse seg\u00fan las leyes de la ficci\u00f3n m\u00e1s cautivadora. Y si ese tipo de personas encuentran adem\u00e1s un buen bi\u00f3grafo la narraci\u00f3n que resulta es fascinante. Este es el caso de Carolina Codina, la esposa catalana de Serguei Prok\u00f3fiev, cuya biograf\u00eda acaba de publicar Valentina Chemberdj\u00ed.&#8221;&#8221;Monika Zgustova, La Vanguardia.Este libro tambi\u00e9n se encuentra disponible en r\u00fastica.&#8221;<\/p>\n","protected":false},"excerpt":{"rendered":"<p>&#8220;Par\u00eds, abril de 1936. Tras a\u00f1os de \u00e9xito arrollador a ambos lados del Atl\u00e1ntico, el matrimonio Prok\u00f3fiev decide trasladarse a la Uni\u00f3n Sovi\u00e9tica. All\u00ed espera al compositor ruso el reconocimiento de un p\u00fablico entendido que, como \u00e9l, ha sido formado en la edad de oro de la m\u00fasica rusa.La amenazante politizaci\u00f3n de la vida art\u00edstica bajo el estalinismo acarrear\u00eda pronto a la familia Prok\u00f3fiev consecuencias fatales. En 1948, Lina Prok\u00f3fiev es arrestada, juzgada y finalmente condenada a veinte a\u00f1os de trabajos forzosos en el gulag. Cuando en 1974 abandona Mosc\u00fa para siempre, es una infatigable luchadora que nunca podr\u00e1 borrar de su memoria el descenso a los infiernos del estalinismo.Cantante como sus progenitores, Lina Prok\u00f3fiev recibi\u00f3 una educaci\u00f3n poco com\u00fan en su \u00e9poca: cosmopolita y viajera, independiente y pol\u00edglota (hablaba a la perfecci\u00f3n m\u00e1s de seis lenguas), era tambi\u00e9n capaz de un s\u00f3lido criterio art\u00edstico, lo que le granje\u00f3 el aprecio de los mayores creadores y artistas del siglo XX, cuyo recuerdo puebla las p\u00e1ginas de este libro: Picasso, Goncharova, Matisse o Lari\u00f3nov; Ravel, Falla, Stravinsky, Rubinstein, O\u00edstraj, Gilels, Goldenweiser, Andr\u00e9s Segovia, Rajm\u00e1ninov, Chaliapin o Toscanini, sin olvidar a Chaplin, Stanislavski, Gorki, Eisenstein, Meyerhold, Tairov, Garc\u00eda Lorca, Coco Chanel, Misia Sert o el gran Diaguilev&#8230; por mencionar s\u00f3lo a algunos de entre una pl\u00e9yade asombrosa. &#8220;&#8221;Una biograf\u00eda de una espl\u00e9ndida mujer.&#8221;&#8221;Espido Freire.&#8221;&#8221;Nos encontramos ante un apasionante relato sobre las grandezas y miserias del siglo XX y sobre algunos de sus grandes protagonistas pertenecientes al mundo de la m\u00fasica y de la cultura.&#8221;&#8221;Aurelio Viribay, OpusMusica.&#8221;&#8221;Sorprendente -y, en lo que a m\u00ed respecta, ignorada- la historia de la esposa del compositor, que era de origen espa\u00f1ol y pas\u00f3 siete a\u00f1os en un gulag sovi\u00e9tico por ser considerada peligrosa para el progreso ideol\u00f3gico de su marido. Terrible biograf\u00eda, terrible vida de una mujer llena de talento, de fuerza y de amor por un hombre que la abandon\u00f3 a su suerte.&#8221;&#8221;Marta Rivera de la Cruz.&#8221;&#8221;Hay personas que encarnan los avatares de un siglo. Su vida ejemplifica lo mejor y lo peor del tiempo que les toc\u00f3 vivir. Parecen personajes novel\u00edsticos, de tan acorde como sus vidas parecen regirse seg\u00fan las leyes de la ficci\u00f3n m\u00e1s cautivadora. Y si ese tipo de personas encuentran adem\u00e1s un buen bi\u00f3grafo la narraci\u00f3n que resulta es fascinante. Este es el caso de Carolina Codina, la esposa catalana de Serguei Prok\u00f3fiev, cuya biograf\u00eda acaba de publicar Valentina Chemberdj\u00ed.&#8221;&#8221;Monika Zgustova, La Vanguardia.Este libro tambi\u00e9n se encuentra disponible en r\u00fastica.&#8221;<\/p>\n","protected":false},"featured_media":3473,"comment_status":"closed","ping_status":"open","template":"","meta":{"_acf_changed":false},"materia_nivel_3":[2565],"subtema_nivel_2":[2561],"tema_nivel_1":[2567],"product_brand":[],"product_cat":[15],"product_tag":[],"product_author":[4195],"product_collection":[],"class_list":{"0":"post-15156","1":"product","2":"type-product","3":"status-publish","4":"has-post-thumbnail","6":"materia_nivel_3-contemporanea","7":"subtema_nivel_2-historia","8":"tema_nivel_1-historia","9":"product_cat-uncategorized","10":"product_author-chemberdji-valentina","12":"first","13":"instock","14":"purchasable","15":"product-type-simple"},"acf":[],"_links":{"self":[{"href":"https:\/\/dev2.cantalupe.net\/sigloxxi\/wp-json\/wp\/v2\/product\/15156","targetHints":{"allow":["GET"]}}],"collection":[{"href":"https:\/\/dev2.cantalupe.net\/sigloxxi\/wp-json\/wp\/v2\/product"}],"about":[{"href":"https:\/\/dev2.cantalupe.net\/sigloxxi\/wp-json\/wp\/v2\/types\/product"}],"replies":[{"embeddable":true,"href":"https:\/\/dev2.cantalupe.net\/sigloxxi\/wp-json\/wp\/v2\/comments?post=15156"}],"version-history":[{"count":1,"href":"https:\/\/dev2.cantalupe.net\/sigloxxi\/wp-json\/wp\/v2\/product\/15156\/revisions"}],"predecessor-version":[{"id":15157,"href":"https:\/\/dev2.cantalupe.net\/sigloxxi\/wp-json\/wp\/v2\/product\/15156\/revisions\/15157"}],"wp:featuredmedia":[{"embeddable":true,"href":"https:\/\/dev2.cantalupe.net\/sigloxxi\/wp-json\/wp\/v2\/media\/3473"}],"wp:attachment":[{"href":"https:\/\/dev2.cantalupe.net\/sigloxxi\/wp-json\/wp\/v2\/media?parent=15156"}],"wp:term":[{"taxonomy":"materia_nivel_3","embeddable":true,"href":"https:\/\/dev2.cantalupe.net\/sigloxxi\/wp-json\/wp\/v2\/materia_nivel_3?post=15156"},{"taxonomy":"subtema_nivel_2","embeddable":true,"href":"https:\/\/dev2.cantalupe.net\/sigloxxi\/wp-json\/wp\/v2\/subtema_nivel_2?post=15156"},{"taxonomy":"tema_nivel_1","embeddable":true,"href":"https:\/\/dev2.cantalupe.net\/sigloxxi\/wp-json\/wp\/v2\/tema_nivel_1?post=15156"},{"taxonomy":"product_brand","embeddable":true,"href":"https:\/\/dev2.cantalupe.net\/sigloxxi\/wp-json\/wp\/v2\/product_brand?post=15156"},{"taxonomy":"product_cat","embeddable":true,"href":"https:\/\/dev2.cantalupe.net\/sigloxxi\/wp-json\/wp\/v2\/product_cat?post=15156"},{"taxonomy":"product_tag","embeddable":true,"href":"https:\/\/dev2.cantalupe.net\/sigloxxi\/wp-json\/wp\/v2\/product_tag?post=15156"},{"taxonomy":"product_author","embeddable":true,"href":"https:\/\/dev2.cantalupe.net\/sigloxxi\/wp-json\/wp\/v2\/product_author?post=15156"},{"taxonomy":"product_collection","embeddable":true,"href":"https:\/\/dev2.cantalupe.net\/sigloxxi\/wp-json\/wp\/v2\/product_collection?post=15156"}],"curies":[{"name":"wp","href":"https:\/\/api.w.org\/{rel}","templated":true}]}}