{"id":15178,"date":"2025-11-04T14:55:27","date_gmt":"2025-11-04T14:55:27","guid":{"rendered":"https:\/\/dev2.cantalupe.net\/sigloxxi\/libro\/lo-que-no-puede-durar-en-el-partido-comunista-frances\/"},"modified":"2025-11-04T14:55:31","modified_gmt":"2025-11-04T14:55:31","slug":"lo-que-no-puede-durar-en-el-partido-comunista-frances","status":"publish","type":"product","link":"https:\/\/dev2.cantalupe.net\/sigloxxi\/libro\/lo-que-no-puede-durar-en-el-partido-comunista-frances\/","title":{"rendered":"Lo que no puede durar en el Partido Comunista Franc\u00e9s"},"content":{"rendered":"<p>Las elecciones legislativas de marzo de 1978<br \/>\nsupusieron un estrepitoso fracaso para el Partido Comunista Franc\u00e9s. Ante la<br \/>\ndebacle, los dirigentes comunistas quisieron salvar los muebles reforzando el<br \/>\npartido, pero obviando que estaba construido a imagen y semejanza del aparato<br \/>\nde Estado burgu\u00e9s, con una direcci\u00f3n inamovible y un sacrificio permanente de<br \/>\nlas bases a las que, por inercia, se deso\u00eda.En Lo que no puede durar<br \/>\nen el Partido Comunista Franc\u00e9s, Althusser denuncia que la herramienta<br \/>\nde transformaci\u00f3n social que es el Partido tiene por estandarte una caricatura<br \/>\ndel comunismo \u0096producto del abandono de los principios marxistas y la renuncia<br \/>\ndel an\u00e1lisis de clase\u0096 que neutraliza la unidad del Partido y su acci\u00f3n.Para el fil\u00f3sofo, debajo de la grave crisis<br \/>\nque atravesaba el Partido Comunista Franc\u00e9s, adem\u00e1s de las cuestiones<br \/>\nestrat\u00e9gicas e ideol\u00f3gicas, se encontraba el inmenso problema de su relaci\u00f3n<br \/>\ncon las masas: la \u00fanica soluci\u00f3n pasaba por acabar con el repliegue del Partido<br \/>\nsobre s\u00ed mismo para as\u00ed encontrarse definitivamente con ese movimiento de masas<br \/>\nen el que fundamentar las verdaderas razones de su necesaria evoluci\u00f3n.<\/p>\n","protected":false},"excerpt":{"rendered":"<p>Las elecciones legislativas de marzo de 1978<br \/>\nsupusieron un estrepitoso fracaso para el Partido Comunista Franc\u00e9s. Ante la<br \/>\ndebacle, los dirigentes comunistas quisieron salvar los muebles reforzando el<br \/>\npartido, pero obviando que estaba construido a imagen y semejanza del aparato<br \/>\nde Estado burgu\u00e9s, con una direcci\u00f3n inamovible y un sacrificio permanente de<br \/>\nlas bases a las que, por inercia, se deso\u00eda.En Lo que no puede durar<br \/>\nen el Partido Comunista Franc\u00e9s, Althusser denuncia que la herramienta<br \/>\nde transformaci\u00f3n social que es el Partido tiene por estandarte una caricatura<br \/>\ndel comunismo \u0096producto del abandono de los principios marxistas y la renuncia<br \/>\ndel an\u00e1lisis de clase\u0096 que neutraliza la unidad del Partido y su acci\u00f3n.Para el fil\u00f3sofo, debajo de la grave crisis<br \/>\nque atravesaba el Partido Comunista Franc\u00e9s, adem\u00e1s de las cuestiones<br \/>\nestrat\u00e9gicas e ideol\u00f3gicas, se encontraba el inmenso problema de su relaci\u00f3n<br \/>\ncon las masas: la \u00fanica soluci\u00f3n pasaba por acabar con el repliegue del Partido<br \/>\nsobre s\u00ed mismo para as\u00ed encontrarse definitivamente con ese movimiento de masas<br \/>\nen el que fundamentar las verdaderas razones de su necesaria evoluci\u00f3n.<\/p>\n","protected":false},"featured_media":3495,"comment_status":"closed","ping_status":"open","template":"","meta":{"_acf_changed":false},"materia_nivel_3":[2565,2631,2691,2657],"subtema_nivel_2":[2586,2576],"tema_nivel_1":[2587],"product_brand":[],"product_cat":[15],"product_tag":[],"product_author":[3969],"product_collection":[],"class_list":{"0":"post-15178","1":"product","2":"type-product","3":"status-publish","4":"has-post-thumbnail","6":"materia_nivel_3-contemporanea","7":"materia_nivel_3-filosofia-politica","8":"materia_nivel_3-historia-de-las-ideas-politicas","9":"materia_nivel_3-teoria-politica","10":"subtema_nivel_2-filosofia","11":"subtema_nivel_2-politica","12":"tema_nivel_1-filosofia-y-pensamiento","13":"product_cat-uncategorized","14":"product_author-althusser-louis","16":"first","17":"instock","18":"purchasable","19":"product-type-simple"},"acf":[],"_links":{"self":[{"href":"https:\/\/dev2.cantalupe.net\/sigloxxi\/wp-json\/wp\/v2\/product\/15178","targetHints":{"allow":["GET"]}}],"collection":[{"href":"https:\/\/dev2.cantalupe.net\/sigloxxi\/wp-json\/wp\/v2\/product"}],"about":[{"href":"https:\/\/dev2.cantalupe.net\/sigloxxi\/wp-json\/wp\/v2\/types\/product"}],"replies":[{"embeddable":true,"href":"https:\/\/dev2.cantalupe.net\/sigloxxi\/wp-json\/wp\/v2\/comments?post=15178"}],"version-history":[{"count":1,"href":"https:\/\/dev2.cantalupe.net\/sigloxxi\/wp-json\/wp\/v2\/product\/15178\/revisions"}],"predecessor-version":[{"id":15179,"href":"https:\/\/dev2.cantalupe.net\/sigloxxi\/wp-json\/wp\/v2\/product\/15178\/revisions\/15179"}],"wp:featuredmedia":[{"embeddable":true,"href":"https:\/\/dev2.cantalupe.net\/sigloxxi\/wp-json\/wp\/v2\/media\/3495"}],"wp:attachment":[{"href":"https:\/\/dev2.cantalupe.net\/sigloxxi\/wp-json\/wp\/v2\/media?parent=15178"}],"wp:term":[{"taxonomy":"materia_nivel_3","embeddable":true,"href":"https:\/\/dev2.cantalupe.net\/sigloxxi\/wp-json\/wp\/v2\/materia_nivel_3?post=15178"},{"taxonomy":"subtema_nivel_2","embeddable":true,"href":"https:\/\/dev2.cantalupe.net\/sigloxxi\/wp-json\/wp\/v2\/subtema_nivel_2?post=15178"},{"taxonomy":"tema_nivel_1","embeddable":true,"href":"https:\/\/dev2.cantalupe.net\/sigloxxi\/wp-json\/wp\/v2\/tema_nivel_1?post=15178"},{"taxonomy":"product_brand","embeddable":true,"href":"https:\/\/dev2.cantalupe.net\/sigloxxi\/wp-json\/wp\/v2\/product_brand?post=15178"},{"taxonomy":"product_cat","embeddable":true,"href":"https:\/\/dev2.cantalupe.net\/sigloxxi\/wp-json\/wp\/v2\/product_cat?post=15178"},{"taxonomy":"product_tag","embeddable":true,"href":"https:\/\/dev2.cantalupe.net\/sigloxxi\/wp-json\/wp\/v2\/product_tag?post=15178"},{"taxonomy":"product_author","embeddable":true,"href":"https:\/\/dev2.cantalupe.net\/sigloxxi\/wp-json\/wp\/v2\/product_author?post=15178"},{"taxonomy":"product_collection","embeddable":true,"href":"https:\/\/dev2.cantalupe.net\/sigloxxi\/wp-json\/wp\/v2\/product_collection?post=15178"}],"curies":[{"name":"wp","href":"https:\/\/api.w.org\/{rel}","templated":true}]}}