{"id":15180,"date":"2025-11-04T14:55:27","date_gmt":"2025-11-04T14:55:27","guid":{"rendered":"https:\/\/dev2.cantalupe.net\/sigloxxi\/libro\/los-apuntes-etnologicos-de-karl-marx\/"},"modified":"2025-11-04T14:55:31","modified_gmt":"2025-11-04T14:55:31","slug":"los-apuntes-etnologicos-de-karl-marx","status":"publish","type":"product","link":"https:\/\/dev2.cantalupe.net\/sigloxxi\/libro\/los-apuntes-etnologicos-de-karl-marx\/","title":{"rendered":"Los apuntes etnol\u00f3gicos de Karl Marx"},"content":{"rendered":"<p>Solapa: Entre los materiales m\u00e1s importantes que Karl Marx dej\u00f3 in\u00e9ditos est\u00e1 el conjunto de extractos y comentarios etnol\u00f3gicos compilado durante el per\u00edodo 1880-1882. Entre ellos figuran las notas tomadas por Marx de las obras de Lewis Henry Morgan, sir Henry Sumner Maine, sir John Budd Phear y John Lubbock (lord Avebury). Los comentarios de Marx sobre La sociedad antigua de Morgan son conocidos por el hecho de ellos en Los or\u00edgenes de la familia, la propiedad privada y el Estado de Friedrich Engels; sin embargo, Engels no utiliz\u00f3 sino una peque\u00f1a parte de los materiales de Marx. El corpus entero de los extractos y notas de Marx se presenta aqu\u00ed por vez primera junto con referencias editoriales, hist\u00f3ricas y bibliogr\u00e1ficas para su mejor comprensi\u00f3n. Los materiales contienen algunos de los enunciados m\u00e1s expl\u00edcitos de Marx con respecto al estado primitivo de la humanidad, el origen de la sociedad dividida en clases en relaci\u00f3n con la transici\u00f3n a la civilizaci\u00f3n y la formaci\u00f3n del Estado. La cr\u00edtica del hombre en el estado de naturaleza y en el estado civilizado, que hab\u00eda sido una de las preocupaciones del joven Marx, es reanudada en sus \u00faltimos a\u00f1os. Sin embargo, mientras que en sus primeras formulaciones part\u00eda de las abstracciones de una antropolog\u00eda filos\u00f3fica, su obra final recoge algunos problemas desde el punto de vista de la ciencia del hombre en el sentido moderno, es decir, las descripciones etnol\u00f3gicas de sociedades concretas ofrecidas por Morgan, Maine, Phear y, en menor grado, Lubbock. Por un lado, Marx desarroll\u00f3 su postura con respecto a la teor\u00eda da la evoluci\u00f3n humana y, al mismo tiempo, con respecto a la teor\u00eda de Darwin. Por el otro, la obra de Marx pone fin a la teor\u00eda del hombre como un \u00e1tomo autosuficiente, teor\u00eda a la que dieron su forma moderna Thomas Hobbes, los utilitaristas y Herbert Spencer. Esta teor\u00eda es sustituida por la concepci\u00f3n de Marx del hombre como el conjunto de las relaciones sociales, prefigurada en sus Tesis sobre Feuerbach, que recibe aqu\u00ed un contenido concreto en su cr\u00edtica de Maine.<\/p>\n","protected":false},"excerpt":{"rendered":"<p>Solapa: Entre los materiales m\u00e1s importantes que Karl Marx dej\u00f3 in\u00e9ditos est\u00e1 el conjunto de extractos y comentarios etnol\u00f3gicos compilado durante el per\u00edodo 1880-1882. Entre ellos figuran las notas tomadas por Marx de las obras de Lewis Henry Morgan, sir Henry Sumner Maine, sir John Budd Phear y John Lubbock (lord Avebury). Los comentarios de Marx sobre La sociedad antigua de Morgan son conocidos por el hecho de ellos en Los or\u00edgenes de la familia, la propiedad privada y el Estado de Friedrich Engels; sin embargo, Engels no utiliz\u00f3 sino una peque\u00f1a parte de los materiales de Marx. El corpus entero de los extractos y notas de Marx se presenta aqu\u00ed por vez primera junto con referencias editoriales, hist\u00f3ricas y bibliogr\u00e1ficas para su mejor comprensi\u00f3n. Los materiales contienen algunos de los enunciados m\u00e1s expl\u00edcitos de Marx con respecto al estado primitivo de la humanidad, el origen de la sociedad dividida en clases en relaci\u00f3n con la transici\u00f3n a la civilizaci\u00f3n y la formaci\u00f3n del Estado. La cr\u00edtica del hombre en el estado de naturaleza y en el estado civilizado, que hab\u00eda sido una de las preocupaciones del joven Marx, es reanudada en sus \u00faltimos a\u00f1os. Sin embargo, mientras que en sus primeras formulaciones part\u00eda de las abstracciones de una antropolog\u00eda filos\u00f3fica, su obra final recoge algunos problemas desde el punto de vista de la ciencia del hombre en el sentido moderno, es decir, las descripciones etnol\u00f3gicas de sociedades concretas ofrecidas por Morgan, Maine, Phear y, en menor grado, Lubbock. Por un lado, Marx desarroll\u00f3 su postura con respecto a la teor\u00eda da la evoluci\u00f3n humana y, al mismo tiempo, con respecto a la teor\u00eda de Darwin. Por el otro, la obra de Marx pone fin a la teor\u00eda del hombre como un \u00e1tomo autosuficiente, teor\u00eda a la que dieron su forma moderna Thomas Hobbes, los utilitaristas y Herbert Spencer. Esta teor\u00eda es sustituida por la concepci\u00f3n de Marx del hombre como el conjunto de las relaciones sociales, prefigurada en sus Tesis sobre Feuerbach, que recibe aqu\u00ed un contenido concreto en su cr\u00edtica de Maine.<\/p>\n","protected":false},"featured_media":3497,"comment_status":"closed","ping_status":"open","template":"","meta":{"_acf_changed":false},"materia_nivel_3":[],"subtema_nivel_2":[2569],"tema_nivel_1":[2570],"product_brand":[],"product_cat":[15],"product_tag":[],"product_author":[3590],"product_collection":[],"class_list":{"0":"post-15180","1":"product","2":"type-product","3":"status-publish","4":"has-post-thumbnail","6":"subtema_nivel_2-antropologia","7":"tema_nivel_1-ciencias-sociales","8":"product_cat-uncategorized","9":"product_author-marx-karl","11":"first","12":"instock","13":"purchasable","14":"product-type-simple"},"acf":[],"_links":{"self":[{"href":"https:\/\/dev2.cantalupe.net\/sigloxxi\/wp-json\/wp\/v2\/product\/15180","targetHints":{"allow":["GET"]}}],"collection":[{"href":"https:\/\/dev2.cantalupe.net\/sigloxxi\/wp-json\/wp\/v2\/product"}],"about":[{"href":"https:\/\/dev2.cantalupe.net\/sigloxxi\/wp-json\/wp\/v2\/types\/product"}],"replies":[{"embeddable":true,"href":"https:\/\/dev2.cantalupe.net\/sigloxxi\/wp-json\/wp\/v2\/comments?post=15180"}],"version-history":[{"count":1,"href":"https:\/\/dev2.cantalupe.net\/sigloxxi\/wp-json\/wp\/v2\/product\/15180\/revisions"}],"predecessor-version":[{"id":15181,"href":"https:\/\/dev2.cantalupe.net\/sigloxxi\/wp-json\/wp\/v2\/product\/15180\/revisions\/15181"}],"wp:featuredmedia":[{"embeddable":true,"href":"https:\/\/dev2.cantalupe.net\/sigloxxi\/wp-json\/wp\/v2\/media\/3497"}],"wp:attachment":[{"href":"https:\/\/dev2.cantalupe.net\/sigloxxi\/wp-json\/wp\/v2\/media?parent=15180"}],"wp:term":[{"taxonomy":"materia_nivel_3","embeddable":true,"href":"https:\/\/dev2.cantalupe.net\/sigloxxi\/wp-json\/wp\/v2\/materia_nivel_3?post=15180"},{"taxonomy":"subtema_nivel_2","embeddable":true,"href":"https:\/\/dev2.cantalupe.net\/sigloxxi\/wp-json\/wp\/v2\/subtema_nivel_2?post=15180"},{"taxonomy":"tema_nivel_1","embeddable":true,"href":"https:\/\/dev2.cantalupe.net\/sigloxxi\/wp-json\/wp\/v2\/tema_nivel_1?post=15180"},{"taxonomy":"product_brand","embeddable":true,"href":"https:\/\/dev2.cantalupe.net\/sigloxxi\/wp-json\/wp\/v2\/product_brand?post=15180"},{"taxonomy":"product_cat","embeddable":true,"href":"https:\/\/dev2.cantalupe.net\/sigloxxi\/wp-json\/wp\/v2\/product_cat?post=15180"},{"taxonomy":"product_tag","embeddable":true,"href":"https:\/\/dev2.cantalupe.net\/sigloxxi\/wp-json\/wp\/v2\/product_tag?post=15180"},{"taxonomy":"product_author","embeddable":true,"href":"https:\/\/dev2.cantalupe.net\/sigloxxi\/wp-json\/wp\/v2\/product_author?post=15180"},{"taxonomy":"product_collection","embeddable":true,"href":"https:\/\/dev2.cantalupe.net\/sigloxxi\/wp-json\/wp\/v2\/product_collection?post=15180"}],"curies":[{"name":"wp","href":"https:\/\/api.w.org\/{rel}","templated":true}]}}