{"id":15198,"date":"2025-11-04T14:55:37","date_gmt":"2025-11-04T14:55:37","guid":{"rendered":"https:\/\/dev2.cantalupe.net\/sigloxxi\/libro\/los-de-la-calle\/"},"modified":"2025-11-04T14:55:37","modified_gmt":"2025-11-04T14:55:37","slug":"los-de-la-calle","status":"publish","type":"product","link":"https:\/\/dev2.cantalupe.net\/sigloxxi\/libro\/los-de-la-calle\/","title":{"rendered":"Los de la calle"},"content":{"rendered":"<p>Una de las caracter\u00edsticas m\u00e1s extraordinarias de los jud\u00edos ha sido su capacidad de persistir en pa\u00edses extra\u00f1os y a veces hostiles. Sobreviviendo \u00fanicamente en calidad de grupo \u00e9tnico desde la destrucci\u00f3n del Segundo Templo, en el a\u00f1o 70 d. c. hasta la creaci\u00f3n del Estado de Israel en 1948, los jud\u00edos y el juda\u00edsmo han perdurado fundamentalmente en comunidades con una base religiosa, desempe\u00f1ando papeles sociales y econ\u00f3micos espec\u00edficos. Las amenazas de expulsi\u00f3n, las presiones asimilacionistas y las diferentes expresiones de hostilidad en los distintos lugares en que han vivido, han puesto en peligro constante sus tradiciones en el seno de naciones cristianas y musulmanas. En este libro, un antrop\u00f3logo urbano analiza una comunidad jud\u00eda que ha mostrado una capacidad singular de supervivencia, puesto: que se trata del \u00fanico grupo \u00e9tnico de tradici\u00f3n jud\u00eda que ha vivido en Espa\u00f1a de manera continua. Los chuetas de Mallorca son descendientes de jud\u00edos que han habitado la isla desde la \u00e9poca morisca o quiz\u00e1s romana. Aunque obligados a convertirse a1 cristianismo en 1435, los jud\u00edos de Mallorca continuaron viviendo durante siglos como comunidad cripto-jud\u00eda y como gremio cristiano en un barrio especializado desde el punto de vista ocupacional. Despu\u00e9s de haber sufrido crisis econ\u00f3micas, persecuciones religiosas, presiones pol\u00edticas, calumnias y vejaciones: los chuletas de Mallorca han entrado en el siglo XX organizados en una comunidad end\u00f3gama especializada en lo ocupacional, culturalmente jud\u00eda en todos los aspectos salvo por el hecho de que sus miembros eran cat\u00f3licos practicantes. Esta obra informativa es el producto de m\u00e1s de dos a\u00f1os de investigaci\u00f3n y describe la larga historia de1osjud\u00edos cat\u00f3licos de Mallorca, llegando a la conclusi\u00f3n de que como resultado del impacto del turismo industrial que produjo tantos cambios en la ciudad de Palma, el grupo \u00e9tnico tradicionalmente jud\u00edo podr\u00eda finalmente ser asimilado en la gran corriente de la naci\u00f3n espa\u00f1ola despu\u00e9s de m\u00e1s de siete siglos de diferenciaci\u00f3n \u00e9tnica.<\/p>\n","protected":false},"excerpt":{"rendered":"<p>Una de las caracter\u00edsticas m\u00e1s extraordinarias de los jud\u00edos ha sido su capacidad de persistir en pa\u00edses extra\u00f1os y a veces hostiles. Sobreviviendo \u00fanicamente en calidad de grupo \u00e9tnico desde la destrucci\u00f3n del Segundo Templo, en el a\u00f1o 70 d. c. hasta la creaci\u00f3n del Estado de Israel en 1948, los jud\u00edos y el juda\u00edsmo han perdurado fundamentalmente en comunidades con una base religiosa, desempe\u00f1ando papeles sociales y econ\u00f3micos espec\u00edficos. Las amenazas de expulsi\u00f3n, las presiones asimilacionistas y las diferentes expresiones de hostilidad en los distintos lugares en que han vivido, han puesto en peligro constante sus tradiciones en el seno de naciones cristianas y musulmanas. En este libro, un antrop\u00f3logo urbano analiza una comunidad jud\u00eda que ha mostrado una capacidad singular de supervivencia, puesto: que se trata del \u00fanico grupo \u00e9tnico de tradici\u00f3n jud\u00eda que ha vivido en Espa\u00f1a de manera continua. Los chuetas de Mallorca son descendientes de jud\u00edos que han habitado la isla desde la \u00e9poca morisca o quiz\u00e1s romana. Aunque obligados a convertirse a1 cristianismo en 1435, los jud\u00edos de Mallorca continuaron viviendo durante siglos como comunidad cripto-jud\u00eda y como gremio cristiano en un barrio especializado desde el punto de vista ocupacional. Despu\u00e9s de haber sufrido crisis econ\u00f3micas, persecuciones religiosas, presiones pol\u00edticas, calumnias y vejaciones: los chuletas de Mallorca han entrado en el siglo XX organizados en una comunidad end\u00f3gama especializada en lo ocupacional, culturalmente jud\u00eda en todos los aspectos salvo por el hecho de que sus miembros eran cat\u00f3licos practicantes. Esta obra informativa es el producto de m\u00e1s de dos a\u00f1os de investigaci\u00f3n y describe la larga historia de1osjud\u00edos cat\u00f3licos de Mallorca, llegando a la conclusi\u00f3n de que como resultado del impacto del turismo industrial que produjo tantos cambios en la ciudad de Palma, el grupo \u00e9tnico tradicionalmente jud\u00edo podr\u00eda finalmente ser asimilado en la gran corriente de la naci\u00f3n espa\u00f1ola despu\u00e9s de m\u00e1s de siete siglos de diferenciaci\u00f3n \u00e9tnica.<\/p>\n","protected":false},"featured_media":3514,"comment_status":"closed","ping_status":"open","template":"","meta":{"_acf_changed":false},"materia_nivel_3":[],"subtema_nivel_2":[2569],"tema_nivel_1":[2570],"product_brand":[],"product_cat":[15],"product_tag":[],"product_author":[4203],"product_collection":[],"class_list":{"0":"post-15198","1":"product","2":"type-product","3":"status-publish","4":"has-post-thumbnail","6":"subtema_nivel_2-antropologia","7":"tema_nivel_1-ciencias-sociales","8":"product_cat-uncategorized","9":"product_author-moore-kenneth","11":"first","12":"instock","13":"purchasable","14":"product-type-simple"},"acf":[],"_links":{"self":[{"href":"https:\/\/dev2.cantalupe.net\/sigloxxi\/wp-json\/wp\/v2\/product\/15198","targetHints":{"allow":["GET"]}}],"collection":[{"href":"https:\/\/dev2.cantalupe.net\/sigloxxi\/wp-json\/wp\/v2\/product"}],"about":[{"href":"https:\/\/dev2.cantalupe.net\/sigloxxi\/wp-json\/wp\/v2\/types\/product"}],"replies":[{"embeddable":true,"href":"https:\/\/dev2.cantalupe.net\/sigloxxi\/wp-json\/wp\/v2\/comments?post=15198"}],"version-history":[{"count":1,"href":"https:\/\/dev2.cantalupe.net\/sigloxxi\/wp-json\/wp\/v2\/product\/15198\/revisions"}],"predecessor-version":[{"id":15199,"href":"https:\/\/dev2.cantalupe.net\/sigloxxi\/wp-json\/wp\/v2\/product\/15198\/revisions\/15199"}],"wp:featuredmedia":[{"embeddable":true,"href":"https:\/\/dev2.cantalupe.net\/sigloxxi\/wp-json\/wp\/v2\/media\/3514"}],"wp:attachment":[{"href":"https:\/\/dev2.cantalupe.net\/sigloxxi\/wp-json\/wp\/v2\/media?parent=15198"}],"wp:term":[{"taxonomy":"materia_nivel_3","embeddable":true,"href":"https:\/\/dev2.cantalupe.net\/sigloxxi\/wp-json\/wp\/v2\/materia_nivel_3?post=15198"},{"taxonomy":"subtema_nivel_2","embeddable":true,"href":"https:\/\/dev2.cantalupe.net\/sigloxxi\/wp-json\/wp\/v2\/subtema_nivel_2?post=15198"},{"taxonomy":"tema_nivel_1","embeddable":true,"href":"https:\/\/dev2.cantalupe.net\/sigloxxi\/wp-json\/wp\/v2\/tema_nivel_1?post=15198"},{"taxonomy":"product_brand","embeddable":true,"href":"https:\/\/dev2.cantalupe.net\/sigloxxi\/wp-json\/wp\/v2\/product_brand?post=15198"},{"taxonomy":"product_cat","embeddable":true,"href":"https:\/\/dev2.cantalupe.net\/sigloxxi\/wp-json\/wp\/v2\/product_cat?post=15198"},{"taxonomy":"product_tag","embeddable":true,"href":"https:\/\/dev2.cantalupe.net\/sigloxxi\/wp-json\/wp\/v2\/product_tag?post=15198"},{"taxonomy":"product_author","embeddable":true,"href":"https:\/\/dev2.cantalupe.net\/sigloxxi\/wp-json\/wp\/v2\/product_author?post=15198"},{"taxonomy":"product_collection","embeddable":true,"href":"https:\/\/dev2.cantalupe.net\/sigloxxi\/wp-json\/wp\/v2\/product_collection?post=15198"}],"curies":[{"name":"wp","href":"https:\/\/api.w.org\/{rel}","templated":true}]}}