{"id":15222,"date":"2025-11-04T14:55:37","date_gmt":"2025-11-04T14:55:37","guid":{"rendered":"https:\/\/dev2.cantalupe.net\/sigloxxi\/libro\/los-fundamentos-legales-de-la-desigualdad\/"},"modified":"2025-11-04T14:55:38","modified_gmt":"2025-11-04T14:55:38","slug":"los-fundamentos-legales-de-la-desigualdad","status":"publish","type":"product","link":"https:\/\/dev2.cantalupe.net\/sigloxxi\/libro\/los-fundamentos-legales-de-la-desigualdad\/","title":{"rendered":"Los fundamentos legales de la desigualdad"},"content":{"rendered":"<p>Solapa: El prop\u00f3sito de este libro es el estudio del pensamiento constitucional americano en sus a\u00f1os fundacionales. Analiza el per\u00edodo que se extiende desde 1776 hasta 1860. Los principales debates constitucionales que se examinan en esta obra son, por un lado, los desarrollados en los Estados Unidos, y por otro los que tuvieron lugar en una diversidad de pa\u00edses hispanoamericanos, entre los que se incluyen la Argentina, Colombia, Chile, Ecuador, M\u00e9xico, Per\u00fa y Venezuela. Contra el enfoque habitual que ve en los a\u00f1os fundacionales una sucesi\u00f3n ca\u00f3tica de proyectos meramente fundados en el propio inter\u00e9s de unos pocos, Roberto Gargarella muestra que, habitualmente, dichos proyectos trascend\u00edan largamente las ambiciones personales de algunos, dando cuenta de formas muy distintas de pensar la estructura b\u00e1sica de la sociedad. Este estudio destaca las l\u00edneas fundamentales de cada uno de los principales modelos constitucionales que se enfrentaban durante el per\u00edodo fundacional: sus presupuestos filos\u00f3ficos; los principios que los guiaban; los costes que aceptaban pagar para conseguir sus objetivos; las propuestas institucionales concretas de cada uno de ellos. En particular, en este libro se presta atenci\u00f3n al impacto que las ideas liberales y conservadoras tuvieron sobre el desarrollo original del constitucionalismo, y se pone un acento muy especial en el estudio de la (d\u00e9bil) influencia ejercida entonces por las concepciones constitucionales m\u00e1s cercanas al radicalismo pol\u00edtico. La colecci\u00f3n Nueva Ciencia Pol\u00edtica de Am\u00e9rica Latina, dirigida por Blanca Heredia, Ludolfo Paramio y Juan Carlos Torre se propone publicar trabajos que reflejen la importante renovaci\u00f3n operada en los estudios de ciencia pol\u00edtica de Am\u00e9rica Latina. En los \u00faltimos veinte a\u00f1os una nueva generaci\u00f3n de especialistas, formados en sus pa\u00edses de origen y con estudios de posgrado en el exterior, ha iniciado la producci\u00f3n de trabajos caracterizados por el rigor anal\u00edtico, la solidez de la investigaci\u00f3n emp\u00edrica y el di\u00e1logo con las corrientes contempor\u00e1neas de la disciplina. Estas contribuciones han enriquecido el conocimiento de los procesos pol\u00edticos e institucionales que singularizan la trayectoria de los pa\u00edses de la regi\u00f3n en una perspectiva comparada. La colecci\u00f3n procurar\u00e1 dar prioridad a los estudios que exploren las diversas experiencias latinoamericanas, pero tambi\u00e9n estar\u00e1 abierta a obras que se ocupen de casos individuales cuando los problemas que examinen signifiquen un aporte directo a la teor\u00eda y el an\u00e1lisis comparativo. Roberto Gargarella es abogado y soci\u00f3logo. Es Doctor en derecho por las Universidades de Buenos Aires (1991) y Chicago (1993) y realiz\u00f3 estudios post-doctorales en el Balliol College (Oxford). Ha sido profesor visitante en las Universidades New School (Nueva York), Pompeu Fabra (Barcelona) y Oslo (Noruega). Ha publish, entre otros libros, The Scepter of Reason (Dordretch, 2000), Las teor\u00edas de la justicia despu\u00e9s de Rawls (Barcelona, 1998), La justicia frente al gobierno (Barcelona, 1995), y co-editado Democratization and the Judiciary (Londres, 2004), Nuevas ideas republicanas (Barcelona, 2004); y Razones para el socialismo (Barcelona, 2002). Recientemente, ha obtenido las becas John Simon Guggenheim (2000) y Frank Simon Guggenheim (2002, 2003).<\/p>\n","protected":false},"excerpt":{"rendered":"<p>Solapa: El prop\u00f3sito de este libro es el estudio del pensamiento constitucional americano en sus a\u00f1os fundacionales. Analiza el per\u00edodo que se extiende desde 1776 hasta 1860. Los principales debates constitucionales que se examinan en esta obra son, por un lado, los desarrollados en los Estados Unidos, y por otro los que tuvieron lugar en una diversidad de pa\u00edses hispanoamericanos, entre los que se incluyen la Argentina, Colombia, Chile, Ecuador, M\u00e9xico, Per\u00fa y Venezuela. Contra el enfoque habitual que ve en los a\u00f1os fundacionales una sucesi\u00f3n ca\u00f3tica de proyectos meramente fundados en el propio inter\u00e9s de unos pocos, Roberto Gargarella muestra que, habitualmente, dichos proyectos trascend\u00edan largamente las ambiciones personales de algunos, dando cuenta de formas muy distintas de pensar la estructura b\u00e1sica de la sociedad. Este estudio destaca las l\u00edneas fundamentales de cada uno de los principales modelos constitucionales que se enfrentaban durante el per\u00edodo fundacional: sus presupuestos filos\u00f3ficos; los principios que los guiaban; los costes que aceptaban pagar para conseguir sus objetivos; las propuestas institucionales concretas de cada uno de ellos. En particular, en este libro se presta atenci\u00f3n al impacto que las ideas liberales y conservadoras tuvieron sobre el desarrollo original del constitucionalismo, y se pone un acento muy especial en el estudio de la (d\u00e9bil) influencia ejercida entonces por las concepciones constitucionales m\u00e1s cercanas al radicalismo pol\u00edtico. La colecci\u00f3n Nueva Ciencia Pol\u00edtica de Am\u00e9rica Latina, dirigida por Blanca Heredia, Ludolfo Paramio y Juan Carlos Torre se propone publicar trabajos que reflejen la importante renovaci\u00f3n operada en los estudios de ciencia pol\u00edtica de Am\u00e9rica Latina. En los \u00faltimos veinte a\u00f1os una nueva generaci\u00f3n de especialistas, formados en sus pa\u00edses de origen y con estudios de posgrado en el exterior, ha iniciado la producci\u00f3n de trabajos caracterizados por el rigor anal\u00edtico, la solidez de la investigaci\u00f3n emp\u00edrica y el di\u00e1logo con las corrientes contempor\u00e1neas de la disciplina. Estas contribuciones han enriquecido el conocimiento de los procesos pol\u00edticos e institucionales que singularizan la trayectoria de los pa\u00edses de la regi\u00f3n en una perspectiva comparada. La colecci\u00f3n procurar\u00e1 dar prioridad a los estudios que exploren las diversas experiencias latinoamericanas, pero tambi\u00e9n estar\u00e1 abierta a obras que se ocupen de casos individuales cuando los problemas que examinen signifiquen un aporte directo a la teor\u00eda y el an\u00e1lisis comparativo. Roberto Gargarella es abogado y soci\u00f3logo. Es Doctor en derecho por las Universidades de Buenos Aires (1991) y Chicago (1993) y realiz\u00f3 estudios post-doctorales en el Balliol College (Oxford). Ha sido profesor visitante en las Universidades New School (Nueva York), Pompeu Fabra (Barcelona) y Oslo (Noruega). Ha publish, entre otros libros, The Scepter of Reason (Dordretch, 2000), Las teor\u00edas de la justicia despu\u00e9s de Rawls (Barcelona, 1998), La justicia frente al gobierno (Barcelona, 1995), y co-editado Democratization and the Judiciary (Londres, 2004), Nuevas ideas republicanas (Barcelona, 2004); y Razones para el socialismo (Barcelona, 2002). Recientemente, ha obtenido las becas John Simon Guggenheim (2000) y Frank Simon Guggenheim (2002, 2003).<\/p>\n","protected":false},"featured_media":3537,"comment_status":"closed","ping_status":"open","template":"","meta":{"_acf_changed":false},"materia_nivel_3":[],"subtema_nivel_2":[2576],"tema_nivel_1":[2570],"product_brand":[],"product_cat":[15],"product_tag":[],"product_author":[4209],"product_collection":[],"class_list":{"0":"post-15222","1":"product","2":"type-product","3":"status-publish","4":"has-post-thumbnail","6":"subtema_nivel_2-politica","7":"tema_nivel_1-ciencias-sociales","8":"product_cat-uncategorized","9":"product_author-gargarella-roberto","11":"first","12":"instock","13":"purchasable","14":"product-type-simple"},"acf":[],"_links":{"self":[{"href":"https:\/\/dev2.cantalupe.net\/sigloxxi\/wp-json\/wp\/v2\/product\/15222","targetHints":{"allow":["GET"]}}],"collection":[{"href":"https:\/\/dev2.cantalupe.net\/sigloxxi\/wp-json\/wp\/v2\/product"}],"about":[{"href":"https:\/\/dev2.cantalupe.net\/sigloxxi\/wp-json\/wp\/v2\/types\/product"}],"replies":[{"embeddable":true,"href":"https:\/\/dev2.cantalupe.net\/sigloxxi\/wp-json\/wp\/v2\/comments?post=15222"}],"version-history":[{"count":1,"href":"https:\/\/dev2.cantalupe.net\/sigloxxi\/wp-json\/wp\/v2\/product\/15222\/revisions"}],"predecessor-version":[{"id":15223,"href":"https:\/\/dev2.cantalupe.net\/sigloxxi\/wp-json\/wp\/v2\/product\/15222\/revisions\/15223"}],"wp:featuredmedia":[{"embeddable":true,"href":"https:\/\/dev2.cantalupe.net\/sigloxxi\/wp-json\/wp\/v2\/media\/3537"}],"wp:attachment":[{"href":"https:\/\/dev2.cantalupe.net\/sigloxxi\/wp-json\/wp\/v2\/media?parent=15222"}],"wp:term":[{"taxonomy":"materia_nivel_3","embeddable":true,"href":"https:\/\/dev2.cantalupe.net\/sigloxxi\/wp-json\/wp\/v2\/materia_nivel_3?post=15222"},{"taxonomy":"subtema_nivel_2","embeddable":true,"href":"https:\/\/dev2.cantalupe.net\/sigloxxi\/wp-json\/wp\/v2\/subtema_nivel_2?post=15222"},{"taxonomy":"tema_nivel_1","embeddable":true,"href":"https:\/\/dev2.cantalupe.net\/sigloxxi\/wp-json\/wp\/v2\/tema_nivel_1?post=15222"},{"taxonomy":"product_brand","embeddable":true,"href":"https:\/\/dev2.cantalupe.net\/sigloxxi\/wp-json\/wp\/v2\/product_brand?post=15222"},{"taxonomy":"product_cat","embeddable":true,"href":"https:\/\/dev2.cantalupe.net\/sigloxxi\/wp-json\/wp\/v2\/product_cat?post=15222"},{"taxonomy":"product_tag","embeddable":true,"href":"https:\/\/dev2.cantalupe.net\/sigloxxi\/wp-json\/wp\/v2\/product_tag?post=15222"},{"taxonomy":"product_author","embeddable":true,"href":"https:\/\/dev2.cantalupe.net\/sigloxxi\/wp-json\/wp\/v2\/product_author?post=15222"},{"taxonomy":"product_collection","embeddable":true,"href":"https:\/\/dev2.cantalupe.net\/sigloxxi\/wp-json\/wp\/v2\/product_collection?post=15222"}],"curies":[{"name":"wp","href":"https:\/\/api.w.org\/{rel}","templated":true}]}}