{"id":15232,"date":"2025-11-04T14:55:37","date_gmt":"2025-11-04T14:55:37","guid":{"rendered":"https:\/\/dev2.cantalupe.net\/sigloxxi\/libro\/los-intelectuales-espanoles-durante-la-ii-republica\/"},"modified":"2025-11-04T14:55:39","modified_gmt":"2025-11-04T14:55:39","slug":"los-intelectuales-espanoles-durante-la-ii-republica","status":"publish","type":"product","link":"https:\/\/dev2.cantalupe.net\/sigloxxi\/libro\/los-intelectuales-espanoles-durante-la-ii-republica\/","title":{"rendered":"Los intelectuales espa\u00f1oles durante la II Rep\u00fablica"},"content":{"rendered":"<p>Se suele atribuir a los intelectuales espa\u00f1oles cierta paternidad en el establecimiento, auge e incluso derrumbe de la II Rep\u00fablica. En este libro se intenta precisar en primer lugar el peso de su papel en la g\u00e9nesis del sistema republicano, y la amplitud y tonalidad de sus relaciones con el poder pol\u00edtico durante el bienio aza\u00f1ista, tanto a trav\u00e9s de las Cortes como de las instituciones culturales del nuevo r\u00e9gimen. El estudio de la diferente evoluci\u00f3n de los distintos sectores de la intelectualidad espa\u00f1ola (desde la derecha de Acci\u00f3n Espa\u00f1ola hasta los \u00abrebeldes\u00bb del Ateneo) ante el curso de los acontecimientos, pol\u00edticos y sociales, durante este bienio, abre paso al an\u00e1lisis de la, radicalizaci\u00f3n y las vacilaciones de los intelectuales frente a la agudizaci\u00f3n de los conflictos sociales en los a\u00f1os 1933-34, hasta la creciente polarizaci\u00f3n creada entre ellos por la Revoluci\u00f3n de Asturias y la llegada del Frente Popular.<\/p>\n","protected":false},"excerpt":{"rendered":"<p>Se suele atribuir a los intelectuales espa\u00f1oles cierta paternidad en el establecimiento, auge e incluso derrumbe de la II Rep\u00fablica. En este libro se intenta precisar en primer lugar el peso de su papel en la g\u00e9nesis del sistema republicano, y la amplitud y tonalidad de sus relaciones con el poder pol\u00edtico durante el bienio aza\u00f1ista, tanto a trav\u00e9s de las Cortes como de las instituciones culturales del nuevo r\u00e9gimen. El estudio de la diferente evoluci\u00f3n de los distintos sectores de la intelectualidad espa\u00f1ola (desde la derecha de Acci\u00f3n Espa\u00f1ola hasta los \u00abrebeldes\u00bb del Ateneo) ante el curso de los acontecimientos, pol\u00edticos y sociales, durante este bienio, abre paso al an\u00e1lisis de la, radicalizaci\u00f3n y las vacilaciones de los intelectuales frente a la agudizaci\u00f3n de los conflictos sociales en los a\u00f1os 1933-34, hasta la creciente polarizaci\u00f3n creada entre ellos por la Revoluci\u00f3n de Asturias y la llegada del Frente Popular.<\/p>\n","protected":false},"featured_media":3546,"comment_status":"closed","ping_status":"open","template":"","meta":{"_acf_changed":false},"materia_nivel_3":[2565,2559],"subtema_nivel_2":[],"tema_nivel_1":[2567],"product_brand":[],"product_cat":[15],"product_tag":[],"product_author":[4212,4213],"product_collection":[],"class_list":{"0":"post-15232","1":"product","2":"type-product","3":"status-publish","4":"has-post-thumbnail","6":"materia_nivel_3-contemporanea","7":"materia_nivel_3-espana","8":"tema_nivel_1-historia","9":"product_cat-uncategorized","10":"product_author-becarud-jean","11":"product_author-lopez-campillo-evelyne","13":"first","14":"instock","15":"purchasable","16":"product-type-simple"},"acf":[],"_links":{"self":[{"href":"https:\/\/dev2.cantalupe.net\/sigloxxi\/wp-json\/wp\/v2\/product\/15232","targetHints":{"allow":["GET"]}}],"collection":[{"href":"https:\/\/dev2.cantalupe.net\/sigloxxi\/wp-json\/wp\/v2\/product"}],"about":[{"href":"https:\/\/dev2.cantalupe.net\/sigloxxi\/wp-json\/wp\/v2\/types\/product"}],"replies":[{"embeddable":true,"href":"https:\/\/dev2.cantalupe.net\/sigloxxi\/wp-json\/wp\/v2\/comments?post=15232"}],"version-history":[{"count":1,"href":"https:\/\/dev2.cantalupe.net\/sigloxxi\/wp-json\/wp\/v2\/product\/15232\/revisions"}],"predecessor-version":[{"id":15233,"href":"https:\/\/dev2.cantalupe.net\/sigloxxi\/wp-json\/wp\/v2\/product\/15232\/revisions\/15233"}],"wp:featuredmedia":[{"embeddable":true,"href":"https:\/\/dev2.cantalupe.net\/sigloxxi\/wp-json\/wp\/v2\/media\/3546"}],"wp:attachment":[{"href":"https:\/\/dev2.cantalupe.net\/sigloxxi\/wp-json\/wp\/v2\/media?parent=15232"}],"wp:term":[{"taxonomy":"materia_nivel_3","embeddable":true,"href":"https:\/\/dev2.cantalupe.net\/sigloxxi\/wp-json\/wp\/v2\/materia_nivel_3?post=15232"},{"taxonomy":"subtema_nivel_2","embeddable":true,"href":"https:\/\/dev2.cantalupe.net\/sigloxxi\/wp-json\/wp\/v2\/subtema_nivel_2?post=15232"},{"taxonomy":"tema_nivel_1","embeddable":true,"href":"https:\/\/dev2.cantalupe.net\/sigloxxi\/wp-json\/wp\/v2\/tema_nivel_1?post=15232"},{"taxonomy":"product_brand","embeddable":true,"href":"https:\/\/dev2.cantalupe.net\/sigloxxi\/wp-json\/wp\/v2\/product_brand?post=15232"},{"taxonomy":"product_cat","embeddable":true,"href":"https:\/\/dev2.cantalupe.net\/sigloxxi\/wp-json\/wp\/v2\/product_cat?post=15232"},{"taxonomy":"product_tag","embeddable":true,"href":"https:\/\/dev2.cantalupe.net\/sigloxxi\/wp-json\/wp\/v2\/product_tag?post=15232"},{"taxonomy":"product_author","embeddable":true,"href":"https:\/\/dev2.cantalupe.net\/sigloxxi\/wp-json\/wp\/v2\/product_author?post=15232"},{"taxonomy":"product_collection","embeddable":true,"href":"https:\/\/dev2.cantalupe.net\/sigloxxi\/wp-json\/wp\/v2\/product_collection?post=15232"}],"curies":[{"name":"wp","href":"https:\/\/api.w.org\/{rel}","templated":true}]}}