{"id":15242,"date":"2025-11-04T14:55:40","date_gmt":"2025-11-04T14:55:40","guid":{"rendered":"https:\/\/dev2.cantalupe.net\/sigloxxi\/libro\/los-miembros-del-consejo-de-castilla-1621-1746\/"},"modified":"2025-11-04T14:55:40","modified_gmt":"2025-11-04T14:55:40","slug":"los-miembros-del-consejo-de-castilla-1621-1746","status":"publish","type":"product","link":"https:\/\/dev2.cantalupe.net\/sigloxxi\/libro\/los-miembros-del-consejo-de-castilla-1621-1746\/","title":{"rendered":"Los miembros del Consejo de Castilla (1621-1746)"},"content":{"rendered":"<p>Solapa: Este minucioso trabajo ha sido justamente valorado por quienes se dedican al estudio de la sociedad espa\u00f1ola del Antiguo R\u00e9gimen. La autora examina el origen familiar, la carrera, la fortuna y el rango social de los miembros del m\u00e1s importante de los Consejos de la monarqu\u00eda espa\u00f1ola: el Consejo de Castilla, en el marco cronol\u00f3gico del per\u00edodo intermedio entre el Siglo de Oro y la Ilustraci\u00f3n. La obra est\u00e1 dividida en tres partes. Tras una introducci\u00f3n donde resume la historia del Consejo de Castilla, Janine Fayard investiga cu\u00e1l es la carrera de los futuros consejeros, el paso por la Universidad, la pugna feroz entre colegiales y mante\u00edstas, la gama de cargos que recorren estos ?funcionarios ambulantes de la monarqu\u00eda? antes de acceder al Consejo, la forma de ingresar (recomendaciones incluidas), su horario de trabajo, las imposiciones del cargo, los sueldos. La segunda parte describe c\u00f3mo es el consejero en esta ?sociedad de honor?, cu\u00e1l su origen social y geogr\u00e1fico, y con qu\u00e9 solidaridades regionales y familiares cuenta, y c\u00f3mo se ?efect\u00faan las alianzas matrimoniales?. El an\u00e1lisis de su vida material y de sus actividades mentales ocupa la tercera parte. Si bien resulta dif\u00edcil saber cu\u00e1l era el valor de los bienes patrimoniales que constitu\u00edan el mayorazgo, ?nervio de la instituci\u00f3n nobiliaria?, s\u00ed es m\u00e1s f\u00e1cil evaluar los bienes libres, pues los ?cuerpos de hacienda? permiten establecer la evoluci\u00f3n de las fortunas, c\u00f3mo era la vivienda de los consejeros (m\u00e1s pendientes del presente que del porvenir, a juzgar por lo que dedican a la ostentaci\u00f3n y al boato). Su vida cultural y actividades intelectuales son estudiadas a trav\u00e9s de la composici\u00f3n de las ?librer\u00edas?, que aunque son principalmente instrumentos de trabajo, tambi\u00e9n muestran hasta qu\u00e9 punto las preocupaciones religiosas impregnan su vida cotidiana.<\/p>\n","protected":false},"excerpt":{"rendered":"<p>Solapa: Este minucioso trabajo ha sido justamente valorado por quienes se dedican al estudio de la sociedad espa\u00f1ola del Antiguo R\u00e9gimen. La autora examina el origen familiar, la carrera, la fortuna y el rango social de los miembros del m\u00e1s importante de los Consejos de la monarqu\u00eda espa\u00f1ola: el Consejo de Castilla, en el marco cronol\u00f3gico del per\u00edodo intermedio entre el Siglo de Oro y la Ilustraci\u00f3n. La obra est\u00e1 dividida en tres partes. Tras una introducci\u00f3n donde resume la historia del Consejo de Castilla, Janine Fayard investiga cu\u00e1l es la carrera de los futuros consejeros, el paso por la Universidad, la pugna feroz entre colegiales y mante\u00edstas, la gama de cargos que recorren estos ?funcionarios ambulantes de la monarqu\u00eda? antes de acceder al Consejo, la forma de ingresar (recomendaciones incluidas), su horario de trabajo, las imposiciones del cargo, los sueldos. La segunda parte describe c\u00f3mo es el consejero en esta ?sociedad de honor?, cu\u00e1l su origen social y geogr\u00e1fico, y con qu\u00e9 solidaridades regionales y familiares cuenta, y c\u00f3mo se ?efect\u00faan las alianzas matrimoniales?. El an\u00e1lisis de su vida material y de sus actividades mentales ocupa la tercera parte. Si bien resulta dif\u00edcil saber cu\u00e1l era el valor de los bienes patrimoniales que constitu\u00edan el mayorazgo, ?nervio de la instituci\u00f3n nobiliaria?, s\u00ed es m\u00e1s f\u00e1cil evaluar los bienes libres, pues los ?cuerpos de hacienda? permiten establecer la evoluci\u00f3n de las fortunas, c\u00f3mo era la vivienda de los consejeros (m\u00e1s pendientes del presente que del porvenir, a juzgar por lo que dedican a la ostentaci\u00f3n y al boato). Su vida cultural y actividades intelectuales son estudiadas a trav\u00e9s de la composici\u00f3n de las ?librer\u00edas?, que aunque son principalmente instrumentos de trabajo, tambi\u00e9n muestran hasta qu\u00e9 punto las preocupaciones religiosas impregnan su vida cotidiana.<\/p>\n","protected":false},"featured_media":3556,"comment_status":"closed","ping_status":"open","template":"","meta":{"_acf_changed":false},"materia_nivel_3":[2559,2558],"subtema_nivel_2":[],"tema_nivel_1":[2567],"product_brand":[],"product_cat":[15],"product_tag":[],"product_author":[4217],"product_collection":[],"class_list":{"0":"post-15242","1":"product","2":"type-product","3":"status-publish","4":"has-post-thumbnail","6":"materia_nivel_3-espana","7":"materia_nivel_3-moderna","8":"tema_nivel_1-historia","9":"product_cat-uncategorized","10":"product_author-fayard-janine","12":"first","13":"instock","14":"purchasable","15":"product-type-simple"},"acf":[],"_links":{"self":[{"href":"https:\/\/dev2.cantalupe.net\/sigloxxi\/wp-json\/wp\/v2\/product\/15242","targetHints":{"allow":["GET"]}}],"collection":[{"href":"https:\/\/dev2.cantalupe.net\/sigloxxi\/wp-json\/wp\/v2\/product"}],"about":[{"href":"https:\/\/dev2.cantalupe.net\/sigloxxi\/wp-json\/wp\/v2\/types\/product"}],"replies":[{"embeddable":true,"href":"https:\/\/dev2.cantalupe.net\/sigloxxi\/wp-json\/wp\/v2\/comments?post=15242"}],"version-history":[{"count":1,"href":"https:\/\/dev2.cantalupe.net\/sigloxxi\/wp-json\/wp\/v2\/product\/15242\/revisions"}],"predecessor-version":[{"id":15243,"href":"https:\/\/dev2.cantalupe.net\/sigloxxi\/wp-json\/wp\/v2\/product\/15242\/revisions\/15243"}],"wp:featuredmedia":[{"embeddable":true,"href":"https:\/\/dev2.cantalupe.net\/sigloxxi\/wp-json\/wp\/v2\/media\/3556"}],"wp:attachment":[{"href":"https:\/\/dev2.cantalupe.net\/sigloxxi\/wp-json\/wp\/v2\/media?parent=15242"}],"wp:term":[{"taxonomy":"materia_nivel_3","embeddable":true,"href":"https:\/\/dev2.cantalupe.net\/sigloxxi\/wp-json\/wp\/v2\/materia_nivel_3?post=15242"},{"taxonomy":"subtema_nivel_2","embeddable":true,"href":"https:\/\/dev2.cantalupe.net\/sigloxxi\/wp-json\/wp\/v2\/subtema_nivel_2?post=15242"},{"taxonomy":"tema_nivel_1","embeddable":true,"href":"https:\/\/dev2.cantalupe.net\/sigloxxi\/wp-json\/wp\/v2\/tema_nivel_1?post=15242"},{"taxonomy":"product_brand","embeddable":true,"href":"https:\/\/dev2.cantalupe.net\/sigloxxi\/wp-json\/wp\/v2\/product_brand?post=15242"},{"taxonomy":"product_cat","embeddable":true,"href":"https:\/\/dev2.cantalupe.net\/sigloxxi\/wp-json\/wp\/v2\/product_cat?post=15242"},{"taxonomy":"product_tag","embeddable":true,"href":"https:\/\/dev2.cantalupe.net\/sigloxxi\/wp-json\/wp\/v2\/product_tag?post=15242"},{"taxonomy":"product_author","embeddable":true,"href":"https:\/\/dev2.cantalupe.net\/sigloxxi\/wp-json\/wp\/v2\/product_author?post=15242"},{"taxonomy":"product_collection","embeddable":true,"href":"https:\/\/dev2.cantalupe.net\/sigloxxi\/wp-json\/wp\/v2\/product_collection?post=15242"}],"curies":[{"name":"wp","href":"https:\/\/api.w.org\/{rel}","templated":true}]}}