{"id":15256,"date":"2025-11-04T14:55:40","date_gmt":"2025-11-04T14:55:40","guid":{"rendered":"https:\/\/dev2.cantalupe.net\/sigloxxi\/libro\/los-reyes-de-espana\/"},"modified":"2025-11-04T14:55:41","modified_gmt":"2025-11-04T14:55:41","slug":"los-reyes-de-espana","status":"publish","type":"product","link":"https:\/\/dev2.cantalupe.net\/sigloxxi\/libro\/los-reyes-de-espana\/","title":{"rendered":"Los reyes de Espa\u00f1a"},"content":{"rendered":"<p>Solapa: El marco temporal del presente volumen abarca el largo periodo que va desde el reinado de los Reyes Cat\u00f3licos, a finales del siglo XV, hasta la Monarqu\u00eda parlamentaria de Juan Carlos l. Se presentan los retratos de dieciocho soberanos, entre ellos dos reinas, Isabel I e Isabel II, en forma de biograf\u00edas condensadas, a la vez que se estudian los conflictos pol\u00edticos exteriores e interiores, as\u00ed como la evoluci\u00f3n econ\u00f3mica y cultural durante cada uno de sus reinados. Los autores han intentado, sobre todo, aprehender la historia personal y pol\u00edtica de los reyes y sus convicciones fundamentales, morales y nonnatIvas, as\u00ed como su actividad en la porrtica pr\u00e1ctica, con el fin de presentarla a un amplio c\u00edrculo de lectores. Es, en suma, una excitante lectura de la agitada Y brillante historia de Espa\u00f1a presentada a trav\u00e9s de las biograf\u00edas de sus soberanos. Walther L. Bernecker, n. en 1947, es desde 1992 catedr\u00e1tico de Estudios Internacionales en la Universidad de Erlangen-N\u00fcrnberg. Carlos Collado Seidel, n. en 1966, es colaborador cient\u00edfico en la Universidad de Erlangen-N\u00fcrnberg. Paul Hoser, n. en 1947, es historiador y traductor en M\u00fanich.<\/p>\n","protected":false},"excerpt":{"rendered":"<p>Solapa: El marco temporal del presente volumen abarca el largo periodo que va desde el reinado de los Reyes Cat\u00f3licos, a finales del siglo XV, hasta la Monarqu\u00eda parlamentaria de Juan Carlos l. Se presentan los retratos de dieciocho soberanos, entre ellos dos reinas, Isabel I e Isabel II, en forma de biograf\u00edas condensadas, a la vez que se estudian los conflictos pol\u00edticos exteriores e interiores, as\u00ed como la evoluci\u00f3n econ\u00f3mica y cultural durante cada uno de sus reinados. Los autores han intentado, sobre todo, aprehender la historia personal y pol\u00edtica de los reyes y sus convicciones fundamentales, morales y nonnatIvas, as\u00ed como su actividad en la porrtica pr\u00e1ctica, con el fin de presentarla a un amplio c\u00edrculo de lectores. Es, en suma, una excitante lectura de la agitada Y brillante historia de Espa\u00f1a presentada a trav\u00e9s de las biograf\u00edas de sus soberanos. Walther L. Bernecker, n. en 1947, es desde 1992 catedr\u00e1tico de Estudios Internacionales en la Universidad de Erlangen-N\u00fcrnberg. Carlos Collado Seidel, n. en 1966, es colaborador cient\u00edfico en la Universidad de Erlangen-N\u00fcrnberg. Paul Hoser, n. en 1947, es historiador y traductor en M\u00fanich.<\/p>\n","protected":false},"featured_media":3570,"comment_status":"closed","ping_status":"open","template":"","meta":{"_acf_changed":false},"materia_nivel_3":[2559],"subtema_nivel_2":[],"tema_nivel_1":[2567],"product_brand":[],"product_cat":[15],"product_tag":[],"product_author":[3761,4224,4225],"product_collection":[],"class_list":{"0":"post-15256","1":"product","2":"type-product","3":"status-publish","4":"has-post-thumbnail","6":"materia_nivel_3-espana","7":"tema_nivel_1-historia","8":"product_cat-uncategorized","9":"product_author-bernecker-walther-l","10":"product_author-collado-seidel-carlos","11":"product_author-hoser-paul","13":"first","14":"instock","15":"purchasable","16":"product-type-simple"},"acf":[],"_links":{"self":[{"href":"https:\/\/dev2.cantalupe.net\/sigloxxi\/wp-json\/wp\/v2\/product\/15256","targetHints":{"allow":["GET"]}}],"collection":[{"href":"https:\/\/dev2.cantalupe.net\/sigloxxi\/wp-json\/wp\/v2\/product"}],"about":[{"href":"https:\/\/dev2.cantalupe.net\/sigloxxi\/wp-json\/wp\/v2\/types\/product"}],"replies":[{"embeddable":true,"href":"https:\/\/dev2.cantalupe.net\/sigloxxi\/wp-json\/wp\/v2\/comments?post=15256"}],"version-history":[{"count":1,"href":"https:\/\/dev2.cantalupe.net\/sigloxxi\/wp-json\/wp\/v2\/product\/15256\/revisions"}],"predecessor-version":[{"id":15257,"href":"https:\/\/dev2.cantalupe.net\/sigloxxi\/wp-json\/wp\/v2\/product\/15256\/revisions\/15257"}],"wp:featuredmedia":[{"embeddable":true,"href":"https:\/\/dev2.cantalupe.net\/sigloxxi\/wp-json\/wp\/v2\/media\/3570"}],"wp:attachment":[{"href":"https:\/\/dev2.cantalupe.net\/sigloxxi\/wp-json\/wp\/v2\/media?parent=15256"}],"wp:term":[{"taxonomy":"materia_nivel_3","embeddable":true,"href":"https:\/\/dev2.cantalupe.net\/sigloxxi\/wp-json\/wp\/v2\/materia_nivel_3?post=15256"},{"taxonomy":"subtema_nivel_2","embeddable":true,"href":"https:\/\/dev2.cantalupe.net\/sigloxxi\/wp-json\/wp\/v2\/subtema_nivel_2?post=15256"},{"taxonomy":"tema_nivel_1","embeddable":true,"href":"https:\/\/dev2.cantalupe.net\/sigloxxi\/wp-json\/wp\/v2\/tema_nivel_1?post=15256"},{"taxonomy":"product_brand","embeddable":true,"href":"https:\/\/dev2.cantalupe.net\/sigloxxi\/wp-json\/wp\/v2\/product_brand?post=15256"},{"taxonomy":"product_cat","embeddable":true,"href":"https:\/\/dev2.cantalupe.net\/sigloxxi\/wp-json\/wp\/v2\/product_cat?post=15256"},{"taxonomy":"product_tag","embeddable":true,"href":"https:\/\/dev2.cantalupe.net\/sigloxxi\/wp-json\/wp\/v2\/product_tag?post=15256"},{"taxonomy":"product_author","embeddable":true,"href":"https:\/\/dev2.cantalupe.net\/sigloxxi\/wp-json\/wp\/v2\/product_author?post=15256"},{"taxonomy":"product_collection","embeddable":true,"href":"https:\/\/dev2.cantalupe.net\/sigloxxi\/wp-json\/wp\/v2\/product_collection?post=15256"}],"curies":[{"name":"wp","href":"https:\/\/api.w.org\/{rel}","templated":true}]}}