{"id":15292,"date":"2025-11-04T14:55:57","date_gmt":"2025-11-04T14:55:57","guid":{"rendered":"https:\/\/dev2.cantalupe.net\/sigloxxi\/libro\/madrid-1931-1934\/"},"modified":"2025-11-04T14:55:58","modified_gmt":"2025-11-04T14:55:58","slug":"madrid-1931-1934","status":"publish","type":"product","link":"https:\/\/dev2.cantalupe.net\/sigloxxi\/libro\/madrid-1931-1934\/","title":{"rendered":"Madrid 1931-1934"},"content":{"rendered":"<p>Solapa: A los trabajos que sobre la 11 Rep\u00fablica espa\u00f1ola ha publish Santos Juli\u00e1 se a\u00f1ade ahora este libro que obtuvo el premio ?Ortega y Gasset? Villa de Madrid (1982). En \u00e9l se intenta reconstruir minuciosamente el proceso y los determinantes que convirtieron la fiesta popular con que Madrid celebr\u00f3 la instauraci\u00f3n de la Rep\u00fablica en el abierto enfrentamiento de clases que caracteriz\u00f3 la vida madrile\u00f1a durante el invierno de 1933-34. A la par, y por el hecho de reconstruir este proceso en un espacio reducido -una ciudad- aunque sumamente significativo -Madrid-, el autor propone un modelo de interpretaci\u00f3n de las luchas de clases urbanas durante la 11 Rep\u00fablica que, m\u00e1s all\u00e1 de sus determinantes pol\u00edticos, tenga en cuenta el propio desarrollo de la ciudad, las transformaciones de su estructura, los procesos migratorios, la crisis que afect\u00f3 a sus principales industrias, el tipo de sus organizaciones obreras y patronales y, en fin, la din\u00e1mica de los discursos y las pr\u00e1cticas de clase. De acuerdo con esos presupuestos metodol\u00f3gicos, el libro concede una atenci\u00f3n especial a la fiesta como momento fundante de la Rep\u00fablica para desembocar, tras el an\u00e1lisis de la cristalizaci\u00f3n de conciencias enfrentadas de clase, en el estudio de las diferentes formas de lucha de los dos sindicatos obreros y las distintas agrupaciones patronales. El ?pueblo todo entero? que aparece como sujeto del primer cap\u00edtulo del libro se convertir\u00e1, durante este corto y denso proceso, en el ?frente obrero? y el ?bloque patronal? que aparecen radicalmente enfrentados en su \u00faltima parte. Santos Juli\u00e1 es profesor del Departamento de Ciencias Pol\u00edticas y Sociolog\u00eda de la UNED. Ha publish, en diversas revistas y obras colectivas, una veintena de art\u00edculos sobre temas relacionados con la II Rep\u00fablica y es autor de La izquierda del, PSOE, 1935-36 y de Or\u00edgenes del Frente Popular en Espa\u00f1a, aparecidos en esta misma editorial.<\/p>\n","protected":false},"excerpt":{"rendered":"<p>Solapa: A los trabajos que sobre la 11 Rep\u00fablica espa\u00f1ola ha publish Santos Juli\u00e1 se a\u00f1ade ahora este libro que obtuvo el premio ?Ortega y Gasset? Villa de Madrid (1982). En \u00e9l se intenta reconstruir minuciosamente el proceso y los determinantes que convirtieron la fiesta popular con que Madrid celebr\u00f3 la instauraci\u00f3n de la Rep\u00fablica en el abierto enfrentamiento de clases que caracteriz\u00f3 la vida madrile\u00f1a durante el invierno de 1933-34. A la par, y por el hecho de reconstruir este proceso en un espacio reducido -una ciudad- aunque sumamente significativo -Madrid-, el autor propone un modelo de interpretaci\u00f3n de las luchas de clases urbanas durante la 11 Rep\u00fablica que, m\u00e1s all\u00e1 de sus determinantes pol\u00edticos, tenga en cuenta el propio desarrollo de la ciudad, las transformaciones de su estructura, los procesos migratorios, la crisis que afect\u00f3 a sus principales industrias, el tipo de sus organizaciones obreras y patronales y, en fin, la din\u00e1mica de los discursos y las pr\u00e1cticas de clase. De acuerdo con esos presupuestos metodol\u00f3gicos, el libro concede una atenci\u00f3n especial a la fiesta como momento fundante de la Rep\u00fablica para desembocar, tras el an\u00e1lisis de la cristalizaci\u00f3n de conciencias enfrentadas de clase, en el estudio de las diferentes formas de lucha de los dos sindicatos obreros y las distintas agrupaciones patronales. El ?pueblo todo entero? que aparece como sujeto del primer cap\u00edtulo del libro se convertir\u00e1, durante este corto y denso proceso, en el ?frente obrero? y el ?bloque patronal? que aparecen radicalmente enfrentados en su \u00faltima parte. Santos Juli\u00e1 es profesor del Departamento de Ciencias Pol\u00edticas y Sociolog\u00eda de la UNED. Ha publish, en diversas revistas y obras colectivas, una veintena de art\u00edculos sobre temas relacionados con la II Rep\u00fablica y es autor de La izquierda del, PSOE, 1935-36 y de Or\u00edgenes del Frente Popular en Espa\u00f1a, aparecidos en esta misma editorial.<\/p>\n","protected":false},"featured_media":3602,"comment_status":"closed","ping_status":"open","template":"","meta":{"_acf_changed":false},"materia_nivel_3":[2565,2559],"subtema_nivel_2":[],"tema_nivel_1":[2567],"product_brand":[],"product_cat":[15],"product_tag":[],"product_author":[3911],"product_collection":[],"class_list":{"0":"post-15292","1":"product","2":"type-product","3":"status-publish","4":"has-post-thumbnail","6":"materia_nivel_3-contemporanea","7":"materia_nivel_3-espana","8":"tema_nivel_1-historia","9":"product_cat-uncategorized","10":"product_author-julia-diaz-santos","12":"first","13":"instock","14":"purchasable","15":"product-type-simple"},"acf":[],"_links":{"self":[{"href":"https:\/\/dev2.cantalupe.net\/sigloxxi\/wp-json\/wp\/v2\/product\/15292","targetHints":{"allow":["GET"]}}],"collection":[{"href":"https:\/\/dev2.cantalupe.net\/sigloxxi\/wp-json\/wp\/v2\/product"}],"about":[{"href":"https:\/\/dev2.cantalupe.net\/sigloxxi\/wp-json\/wp\/v2\/types\/product"}],"replies":[{"embeddable":true,"href":"https:\/\/dev2.cantalupe.net\/sigloxxi\/wp-json\/wp\/v2\/comments?post=15292"}],"version-history":[{"count":1,"href":"https:\/\/dev2.cantalupe.net\/sigloxxi\/wp-json\/wp\/v2\/product\/15292\/revisions"}],"predecessor-version":[{"id":15293,"href":"https:\/\/dev2.cantalupe.net\/sigloxxi\/wp-json\/wp\/v2\/product\/15292\/revisions\/15293"}],"wp:featuredmedia":[{"embeddable":true,"href":"https:\/\/dev2.cantalupe.net\/sigloxxi\/wp-json\/wp\/v2\/media\/3602"}],"wp:attachment":[{"href":"https:\/\/dev2.cantalupe.net\/sigloxxi\/wp-json\/wp\/v2\/media?parent=15292"}],"wp:term":[{"taxonomy":"materia_nivel_3","embeddable":true,"href":"https:\/\/dev2.cantalupe.net\/sigloxxi\/wp-json\/wp\/v2\/materia_nivel_3?post=15292"},{"taxonomy":"subtema_nivel_2","embeddable":true,"href":"https:\/\/dev2.cantalupe.net\/sigloxxi\/wp-json\/wp\/v2\/subtema_nivel_2?post=15292"},{"taxonomy":"tema_nivel_1","embeddable":true,"href":"https:\/\/dev2.cantalupe.net\/sigloxxi\/wp-json\/wp\/v2\/tema_nivel_1?post=15292"},{"taxonomy":"product_brand","embeddable":true,"href":"https:\/\/dev2.cantalupe.net\/sigloxxi\/wp-json\/wp\/v2\/product_brand?post=15292"},{"taxonomy":"product_cat","embeddable":true,"href":"https:\/\/dev2.cantalupe.net\/sigloxxi\/wp-json\/wp\/v2\/product_cat?post=15292"},{"taxonomy":"product_tag","embeddable":true,"href":"https:\/\/dev2.cantalupe.net\/sigloxxi\/wp-json\/wp\/v2\/product_tag?post=15292"},{"taxonomy":"product_author","embeddable":true,"href":"https:\/\/dev2.cantalupe.net\/sigloxxi\/wp-json\/wp\/v2\/product_author?post=15292"},{"taxonomy":"product_collection","embeddable":true,"href":"https:\/\/dev2.cantalupe.net\/sigloxxi\/wp-json\/wp\/v2\/product_collection?post=15292"}],"curies":[{"name":"wp","href":"https:\/\/api.w.org\/{rel}","templated":true}]}}