{"id":15294,"date":"2025-11-04T14:55:57","date_gmt":"2025-11-04T14:55:57","guid":{"rendered":"https:\/\/dev2.cantalupe.net\/sigloxxi\/libro\/malditos-libertadores\/"},"modified":"2025-11-04T14:55:58","modified_gmt":"2025-11-04T14:55:58","slug":"malditos-libertadores","status":"publish","type":"product","link":"https:\/\/dev2.cantalupe.net\/sigloxxi\/libro\/malditos-libertadores\/","title":{"rendered":"Malditos libertadores"},"content":{"rendered":"<p>En la historia de Am\u00e9rica Latina hay un lugar com\u00fan compartido por todos los an\u00e1lisis, con independencia de la ideolog\u00eda desde la que operan, y es que la responsabilidad del subdesarrollo del continente proviene de la \u00e9poca colonial y su protagonista, el malvado Imperio espa\u00f1ol. Pero en historia y geopol\u00edtica no hay ni imperios malvados ni benevolentes, solo imperios que ejercen el imperialismo. Este interesado relato, m\u00e1s que historia, es un mito inventado por las oligarqu\u00edas para perpetuarse en el poder y que les sirve de pretexto para esconder su culpabilidad en todos los horrores que han provocado desde el momento mismo en que tomaron el poder. Un mito exitoso, debe admitirse, pues fue asumido de forma acr\u00edtica por las izquierdas, que, de esa forma, se convirtieron en justificadores de las barbaridades de las oligarqu\u00edas latinoamericanas, desde el siglo xix hasta el presente. De ese modo, las oligarqu\u00edas han podido mantener inalterable el statu quo nacido de la independencia, es decir, el modelo neocolonial, que facilita el expolio de sus pa\u00edses por la potencia de turno a cambio de apoyarlas en el control de los pa\u00edses y en la salvaguarda de su obscena acumulaci\u00f3n de riqueza.\u00a0De esos mitos y de sus consecuencias trata este Malditos libertadores que, analizando, desde los extremos hasta el centro, la labor de libertadores como Sim\u00f3n Bol\u00edvar, pasando por dictadores como Pinochet, hasta dirigentes pol\u00edticos como Jair Bolsonaro, nos invita a mirar al pasado para desenmascarar la \u00abversi\u00f3n oficial\u00bb y pensar el futuro del continente latinoamericano. Augusto Zamora R. reivindica el derecho de la memoria que se le ha negado al pueblo latinoamericano para que este pueda marcar un nuevo rumbo que ayude a corregir esta situaci\u00f3n<\/p>\n","protected":false},"excerpt":{"rendered":"<p>En la historia de Am\u00e9rica Latina hay un lugar com\u00fan compartido por todos los an\u00e1lisis, con independencia de la ideolog\u00eda desde la que operan, y es que la responsabilidad del subdesarrollo del continente proviene de la \u00e9poca colonial y su protagonista, el malvado Imperio espa\u00f1ol. Pero en historia y geopol\u00edtica no hay ni imperios malvados ni benevolentes, solo imperios que ejercen el imperialismo. Este interesado relato, m\u00e1s que historia, es un mito inventado por las oligarqu\u00edas para perpetuarse en el poder y que les sirve de pretexto para esconder su culpabilidad en todos los horrores que han provocado desde el momento mismo en que tomaron el poder. Un mito exitoso, debe admitirse, pues fue asumido de forma acr\u00edtica por las izquierdas, que, de esa forma, se convirtieron en justificadores de las barbaridades de las oligarqu\u00edas latinoamericanas, desde el siglo xix hasta el presente. De ese modo, las oligarqu\u00edas han podido mantener inalterable el statu quo nacido de la independencia, es decir, el modelo neocolonial, que facilita el expolio de sus pa\u00edses por la potencia de turno a cambio de apoyarlas en el control de los pa\u00edses y en la salvaguarda de su obscena acumulaci\u00f3n de riqueza.\u00a0De esos mitos y de sus consecuencias trata este Malditos libertadores que, analizando, desde los extremos hasta el centro, la labor de libertadores como Sim\u00f3n Bol\u00edvar, pasando por dictadores como Pinochet, hasta dirigentes pol\u00edticos como Jair Bolsonaro, nos invita a mirar al pasado para desenmascarar la \u00abversi\u00f3n oficial\u00bb y pensar el futuro del continente latinoamericano. Augusto Zamora R. reivindica el derecho de la memoria que se le ha negado al pueblo latinoamericano para que este pueda marcar un nuevo rumbo que ayude a corregir esta situaci\u00f3n<\/p>\n","protected":false},"featured_media":3604,"comment_status":"closed","ping_status":"open","template":"","meta":{"_acf_changed":false},"materia_nivel_3":[],"subtema_nivel_2":[2561,2576],"tema_nivel_1":[2567],"product_brand":[],"product_cat":[15],"product_tag":[],"product_author":[4235],"product_collection":[],"class_list":{"0":"post-15294","1":"product","2":"type-product","3":"status-publish","4":"has-post-thumbnail","6":"subtema_nivel_2-historia","7":"subtema_nivel_2-politica","8":"tema_nivel_1-historia","9":"product_cat-uncategorized","10":"product_author-zamora-augusto","12":"first","13":"instock","14":"purchasable","15":"product-type-simple"},"acf":[],"_links":{"self":[{"href":"https:\/\/dev2.cantalupe.net\/sigloxxi\/wp-json\/wp\/v2\/product\/15294","targetHints":{"allow":["GET"]}}],"collection":[{"href":"https:\/\/dev2.cantalupe.net\/sigloxxi\/wp-json\/wp\/v2\/product"}],"about":[{"href":"https:\/\/dev2.cantalupe.net\/sigloxxi\/wp-json\/wp\/v2\/types\/product"}],"replies":[{"embeddable":true,"href":"https:\/\/dev2.cantalupe.net\/sigloxxi\/wp-json\/wp\/v2\/comments?post=15294"}],"version-history":[{"count":1,"href":"https:\/\/dev2.cantalupe.net\/sigloxxi\/wp-json\/wp\/v2\/product\/15294\/revisions"}],"predecessor-version":[{"id":15295,"href":"https:\/\/dev2.cantalupe.net\/sigloxxi\/wp-json\/wp\/v2\/product\/15294\/revisions\/15295"}],"wp:featuredmedia":[{"embeddable":true,"href":"https:\/\/dev2.cantalupe.net\/sigloxxi\/wp-json\/wp\/v2\/media\/3604"}],"wp:attachment":[{"href":"https:\/\/dev2.cantalupe.net\/sigloxxi\/wp-json\/wp\/v2\/media?parent=15294"}],"wp:term":[{"taxonomy":"materia_nivel_3","embeddable":true,"href":"https:\/\/dev2.cantalupe.net\/sigloxxi\/wp-json\/wp\/v2\/materia_nivel_3?post=15294"},{"taxonomy":"subtema_nivel_2","embeddable":true,"href":"https:\/\/dev2.cantalupe.net\/sigloxxi\/wp-json\/wp\/v2\/subtema_nivel_2?post=15294"},{"taxonomy":"tema_nivel_1","embeddable":true,"href":"https:\/\/dev2.cantalupe.net\/sigloxxi\/wp-json\/wp\/v2\/tema_nivel_1?post=15294"},{"taxonomy":"product_brand","embeddable":true,"href":"https:\/\/dev2.cantalupe.net\/sigloxxi\/wp-json\/wp\/v2\/product_brand?post=15294"},{"taxonomy":"product_cat","embeddable":true,"href":"https:\/\/dev2.cantalupe.net\/sigloxxi\/wp-json\/wp\/v2\/product_cat?post=15294"},{"taxonomy":"product_tag","embeddable":true,"href":"https:\/\/dev2.cantalupe.net\/sigloxxi\/wp-json\/wp\/v2\/product_tag?post=15294"},{"taxonomy":"product_author","embeddable":true,"href":"https:\/\/dev2.cantalupe.net\/sigloxxi\/wp-json\/wp\/v2\/product_author?post=15294"},{"taxonomy":"product_collection","embeddable":true,"href":"https:\/\/dev2.cantalupe.net\/sigloxxi\/wp-json\/wp\/v2\/product_collection?post=15294"}],"curies":[{"name":"wp","href":"https:\/\/api.w.org\/{rel}","templated":true}]}}