{"id":15382,"date":"2025-11-04T14:56:07","date_gmt":"2025-11-04T14:56:07","guid":{"rendered":"https:\/\/dev2.cantalupe.net\/sigloxxi\/libro\/mariupol-ultima-batalla\/"},"modified":"2025-11-04T14:56:11","modified_gmt":"2025-11-04T14:56:11","slug":"mariupol-ultima-batalla","status":"publish","type":"product","link":"https:\/\/dev2.cantalupe.net\/sigloxxi\/libro\/mariupol-ultima-batalla\/","title":{"rendered":"Mari\u00fapol, \u00faltima batalla"},"content":{"rendered":"<p>Cr\u00f3nica del<br \/>\nasedio de Mari\u00fapol a trav\u00e9s de los testimonios de una veintena de supervivientes<br \/>\ny combatientes, al m\u00e1s puro estilo Svetlana Aleksi\u00e9vich, recabados en persona a<br \/>\nlo largo de tres viajes a Ucrania en 2022 y en 2023. El libro, que empieza con<br \/>\nla visita del autor a la ciudad poco antes de la invasi\u00f3n, relata los 86 d\u00edas<br \/>\nque duraron el cerco y la lucha urbana.Los<br \/>\ntestimonios se complementan con detalles de contexto y breves incursiones en la<br \/>\nliteratura de los asedios y de otros temas pertinentes.Un libro<br \/>\nfascinante en el que se mezcla la geopol\u00edtica, la historia y las vivencias<br \/>\npersonales.<\/p>\n","protected":false},"excerpt":{"rendered":"<p>Cr\u00f3nica del<br \/>\nasedio de Mari\u00fapol a trav\u00e9s de los testimonios de una veintena de supervivientes<br \/>\ny combatientes, al m\u00e1s puro estilo Svetlana Aleksi\u00e9vich, recabados en persona a<br \/>\nlo largo de tres viajes a Ucrania en 2022 y en 2023. El libro, que empieza con<br \/>\nla visita del autor a la ciudad poco antes de la invasi\u00f3n, relata los 86 d\u00edas<br \/>\nque duraron el cerco y la lucha urbana.Los<br \/>\ntestimonios se complementan con detalles de contexto y breves incursiones en la<br \/>\nliteratura de los asedios y de otros temas pertinentes.Un libro<br \/>\nfascinante en el que se mezcla la geopol\u00edtica, la historia y las vivencias<br \/>\npersonales.<\/p>\n","protected":false},"featured_media":3693,"comment_status":"closed","ping_status":"open","template":"","meta":{"_acf_changed":false},"materia_nivel_3":[2565],"subtema_nivel_2":[2561],"tema_nivel_1":[2567],"product_brand":[],"product_cat":[15],"product_tag":[],"product_author":[4264],"product_collection":[],"class_list":{"0":"post-15382","1":"product","2":"type-product","3":"status-publish","4":"has-post-thumbnail","6":"materia_nivel_3-contemporanea","7":"subtema_nivel_2-historia","8":"tema_nivel_1-historia","9":"product_cat-uncategorized","10":"product_author-barro-argemino","12":"first","13":"instock","14":"purchasable","15":"product-type-simple"},"acf":[],"_links":{"self":[{"href":"https:\/\/dev2.cantalupe.net\/sigloxxi\/wp-json\/wp\/v2\/product\/15382","targetHints":{"allow":["GET"]}}],"collection":[{"href":"https:\/\/dev2.cantalupe.net\/sigloxxi\/wp-json\/wp\/v2\/product"}],"about":[{"href":"https:\/\/dev2.cantalupe.net\/sigloxxi\/wp-json\/wp\/v2\/types\/product"}],"replies":[{"embeddable":true,"href":"https:\/\/dev2.cantalupe.net\/sigloxxi\/wp-json\/wp\/v2\/comments?post=15382"}],"version-history":[{"count":1,"href":"https:\/\/dev2.cantalupe.net\/sigloxxi\/wp-json\/wp\/v2\/product\/15382\/revisions"}],"predecessor-version":[{"id":15383,"href":"https:\/\/dev2.cantalupe.net\/sigloxxi\/wp-json\/wp\/v2\/product\/15382\/revisions\/15383"}],"wp:featuredmedia":[{"embeddable":true,"href":"https:\/\/dev2.cantalupe.net\/sigloxxi\/wp-json\/wp\/v2\/media\/3693"}],"wp:attachment":[{"href":"https:\/\/dev2.cantalupe.net\/sigloxxi\/wp-json\/wp\/v2\/media?parent=15382"}],"wp:term":[{"taxonomy":"materia_nivel_3","embeddable":true,"href":"https:\/\/dev2.cantalupe.net\/sigloxxi\/wp-json\/wp\/v2\/materia_nivel_3?post=15382"},{"taxonomy":"subtema_nivel_2","embeddable":true,"href":"https:\/\/dev2.cantalupe.net\/sigloxxi\/wp-json\/wp\/v2\/subtema_nivel_2?post=15382"},{"taxonomy":"tema_nivel_1","embeddable":true,"href":"https:\/\/dev2.cantalupe.net\/sigloxxi\/wp-json\/wp\/v2\/tema_nivel_1?post=15382"},{"taxonomy":"product_brand","embeddable":true,"href":"https:\/\/dev2.cantalupe.net\/sigloxxi\/wp-json\/wp\/v2\/product_brand?post=15382"},{"taxonomy":"product_cat","embeddable":true,"href":"https:\/\/dev2.cantalupe.net\/sigloxxi\/wp-json\/wp\/v2\/product_cat?post=15382"},{"taxonomy":"product_tag","embeddable":true,"href":"https:\/\/dev2.cantalupe.net\/sigloxxi\/wp-json\/wp\/v2\/product_tag?post=15382"},{"taxonomy":"product_author","embeddable":true,"href":"https:\/\/dev2.cantalupe.net\/sigloxxi\/wp-json\/wp\/v2\/product_author?post=15382"},{"taxonomy":"product_collection","embeddable":true,"href":"https:\/\/dev2.cantalupe.net\/sigloxxi\/wp-json\/wp\/v2\/product_collection?post=15382"}],"curies":[{"name":"wp","href":"https:\/\/api.w.org\/{rel}","templated":true}]}}