{"id":15396,"date":"2025-11-04T14:56:07","date_gmt":"2025-11-04T14:56:07","guid":{"rendered":"https:\/\/dev2.cantalupe.net\/sigloxxi\/libro\/marx-engels-y-la-revolucion-de-1848\/"},"modified":"2025-11-04T14:56:12","modified_gmt":"2025-11-04T14:56:12","slug":"marx-engels-y-la-revolucion-de-1848","status":"publish","type":"product","link":"https:\/\/dev2.cantalupe.net\/sigloxxi\/libro\/marx-engels-y-la-revolucion-de-1848\/","title":{"rendered":"Marx, Engels y la Revoluci\u00f3n de 1848"},"content":{"rendered":"<p>En 1848 el fantasma del comunismo comenzaba su andadura plantando batalla contra la religi\u00f3n, el poder de los opresores y los explotadores capitalistas. En el breve lapso de un a\u00f1o, las revoluciones estallaron en las principales capitales del Viejo Mundo reclamando un cambio radical en el sistema que dignificara a los oprimidos y explotados, a los desfavorecidos y a quienes viv\u00edan en los m\u00e1rgenes de la pol\u00edtica. En este contexto, Karl Marx y Friedrich Engels vislumbraron una Europa m\u00e1s justa y social, y por ello participaron activamente en la formaci\u00f3n de asociaciones y en la configuraci\u00f3n tanto de su discurso y como de su actividad.Fernando Claud\u00edn, pol\u00edtico, militante y una de las mentes m\u00e1s l\u00facidas del siglo XX, desgran\u00f3 en Marx, Engels y la Revoluci\u00f3n de 1848 la correspondencia que Karl y Friedrich mantuvieron en esa \u00e9poca, El manifiesto comunista y sus art\u00edculos en las revistas La Gaceta Renana y La Nueva Gaceta Renana, para mostrar c\u00f3mo fue el proceso revolucionario de 1848 y cu\u00e1l fue el papel desempe\u00f1ado por dos de sus protagonistas. Claud\u00edn nos desvela en estos testimonios y documentos el legado truncado de una Europa que pudo ser y nos presenta la revoluci\u00f3n como un horizonte de acci\u00f3n militante.<\/p>\n","protected":false},"excerpt":{"rendered":"<p>En 1848 el fantasma del comunismo comenzaba su andadura plantando batalla contra la religi\u00f3n, el poder de los opresores y los explotadores capitalistas. En el breve lapso de un a\u00f1o, las revoluciones estallaron en las principales capitales del Viejo Mundo reclamando un cambio radical en el sistema que dignificara a los oprimidos y explotados, a los desfavorecidos y a quienes viv\u00edan en los m\u00e1rgenes de la pol\u00edtica. En este contexto, Karl Marx y Friedrich Engels vislumbraron una Europa m\u00e1s justa y social, y por ello participaron activamente en la formaci\u00f3n de asociaciones y en la configuraci\u00f3n tanto de su discurso y como de su actividad.Fernando Claud\u00edn, pol\u00edtico, militante y una de las mentes m\u00e1s l\u00facidas del siglo XX, desgran\u00f3 en Marx, Engels y la Revoluci\u00f3n de 1848 la correspondencia que Karl y Friedrich mantuvieron en esa \u00e9poca, El manifiesto comunista y sus art\u00edculos en las revistas La Gaceta Renana y La Nueva Gaceta Renana, para mostrar c\u00f3mo fue el proceso revolucionario de 1848 y cu\u00e1l fue el papel desempe\u00f1ado por dos de sus protagonistas. Claud\u00edn nos desvela en estos testimonios y documentos el legado truncado de una Europa que pudo ser y nos presenta la revoluci\u00f3n como un horizonte de acci\u00f3n militante.<\/p>\n","protected":false},"featured_media":3706,"comment_status":"closed","ping_status":"open","template":"","meta":{"_acf_changed":false},"materia_nivel_3":[2565,2566,2657],"subtema_nivel_2":[2561,2576],"tema_nivel_1":[2567],"product_brand":[],"product_cat":[15],"product_tag":[],"product_author":[3777],"product_collection":[],"class_list":{"0":"post-15396","1":"product","2":"type-product","3":"status-publish","4":"has-post-thumbnail","6":"materia_nivel_3-contemporanea","7":"materia_nivel_3-europa","8":"materia_nivel_3-teoria-politica","9":"subtema_nivel_2-historia","10":"subtema_nivel_2-politica","11":"tema_nivel_1-historia","12":"product_cat-uncategorized","13":"product_author-claudin-fernando","15":"first","16":"instock","17":"purchasable","18":"product-type-simple"},"acf":[],"_links":{"self":[{"href":"https:\/\/dev2.cantalupe.net\/sigloxxi\/wp-json\/wp\/v2\/product\/15396","targetHints":{"allow":["GET"]}}],"collection":[{"href":"https:\/\/dev2.cantalupe.net\/sigloxxi\/wp-json\/wp\/v2\/product"}],"about":[{"href":"https:\/\/dev2.cantalupe.net\/sigloxxi\/wp-json\/wp\/v2\/types\/product"}],"replies":[{"embeddable":true,"href":"https:\/\/dev2.cantalupe.net\/sigloxxi\/wp-json\/wp\/v2\/comments?post=15396"}],"version-history":[{"count":1,"href":"https:\/\/dev2.cantalupe.net\/sigloxxi\/wp-json\/wp\/v2\/product\/15396\/revisions"}],"predecessor-version":[{"id":15397,"href":"https:\/\/dev2.cantalupe.net\/sigloxxi\/wp-json\/wp\/v2\/product\/15396\/revisions\/15397"}],"wp:featuredmedia":[{"embeddable":true,"href":"https:\/\/dev2.cantalupe.net\/sigloxxi\/wp-json\/wp\/v2\/media\/3706"}],"wp:attachment":[{"href":"https:\/\/dev2.cantalupe.net\/sigloxxi\/wp-json\/wp\/v2\/media?parent=15396"}],"wp:term":[{"taxonomy":"materia_nivel_3","embeddable":true,"href":"https:\/\/dev2.cantalupe.net\/sigloxxi\/wp-json\/wp\/v2\/materia_nivel_3?post=15396"},{"taxonomy":"subtema_nivel_2","embeddable":true,"href":"https:\/\/dev2.cantalupe.net\/sigloxxi\/wp-json\/wp\/v2\/subtema_nivel_2?post=15396"},{"taxonomy":"tema_nivel_1","embeddable":true,"href":"https:\/\/dev2.cantalupe.net\/sigloxxi\/wp-json\/wp\/v2\/tema_nivel_1?post=15396"},{"taxonomy":"product_brand","embeddable":true,"href":"https:\/\/dev2.cantalupe.net\/sigloxxi\/wp-json\/wp\/v2\/product_brand?post=15396"},{"taxonomy":"product_cat","embeddable":true,"href":"https:\/\/dev2.cantalupe.net\/sigloxxi\/wp-json\/wp\/v2\/product_cat?post=15396"},{"taxonomy":"product_tag","embeddable":true,"href":"https:\/\/dev2.cantalupe.net\/sigloxxi\/wp-json\/wp\/v2\/product_tag?post=15396"},{"taxonomy":"product_author","embeddable":true,"href":"https:\/\/dev2.cantalupe.net\/sigloxxi\/wp-json\/wp\/v2\/product_author?post=15396"},{"taxonomy":"product_collection","embeddable":true,"href":"https:\/\/dev2.cantalupe.net\/sigloxxi\/wp-json\/wp\/v2\/product_collection?post=15396"}],"curies":[{"name":"wp","href":"https:\/\/api.w.org\/{rel}","templated":true}]}}