{"id":15402,"date":"2025-11-04T14:56:14","date_gmt":"2025-11-04T14:56:14","guid":{"rendered":"https:\/\/dev2.cantalupe.net\/sigloxxi\/libro\/marxismo-y-comunicacion-2\/"},"modified":"2025-11-04T14:56:14","modified_gmt":"2025-11-04T14:56:14","slug":"marxismo-y-comunicacion-2","status":"publish","type":"product","link":"https:\/\/dev2.cantalupe.net\/sigloxxi\/libro\/marxismo-y-comunicacion-2\/","title":{"rendered":"Marxismo y comunicaci\u00f3n"},"content":{"rendered":"<p>La teor\u00eda<br \/>\ncr\u00edtica, que nos hab\u00eda explicado el fundamento materialista de<br \/>\nnuestra sociedad y ofrecido estrategias para transformarla, tiene un<br \/>\nnuevo desaf\u00edo. Nuestro tiempo ya no se caracteriza solo por las<br \/>\ncontradicciones que la desigual distribuci\u00f3n de la riqueza entra\u00f1a,<br \/>\nsino que tambi\u00e9n se ve determinado por un nuevo escenario: el<br \/>\ncapitalismo de plataformas y la revoluci\u00f3n digital que han<br \/>\nhipermediatizado la cultura y generado nuevos antagonismos sociales.<br \/>\nPara poder comprender la sociedad del siglo XXI tenemos que repensar<br \/>\ncuestiones esenciales de la teor\u00eda del valor, la semi\u00f3tica y la<br \/>\nreproducci\u00f3n del sistema social situando la comunicaci\u00f3n como una<br \/>\ncuesti\u00f3n central.<br \/>\nPara<br \/>\nenfrentarnos a este reto, Francisco Sierra nos propone una lectura<br \/>\nmarxista de la mediaci\u00f3n social a partir de un an\u00e1lisis sintom\u00e1tico<br \/>\nque hace emerger lo real, proyectando nuevas pr\u00e1cticas<br \/>\ninstituyentes, un nuevo pensamiento y praxis social para pasar de la<br \/>\ncultura de la resistencia a la comunicaci\u00f3n transformadora.<\/p>\n","protected":false},"excerpt":{"rendered":"<p>La teor\u00eda<br \/>\ncr\u00edtica, que nos hab\u00eda explicado el fundamento materialista de<br \/>\nnuestra sociedad y ofrecido estrategias para transformarla, tiene un<br \/>\nnuevo desaf\u00edo. Nuestro tiempo ya no se caracteriza solo por las<br \/>\ncontradicciones que la desigual distribuci\u00f3n de la riqueza entra\u00f1a,<br \/>\nsino que tambi\u00e9n se ve determinado por un nuevo escenario: el<br \/>\ncapitalismo de plataformas y la revoluci\u00f3n digital que han<br \/>\nhipermediatizado la cultura y generado nuevos antagonismos sociales.<br \/>\nPara poder comprender la sociedad del siglo XXI tenemos que repensar<br \/>\ncuestiones esenciales de la teor\u00eda del valor, la semi\u00f3tica y la<br \/>\nreproducci\u00f3n del sistema social situando la comunicaci\u00f3n como una<br \/>\ncuesti\u00f3n central.<br \/>\nPara<br \/>\nenfrentarnos a este reto, Francisco Sierra nos propone una lectura<br \/>\nmarxista de la mediaci\u00f3n social a partir de un an\u00e1lisis sintom\u00e1tico<br \/>\nque hace emerger lo real, proyectando nuevas pr\u00e1cticas<br \/>\ninstituyentes, un nuevo pensamiento y praxis social para pasar de la<br \/>\ncultura de la resistencia a la comunicaci\u00f3n transformadora.<\/p>\n","protected":false},"featured_media":3709,"comment_status":"closed","ping_status":"open","template":"","meta":{"_acf_changed":false},"materia_nivel_3":[2565],"subtema_nivel_2":[2764,2586],"tema_nivel_1":[2587],"product_brand":[],"product_cat":[15],"product_tag":[],"product_author":[4266],"product_collection":[],"class_list":{"0":"post-15402","1":"product","2":"type-product","3":"status-publish","4":"has-post-thumbnail","6":"materia_nivel_3-contemporanea","7":"subtema_nivel_2-comunicacion","8":"subtema_nivel_2-filosofia","9":"tema_nivel_1-filosofia-y-pensamiento","10":"product_cat-uncategorized","11":"product_author-sierra-caballero-francisco","13":"first","14":"instock","15":"purchasable","16":"product-type-simple"},"acf":[],"_links":{"self":[{"href":"https:\/\/dev2.cantalupe.net\/sigloxxi\/wp-json\/wp\/v2\/product\/15402","targetHints":{"allow":["GET"]}}],"collection":[{"href":"https:\/\/dev2.cantalupe.net\/sigloxxi\/wp-json\/wp\/v2\/product"}],"about":[{"href":"https:\/\/dev2.cantalupe.net\/sigloxxi\/wp-json\/wp\/v2\/types\/product"}],"replies":[{"embeddable":true,"href":"https:\/\/dev2.cantalupe.net\/sigloxxi\/wp-json\/wp\/v2\/comments?post=15402"}],"version-history":[{"count":1,"href":"https:\/\/dev2.cantalupe.net\/sigloxxi\/wp-json\/wp\/v2\/product\/15402\/revisions"}],"predecessor-version":[{"id":15403,"href":"https:\/\/dev2.cantalupe.net\/sigloxxi\/wp-json\/wp\/v2\/product\/15402\/revisions\/15403"}],"wp:featuredmedia":[{"embeddable":true,"href":"https:\/\/dev2.cantalupe.net\/sigloxxi\/wp-json\/wp\/v2\/media\/3709"}],"wp:attachment":[{"href":"https:\/\/dev2.cantalupe.net\/sigloxxi\/wp-json\/wp\/v2\/media?parent=15402"}],"wp:term":[{"taxonomy":"materia_nivel_3","embeddable":true,"href":"https:\/\/dev2.cantalupe.net\/sigloxxi\/wp-json\/wp\/v2\/materia_nivel_3?post=15402"},{"taxonomy":"subtema_nivel_2","embeddable":true,"href":"https:\/\/dev2.cantalupe.net\/sigloxxi\/wp-json\/wp\/v2\/subtema_nivel_2?post=15402"},{"taxonomy":"tema_nivel_1","embeddable":true,"href":"https:\/\/dev2.cantalupe.net\/sigloxxi\/wp-json\/wp\/v2\/tema_nivel_1?post=15402"},{"taxonomy":"product_brand","embeddable":true,"href":"https:\/\/dev2.cantalupe.net\/sigloxxi\/wp-json\/wp\/v2\/product_brand?post=15402"},{"taxonomy":"product_cat","embeddable":true,"href":"https:\/\/dev2.cantalupe.net\/sigloxxi\/wp-json\/wp\/v2\/product_cat?post=15402"},{"taxonomy":"product_tag","embeddable":true,"href":"https:\/\/dev2.cantalupe.net\/sigloxxi\/wp-json\/wp\/v2\/product_tag?post=15402"},{"taxonomy":"product_author","embeddable":true,"href":"https:\/\/dev2.cantalupe.net\/sigloxxi\/wp-json\/wp\/v2\/product_author?post=15402"},{"taxonomy":"product_collection","embeddable":true,"href":"https:\/\/dev2.cantalupe.net\/sigloxxi\/wp-json\/wp\/v2\/product_collection?post=15402"}],"curies":[{"name":"wp","href":"https:\/\/api.w.org\/{rel}","templated":true}]}}