{"id":15426,"date":"2025-11-04T14:56:14","date_gmt":"2025-11-04T14:56:14","guid":{"rendered":"https:\/\/dev2.cantalupe.net\/sigloxxi\/libro\/materiales-de-sociologia-del-arte\/"},"modified":"2025-11-04T14:56:19","modified_gmt":"2025-11-04T14:56:19","slug":"materiales-de-sociologia-del-arte","status":"publish","type":"product","link":"https:\/\/dev2.cantalupe.net\/sigloxxi\/libro\/materiales-de-sociologia-del-arte\/","title":{"rendered":"Materiales de sociolog\u00eda del arte"},"content":{"rendered":"<p>Cubierta posterior: Vivimos en la actualidad, en las sociedades occidentales, una inmensa expansi\u00f3n de la producci\u00f3n y el consumo del arte, pero tambi\u00e9n de su instrumentalizaci\u00f3n y mercantilizaci\u00f3n. Proliferan los conciertos, las exposiciones, los espect\u00e1culos oper\u00edsticos, los premios literarios, las ferias de arte? Vivimos en estos tiempos de incertidumbre una verdadera eclosi\u00f3n de las bellas artes, as\u00ed como se\u00f1ales de agotamiento propias del final de una \u00e9poca. \u00c9sta es una obra de sociolog\u00eda hist\u00f3rica formada por cinco trabajos relacionados directa o indirectamente con el mundo de arte. Y aunque no se aborda el an\u00e1lisis del complejo mundo art\u00edstico contempor\u00e1neo, los autores intentan proporcionar instrumentos para contribuir a la tarea colectiva de pensar el presente, sirvi\u00e9ndose de indagaciones realizadas a partir de la historia. El recurso a la historia no s\u00f3lo ayuda a conocer de d\u00f3nde venimos, y a plantear un diagn\u00f3stico de la situaci\u00f3n presente, sino que tambi\u00e9n abre la pregunta sobre el papel que deber\u00edan jugar las artes en el mundo que queremos construir.<\/p>\n","protected":false},"excerpt":{"rendered":"<p>Cubierta posterior: Vivimos en la actualidad, en las sociedades occidentales, una inmensa expansi\u00f3n de la producci\u00f3n y el consumo del arte, pero tambi\u00e9n de su instrumentalizaci\u00f3n y mercantilizaci\u00f3n. Proliferan los conciertos, las exposiciones, los espect\u00e1culos oper\u00edsticos, los premios literarios, las ferias de arte? Vivimos en estos tiempos de incertidumbre una verdadera eclosi\u00f3n de las bellas artes, as\u00ed como se\u00f1ales de agotamiento propias del final de una \u00e9poca. \u00c9sta es una obra de sociolog\u00eda hist\u00f3rica formada por cinco trabajos relacionados directa o indirectamente con el mundo de arte. Y aunque no se aborda el an\u00e1lisis del complejo mundo art\u00edstico contempor\u00e1neo, los autores intentan proporcionar instrumentos para contribuir a la tarea colectiva de pensar el presente, sirvi\u00e9ndose de indagaciones realizadas a partir de la historia. El recurso a la historia no s\u00f3lo ayuda a conocer de d\u00f3nde venimos, y a plantear un diagn\u00f3stico de la situaci\u00f3n presente, sino que tambi\u00e9n abre la pregunta sobre el papel que deber\u00edan jugar las artes en el mundo que queremos construir.<\/p>\n","protected":false},"featured_media":3732,"comment_status":"closed","ping_status":"open","template":"","meta":{"_acf_changed":false},"materia_nivel_3":[],"subtema_nivel_2":[2583],"tema_nivel_1":[2570],"product_brand":[],"product_cat":[15],"product_tag":[],"product_author":[4270,4269],"product_collection":[],"class_list":{"0":"post-15426","1":"product","2":"type-product","3":"status-publish","4":"has-post-thumbnail","6":"subtema_nivel_2-sociologia","7":"tema_nivel_1-ciencias-sociales","8":"product_cat-uncategorized","9":"product_author-alvarez-uria-rico-fernando","10":"product_author-varela-julia","12":"first","13":"instock","14":"purchasable","15":"product-type-simple"},"acf":[],"_links":{"self":[{"href":"https:\/\/dev2.cantalupe.net\/sigloxxi\/wp-json\/wp\/v2\/product\/15426","targetHints":{"allow":["GET"]}}],"collection":[{"href":"https:\/\/dev2.cantalupe.net\/sigloxxi\/wp-json\/wp\/v2\/product"}],"about":[{"href":"https:\/\/dev2.cantalupe.net\/sigloxxi\/wp-json\/wp\/v2\/types\/product"}],"replies":[{"embeddable":true,"href":"https:\/\/dev2.cantalupe.net\/sigloxxi\/wp-json\/wp\/v2\/comments?post=15426"}],"version-history":[{"count":1,"href":"https:\/\/dev2.cantalupe.net\/sigloxxi\/wp-json\/wp\/v2\/product\/15426\/revisions"}],"predecessor-version":[{"id":15427,"href":"https:\/\/dev2.cantalupe.net\/sigloxxi\/wp-json\/wp\/v2\/product\/15426\/revisions\/15427"}],"wp:featuredmedia":[{"embeddable":true,"href":"https:\/\/dev2.cantalupe.net\/sigloxxi\/wp-json\/wp\/v2\/media\/3732"}],"wp:attachment":[{"href":"https:\/\/dev2.cantalupe.net\/sigloxxi\/wp-json\/wp\/v2\/media?parent=15426"}],"wp:term":[{"taxonomy":"materia_nivel_3","embeddable":true,"href":"https:\/\/dev2.cantalupe.net\/sigloxxi\/wp-json\/wp\/v2\/materia_nivel_3?post=15426"},{"taxonomy":"subtema_nivel_2","embeddable":true,"href":"https:\/\/dev2.cantalupe.net\/sigloxxi\/wp-json\/wp\/v2\/subtema_nivel_2?post=15426"},{"taxonomy":"tema_nivel_1","embeddable":true,"href":"https:\/\/dev2.cantalupe.net\/sigloxxi\/wp-json\/wp\/v2\/tema_nivel_1?post=15426"},{"taxonomy":"product_brand","embeddable":true,"href":"https:\/\/dev2.cantalupe.net\/sigloxxi\/wp-json\/wp\/v2\/product_brand?post=15426"},{"taxonomy":"product_cat","embeddable":true,"href":"https:\/\/dev2.cantalupe.net\/sigloxxi\/wp-json\/wp\/v2\/product_cat?post=15426"},{"taxonomy":"product_tag","embeddable":true,"href":"https:\/\/dev2.cantalupe.net\/sigloxxi\/wp-json\/wp\/v2\/product_tag?post=15426"},{"taxonomy":"product_author","embeddable":true,"href":"https:\/\/dev2.cantalupe.net\/sigloxxi\/wp-json\/wp\/v2\/product_author?post=15426"},{"taxonomy":"product_collection","embeddable":true,"href":"https:\/\/dev2.cantalupe.net\/sigloxxi\/wp-json\/wp\/v2\/product_collection?post=15426"}],"curies":[{"name":"wp","href":"https:\/\/api.w.org\/{rel}","templated":true}]}}