{"id":15428,"date":"2025-11-04T14:56:14","date_gmt":"2025-11-04T14:56:14","guid":{"rendered":"https:\/\/dev2.cantalupe.net\/sigloxxi\/libro\/materiales-para-escribir-madrid\/"},"modified":"2025-11-04T14:56:19","modified_gmt":"2025-11-04T14:56:19","slug":"materiales-para-escribir-madrid","status":"publish","type":"product","link":"https:\/\/dev2.cantalupe.net\/sigloxxi\/libro\/materiales-para-escribir-madrid\/","title":{"rendered":"Materiales para escribir Madrid"},"content":{"rendered":"<p>&#8220;A primera vista, escribir la ciudad es una tarea f\u00e1cil porque, al menos en apariencia, las palabras y las cosas est\u00e1n simplemente ah\u00ed, a nuestro alcance. En las obras de Gald\u00f3s, Madrid parece gozar de una naturalidad en que las palabras y las cosas no son nunca inconmensurables, en que no mide distancia alguna entre los alrededores de la plaza Mayor y los pasos que por las p\u00e1ginas de su novela dan Fortunata, Jacinta, Juanito Santa Cruz y dem\u00e1s personajes de don Benito. Pero lo cierto es que escribir la ciudad es una tarea dif\u00edcil y constructora, tarea cuyos materiales son las palabras y las cosas y la relaci\u00f3n, infinitamente compleja y siempre cambiante, entre \u00e9stas, aqu\u00e9llas y el escritor que las problematiza. Los cap\u00edtulos 1 y 2 de Materiales para escribir Madrid estudian La comedia nueva de Morat\u00edn, y un art\u00edculo de Larra, &#8220;&#8221;Jardines p\u00fablicos&#8221;&#8221;, con la finalidad de problematizar el momento hist\u00f3rico en que surge el escritor p\u00fablico y los espacios urbanos que propician su existencia. En los tres cap\u00edtulos restantes, el autor se ocupa de algunas de las pr\u00e1cticas discursivas en que se ensaya una escritura propiamente urbana. En ellas hay un encuentro de discursos literarios y extraliterarios como, por ejemplo, las gu\u00edas urbanas, los estudios geogr\u00e1ficos, los escritos de Mesonero Romanos sobre urbanismo, las novelas de los primeros folletinistas madrile\u00f1os, y La Fontana de Oro, donde el joven Gald\u00f3s narra el trienio liberal visto desde la Revoluci\u00f3n de 1868. Edward Baker (Nueva York, 1942) es profesor de literatura espa\u00f1ola de la Universidad de Florida. Ha publish diversos estudios sobre las letras espa\u00f1olas de los siglos XIX y XX y un libro sobre la prosa de Antonio Machado, La lira mec\u00e1nica (Madrid: Taurus, 1986). En la actualidad estudia la formaci\u00f3n del canon literario nacional en Espa\u00f1a (1780-1875).&#8221;<\/p>\n","protected":false},"excerpt":{"rendered":"<p>&#8220;A primera vista, escribir la ciudad es una tarea f\u00e1cil porque, al menos en apariencia, las palabras y las cosas est\u00e1n simplemente ah\u00ed, a nuestro alcance. En las obras de Gald\u00f3s, Madrid parece gozar de una naturalidad en que las palabras y las cosas no son nunca inconmensurables, en que no mide distancia alguna entre los alrededores de la plaza Mayor y los pasos que por las p\u00e1ginas de su novela dan Fortunata, Jacinta, Juanito Santa Cruz y dem\u00e1s personajes de don Benito. Pero lo cierto es que escribir la ciudad es una tarea dif\u00edcil y constructora, tarea cuyos materiales son las palabras y las cosas y la relaci\u00f3n, infinitamente compleja y siempre cambiante, entre \u00e9stas, aqu\u00e9llas y el escritor que las problematiza. Los cap\u00edtulos 1 y 2 de Materiales para escribir Madrid estudian La comedia nueva de Morat\u00edn, y un art\u00edculo de Larra, &#8220;&#8221;Jardines p\u00fablicos&#8221;&#8221;, con la finalidad de problematizar el momento hist\u00f3rico en que surge el escritor p\u00fablico y los espacios urbanos que propician su existencia. En los tres cap\u00edtulos restantes, el autor se ocupa de algunas de las pr\u00e1cticas discursivas en que se ensaya una escritura propiamente urbana. En ellas hay un encuentro de discursos literarios y extraliterarios como, por ejemplo, las gu\u00edas urbanas, los estudios geogr\u00e1ficos, los escritos de Mesonero Romanos sobre urbanismo, las novelas de los primeros folletinistas madrile\u00f1os, y La Fontana de Oro, donde el joven Gald\u00f3s narra el trienio liberal visto desde la Revoluci\u00f3n de 1868. Edward Baker (Nueva York, 1942) es profesor de literatura espa\u00f1ola de la Universidad de Florida. Ha publish diversos estudios sobre las letras espa\u00f1olas de los siglos XIX y XX y un libro sobre la prosa de Antonio Machado, La lira mec\u00e1nica (Madrid: Taurus, 1986). En la actualidad estudia la formaci\u00f3n del canon literario nacional en Espa\u00f1a (1780-1875).&#8221;<\/p>\n","protected":false},"featured_media":3734,"comment_status":"closed","ping_status":"open","template":"","meta":{"_acf_changed":false},"materia_nivel_3":[2619],"subtema_nivel_2":[],"tema_nivel_1":[2563],"product_brand":[],"product_cat":[15],"product_tag":[],"product_author":[4271],"product_collection":[],"class_list":{"0":"post-15428","1":"product","2":"type-product","3":"status-publish","4":"has-post-thumbnail","6":"materia_nivel_3-teoria-literaria","7":"tema_nivel_1-siglo-xxi-de-espana-general","8":"product_cat-uncategorized","9":"product_author-baker-edward","11":"first","12":"instock","13":"purchasable","14":"product-type-simple"},"acf":[],"_links":{"self":[{"href":"https:\/\/dev2.cantalupe.net\/sigloxxi\/wp-json\/wp\/v2\/product\/15428","targetHints":{"allow":["GET"]}}],"collection":[{"href":"https:\/\/dev2.cantalupe.net\/sigloxxi\/wp-json\/wp\/v2\/product"}],"about":[{"href":"https:\/\/dev2.cantalupe.net\/sigloxxi\/wp-json\/wp\/v2\/types\/product"}],"replies":[{"embeddable":true,"href":"https:\/\/dev2.cantalupe.net\/sigloxxi\/wp-json\/wp\/v2\/comments?post=15428"}],"version-history":[{"count":1,"href":"https:\/\/dev2.cantalupe.net\/sigloxxi\/wp-json\/wp\/v2\/product\/15428\/revisions"}],"predecessor-version":[{"id":15429,"href":"https:\/\/dev2.cantalupe.net\/sigloxxi\/wp-json\/wp\/v2\/product\/15428\/revisions\/15429"}],"wp:featuredmedia":[{"embeddable":true,"href":"https:\/\/dev2.cantalupe.net\/sigloxxi\/wp-json\/wp\/v2\/media\/3734"}],"wp:attachment":[{"href":"https:\/\/dev2.cantalupe.net\/sigloxxi\/wp-json\/wp\/v2\/media?parent=15428"}],"wp:term":[{"taxonomy":"materia_nivel_3","embeddable":true,"href":"https:\/\/dev2.cantalupe.net\/sigloxxi\/wp-json\/wp\/v2\/materia_nivel_3?post=15428"},{"taxonomy":"subtema_nivel_2","embeddable":true,"href":"https:\/\/dev2.cantalupe.net\/sigloxxi\/wp-json\/wp\/v2\/subtema_nivel_2?post=15428"},{"taxonomy":"tema_nivel_1","embeddable":true,"href":"https:\/\/dev2.cantalupe.net\/sigloxxi\/wp-json\/wp\/v2\/tema_nivel_1?post=15428"},{"taxonomy":"product_brand","embeddable":true,"href":"https:\/\/dev2.cantalupe.net\/sigloxxi\/wp-json\/wp\/v2\/product_brand?post=15428"},{"taxonomy":"product_cat","embeddable":true,"href":"https:\/\/dev2.cantalupe.net\/sigloxxi\/wp-json\/wp\/v2\/product_cat?post=15428"},{"taxonomy":"product_tag","embeddable":true,"href":"https:\/\/dev2.cantalupe.net\/sigloxxi\/wp-json\/wp\/v2\/product_tag?post=15428"},{"taxonomy":"product_author","embeddable":true,"href":"https:\/\/dev2.cantalupe.net\/sigloxxi\/wp-json\/wp\/v2\/product_author?post=15428"},{"taxonomy":"product_collection","embeddable":true,"href":"https:\/\/dev2.cantalupe.net\/sigloxxi\/wp-json\/wp\/v2\/product_collection?post=15428"}],"curies":[{"name":"wp","href":"https:\/\/api.w.org\/{rel}","templated":true}]}}