{"id":15432,"date":"2025-11-04T14:56:14","date_gmt":"2025-11-04T14:56:14","guid":{"rendered":"https:\/\/dev2.cantalupe.net\/sigloxxi\/libro\/matria\/"},"modified":"2025-11-04T14:56:20","modified_gmt":"2025-11-04T14:56:20","slug":"matria","status":"publish","type":"product","link":"https:\/\/dev2.cantalupe.net\/sigloxxi\/libro\/matria\/","title":{"rendered":"Matria"},"content":{"rendered":"<p>&#8220;Es este un libro extra\u00f1o, comienza anunciando la autora. \u00bfExtra\u00f1o? \u00bfPor qu\u00e9? Tal vez su extra\u00f1eza se deba a que no sea de f\u00e1cil clasificaci\u00f3n: habla de l\u00f3gica, una l\u00f3gica de la vida que replantea antagonismos que no son tales, cuyas consecuencias nos sit\u00faan ante interesantes sendas de progreso; tambi\u00e9n se adentra en la profunda contradicci\u00f3n que se ha establecido hist\u00f3ricamente entre los sexos y los g\u00e9neros, desde los mitos hasta la sutil dominaci\u00f3n simb\u00f3lica; entra de lleno en lo que ser\u00eda una pr\u00e1ctica pol\u00edtica que desaf\u00eda los planteamientos de una democracia s\u00f3lo representativa. Es posible crear modelos innovadores de hacer pol\u00edtica, la cual no es un efecto ineludible de las condiciones objetivas. Lo m\u00e1s singular, sin embargo, de esta obra es su planteamiento anal\u00f3gico, por el que todo tiene que ver con todo. De hecho, la autora analiza fen\u00f3menos sociol\u00f3gicos o pol\u00edticos desde los paradigmas de la ciencia m\u00e1s avanzada, una ciencia que ha venido planteando una ins\u00f3lita visi\u00f3n de la realidad desde los albores del siglo XX, pero que ahora comienza a sernos cercana. Para Victoria Send\u00f3n de Le\u00f3n, pensar la diferencia significa pensar de modo diferente, y por ello se aventura a introducirnos en el deslumbrante mundo de la ciencia y su apertura a nuevos paisajes conceptuales. Con todo, su propuesta m\u00e1s arriesgada consiste en evidenciar la mentira de lo que llamamos realidad, frente a las posibilidades m\u00faltiples de lo Real, porque lo Real constituye el horizonte de lo posible. Tal vez ah\u00ed resida la clave para explicar el fracaso de las revoluciones, que irrumpen con id\u00e9ntica l\u00f3gica patriarcal a la del sistema que pretenden derrocar, por mucho que el poder cambie de manos, por mucho que se inviertan las estructuras econ\u00f3micas.<\/p>\n","protected":false},"excerpt":{"rendered":"<p>&#8220;Es este un libro extra\u00f1o, comienza anunciando la autora. \u00bfExtra\u00f1o? \u00bfPor qu\u00e9? Tal vez su extra\u00f1eza se deba a que no sea de f\u00e1cil clasificaci\u00f3n: habla de l\u00f3gica, una l\u00f3gica de la vida que replantea antagonismos que no son tales, cuyas consecuencias nos sit\u00faan ante interesantes sendas de progreso; tambi\u00e9n se adentra en la profunda contradicci\u00f3n que se ha establecido hist\u00f3ricamente entre los sexos y los g\u00e9neros, desde los mitos hasta la sutil dominaci\u00f3n simb\u00f3lica; entra de lleno en lo que ser\u00eda una pr\u00e1ctica pol\u00edtica que desaf\u00eda los planteamientos de una democracia s\u00f3lo representativa. Es posible crear modelos innovadores de hacer pol\u00edtica, la cual no es un efecto ineludible de las condiciones objetivas. Lo m\u00e1s singular, sin embargo, de esta obra es su planteamiento anal\u00f3gico, por el que todo tiene que ver con todo. De hecho, la autora analiza fen\u00f3menos sociol\u00f3gicos o pol\u00edticos desde los paradigmas de la ciencia m\u00e1s avanzada, una ciencia que ha venido planteando una ins\u00f3lita visi\u00f3n de la realidad desde los albores del siglo XX, pero que ahora comienza a sernos cercana. Para Victoria Send\u00f3n de Le\u00f3n, pensar la diferencia significa pensar de modo diferente, y por ello se aventura a introducirnos en el deslumbrante mundo de la ciencia y su apertura a nuevos paisajes conceptuales. Con todo, su propuesta m\u00e1s arriesgada consiste en evidenciar la mentira de lo que llamamos realidad, frente a las posibilidades m\u00faltiples de lo Real, porque lo Real constituye el horizonte de lo posible. Tal vez ah\u00ed resida la clave para explicar el fracaso de las revoluciones, que irrumpen con id\u00e9ntica l\u00f3gica patriarcal a la del sistema que pretenden derrocar, por mucho que el poder cambie de manos, por mucho que se inviertan las estructuras econ\u00f3micas.<\/p>\n","protected":false},"featured_media":3738,"comment_status":"closed","ping_status":"open","template":"","meta":{"_acf_changed":false},"materia_nivel_3":[2565],"subtema_nivel_2":[],"tema_nivel_1":[2570],"product_brand":[],"product_cat":[15],"product_tag":[],"product_author":[4273],"product_collection":[],"class_list":{"0":"post-15432","1":"product","2":"type-product","3":"status-publish","4":"has-post-thumbnail","6":"materia_nivel_3-contemporanea","7":"tema_nivel_1-ciencias-sociales","8":"product_cat-uncategorized","9":"product_author-sendon-de-leon-victoria","11":"first","12":"instock","13":"purchasable","14":"product-type-simple"},"acf":[],"_links":{"self":[{"href":"https:\/\/dev2.cantalupe.net\/sigloxxi\/wp-json\/wp\/v2\/product\/15432","targetHints":{"allow":["GET"]}}],"collection":[{"href":"https:\/\/dev2.cantalupe.net\/sigloxxi\/wp-json\/wp\/v2\/product"}],"about":[{"href":"https:\/\/dev2.cantalupe.net\/sigloxxi\/wp-json\/wp\/v2\/types\/product"}],"replies":[{"embeddable":true,"href":"https:\/\/dev2.cantalupe.net\/sigloxxi\/wp-json\/wp\/v2\/comments?post=15432"}],"version-history":[{"count":1,"href":"https:\/\/dev2.cantalupe.net\/sigloxxi\/wp-json\/wp\/v2\/product\/15432\/revisions"}],"predecessor-version":[{"id":15433,"href":"https:\/\/dev2.cantalupe.net\/sigloxxi\/wp-json\/wp\/v2\/product\/15432\/revisions\/15433"}],"wp:featuredmedia":[{"embeddable":true,"href":"https:\/\/dev2.cantalupe.net\/sigloxxi\/wp-json\/wp\/v2\/media\/3738"}],"wp:attachment":[{"href":"https:\/\/dev2.cantalupe.net\/sigloxxi\/wp-json\/wp\/v2\/media?parent=15432"}],"wp:term":[{"taxonomy":"materia_nivel_3","embeddable":true,"href":"https:\/\/dev2.cantalupe.net\/sigloxxi\/wp-json\/wp\/v2\/materia_nivel_3?post=15432"},{"taxonomy":"subtema_nivel_2","embeddable":true,"href":"https:\/\/dev2.cantalupe.net\/sigloxxi\/wp-json\/wp\/v2\/subtema_nivel_2?post=15432"},{"taxonomy":"tema_nivel_1","embeddable":true,"href":"https:\/\/dev2.cantalupe.net\/sigloxxi\/wp-json\/wp\/v2\/tema_nivel_1?post=15432"},{"taxonomy":"product_brand","embeddable":true,"href":"https:\/\/dev2.cantalupe.net\/sigloxxi\/wp-json\/wp\/v2\/product_brand?post=15432"},{"taxonomy":"product_cat","embeddable":true,"href":"https:\/\/dev2.cantalupe.net\/sigloxxi\/wp-json\/wp\/v2\/product_cat?post=15432"},{"taxonomy":"product_tag","embeddable":true,"href":"https:\/\/dev2.cantalupe.net\/sigloxxi\/wp-json\/wp\/v2\/product_tag?post=15432"},{"taxonomy":"product_author","embeddable":true,"href":"https:\/\/dev2.cantalupe.net\/sigloxxi\/wp-json\/wp\/v2\/product_author?post=15432"},{"taxonomy":"product_collection","embeddable":true,"href":"https:\/\/dev2.cantalupe.net\/sigloxxi\/wp-json\/wp\/v2\/product_collection?post=15432"}],"curies":[{"name":"wp","href":"https:\/\/api.w.org\/{rel}","templated":true}]}}