{"id":15470,"date":"2025-11-04T14:56:21","date_gmt":"2025-11-04T14:56:21","guid":{"rendered":"https:\/\/dev2.cantalupe.net\/sigloxxi\/libro\/memorias-militares-sobre-la-represion-en-el-cono-sur\/"},"modified":"2025-11-04T14:56:22","modified_gmt":"2025-11-04T14:56:22","slug":"memorias-militares-sobre-la-represion-en-el-cono-sur","status":"publish","type":"product","link":"https:\/\/dev2.cantalupe.net\/sigloxxi\/libro\/memorias-militares-sobre-la-represion-en-el-cono-sur\/","title":{"rendered":"Memorias militares sobre la represi\u00f3n en el Cono Sur"},"content":{"rendered":"<p>Solapa: Este volumen forma parte de la serie de libros Memorias de la Represi\u00f3n que pone a disposici\u00f3n del p\u00fablico los resultados de un programa desarrollado por el Panel Regional de Am\u00e9rica Latina (RAP) del Social Science Research Council, con el proposito de promover la investigaci\u00f3n y la formaci\u00f3n de investigadores sobre las memorias de la represi\u00f3n pol\u00edtica en el Cono Sur. Bajo la direcci\u00f3n de Elizabeth Jelin y Carlos Iv\u00e1n Degregori, y con fondos proporcionados por las fundaciones Ford, Rockefeller y Hewlett, el programa apoy\u00f3 a cerca de 60 investigadores j\u00f3venes de Argentina, Brasil, Chile, Paraguay, Per\u00fa, Uruguay y los Estados Unidos. El programa fue dise\u00f1ado para encarar tres cuestiones diferentes, aunque relacionadas entre s\u00ed. La primera es la necesidad de generar avances te\u00f3ricos y de investigaci\u00f3n que contribuyan a enriquecer los debates sobre la naturaleza de las memorias en la regi\u00f3n, sobre su rol en la constituci\u00f3n de identidades colectivas y sobre las consecuencias de las luchas por la memoria sobre las pr\u00e1cticas sociales y pol\u00edticas en sociedades en transici\u00f3n. La segunda cuesti\u00f3n u objetivo es promover el desarrollo de una nueva generaci\u00f3n de investigadores con una formaci\u00f3n te\u00f3rica y metodol\u00f3gica s\u00f3lidas, preparados para articular perspectivas novedosas sobre los procesos sociales de memoria, pero preparados tambi\u00e9n para abordar la gran variedad de temas candentes que surgir\u00e1n en el Cono Sur y en Latinoam\u00e9rica en el futuro. Finalmente, el programa apuntaba a la creaci\u00f3n de una red de intelectuales p\u00fablicos de la regi\u00f3n preocupados por el estudio de la memoria societal y temas relacionados con ella. Esta colecci\u00f3n de libros pretende contribuir al avance del conocimiento acad\u00e9mico, pero tambi\u00e9n a estimular debates y discusiones en un \u00e1mbito m\u00e1s amplio: entre estudiantes y docentes, entre activistas y ciudadanos, de cada uno de los pa\u00edses involucrados, pero tambi\u00e9n en un debate comparativo y transnacional.<\/p>\n","protected":false},"excerpt":{"rendered":"<p>Solapa: Este volumen forma parte de la serie de libros Memorias de la Represi\u00f3n que pone a disposici\u00f3n del p\u00fablico los resultados de un programa desarrollado por el Panel Regional de Am\u00e9rica Latina (RAP) del Social Science Research Council, con el proposito de promover la investigaci\u00f3n y la formaci\u00f3n de investigadores sobre las memorias de la represi\u00f3n pol\u00edtica en el Cono Sur. Bajo la direcci\u00f3n de Elizabeth Jelin y Carlos Iv\u00e1n Degregori, y con fondos proporcionados por las fundaciones Ford, Rockefeller y Hewlett, el programa apoy\u00f3 a cerca de 60 investigadores j\u00f3venes de Argentina, Brasil, Chile, Paraguay, Per\u00fa, Uruguay y los Estados Unidos. El programa fue dise\u00f1ado para encarar tres cuestiones diferentes, aunque relacionadas entre s\u00ed. La primera es la necesidad de generar avances te\u00f3ricos y de investigaci\u00f3n que contribuyan a enriquecer los debates sobre la naturaleza de las memorias en la regi\u00f3n, sobre su rol en la constituci\u00f3n de identidades colectivas y sobre las consecuencias de las luchas por la memoria sobre las pr\u00e1cticas sociales y pol\u00edticas en sociedades en transici\u00f3n. La segunda cuesti\u00f3n u objetivo es promover el desarrollo de una nueva generaci\u00f3n de investigadores con una formaci\u00f3n te\u00f3rica y metodol\u00f3gica s\u00f3lidas, preparados para articular perspectivas novedosas sobre los procesos sociales de memoria, pero preparados tambi\u00e9n para abordar la gran variedad de temas candentes que surgir\u00e1n en el Cono Sur y en Latinoam\u00e9rica en el futuro. Finalmente, el programa apuntaba a la creaci\u00f3n de una red de intelectuales p\u00fablicos de la regi\u00f3n preocupados por el estudio de la memoria societal y temas relacionados con ella. Esta colecci\u00f3n de libros pretende contribuir al avance del conocimiento acad\u00e9mico, pero tambi\u00e9n a estimular debates y discusiones en un \u00e1mbito m\u00e1s amplio: entre estudiantes y docentes, entre activistas y ciudadanos, de cada uno de los pa\u00edses involucrados, pero tambi\u00e9n en un debate comparativo y transnacional.<\/p>\n","protected":false},"featured_media":3771,"comment_status":"closed","ping_status":"open","template":"","meta":{"_acf_changed":false},"materia_nivel_3":[2605,2565],"subtema_nivel_2":[],"tema_nivel_1":[3517],"product_brand":[],"product_cat":[15],"product_tag":[],"product_author":[4279,4278],"product_collection":[],"class_list":{"0":"post-15470","1":"product","2":"type-product","3":"status-publish","4":"has-post-thumbnail","6":"materia_nivel_3-america","7":"materia_nivel_3-contemporanea","8":"tema_nivel_1-memorias-de-la-represion","9":"product_cat-uncategorized","10":"product_author-aguero-felipe","11":"product_author-hershberg-eric","13":"first","14":"instock","15":"purchasable","16":"product-type-simple"},"acf":[],"_links":{"self":[{"href":"https:\/\/dev2.cantalupe.net\/sigloxxi\/wp-json\/wp\/v2\/product\/15470","targetHints":{"allow":["GET"]}}],"collection":[{"href":"https:\/\/dev2.cantalupe.net\/sigloxxi\/wp-json\/wp\/v2\/product"}],"about":[{"href":"https:\/\/dev2.cantalupe.net\/sigloxxi\/wp-json\/wp\/v2\/types\/product"}],"replies":[{"embeddable":true,"href":"https:\/\/dev2.cantalupe.net\/sigloxxi\/wp-json\/wp\/v2\/comments?post=15470"}],"version-history":[{"count":1,"href":"https:\/\/dev2.cantalupe.net\/sigloxxi\/wp-json\/wp\/v2\/product\/15470\/revisions"}],"predecessor-version":[{"id":15471,"href":"https:\/\/dev2.cantalupe.net\/sigloxxi\/wp-json\/wp\/v2\/product\/15470\/revisions\/15471"}],"wp:featuredmedia":[{"embeddable":true,"href":"https:\/\/dev2.cantalupe.net\/sigloxxi\/wp-json\/wp\/v2\/media\/3771"}],"wp:attachment":[{"href":"https:\/\/dev2.cantalupe.net\/sigloxxi\/wp-json\/wp\/v2\/media?parent=15470"}],"wp:term":[{"taxonomy":"materia_nivel_3","embeddable":true,"href":"https:\/\/dev2.cantalupe.net\/sigloxxi\/wp-json\/wp\/v2\/materia_nivel_3?post=15470"},{"taxonomy":"subtema_nivel_2","embeddable":true,"href":"https:\/\/dev2.cantalupe.net\/sigloxxi\/wp-json\/wp\/v2\/subtema_nivel_2?post=15470"},{"taxonomy":"tema_nivel_1","embeddable":true,"href":"https:\/\/dev2.cantalupe.net\/sigloxxi\/wp-json\/wp\/v2\/tema_nivel_1?post=15470"},{"taxonomy":"product_brand","embeddable":true,"href":"https:\/\/dev2.cantalupe.net\/sigloxxi\/wp-json\/wp\/v2\/product_brand?post=15470"},{"taxonomy":"product_cat","embeddable":true,"href":"https:\/\/dev2.cantalupe.net\/sigloxxi\/wp-json\/wp\/v2\/product_cat?post=15470"},{"taxonomy":"product_tag","embeddable":true,"href":"https:\/\/dev2.cantalupe.net\/sigloxxi\/wp-json\/wp\/v2\/product_tag?post=15470"},{"taxonomy":"product_author","embeddable":true,"href":"https:\/\/dev2.cantalupe.net\/sigloxxi\/wp-json\/wp\/v2\/product_author?post=15470"},{"taxonomy":"product_collection","embeddable":true,"href":"https:\/\/dev2.cantalupe.net\/sigloxxi\/wp-json\/wp\/v2\/product_collection?post=15470"}],"curies":[{"name":"wp","href":"https:\/\/api.w.org\/{rel}","templated":true}]}}