{"id":15534,"date":"2025-11-04T14:56:49","date_gmt":"2025-11-04T14:56:49","guid":{"rendered":"https:\/\/dev2.cantalupe.net\/sigloxxi\/libro\/movimientos-sociales-urbanos\/"},"modified":"2025-11-04T14:56:57","modified_gmt":"2025-11-04T14:56:57","slug":"movimientos-sociales-urbanos","status":"publish","type":"product","link":"https:\/\/dev2.cantalupe.net\/sigloxxi\/libro\/movimientos-sociales-urbanos\/","title":{"rendered":"Movimientos sociales urbanos"},"content":{"rendered":"<p>Cubierta posterior: En todos los pa\u00edses podemos observar c\u00f3mo aumentan el n\u00famero y la intensidad de las movilizaciones populares en torno a los problemas de la organizaci\u00f3n colectiva del modo de vida, en torno a los Ilamados ?problemas urbanos? que afectan a la inmensa mayor\u00eda de la poblaci\u00f3n que habita las ciudades: condiciones de vivienda y transporte, acceso a los servicios colectivos (escuelas, hospitales, guarder\u00edas, jardines, zonas deportivas, centros culturales), etc. Nuevos problemas en la vida cotidiana, nuevas contradicciones y conflictos sociales, a partir de los cuales surgen los actuales ?movimientos sociales urbanos?. Manuel Castells afronta el tema en una doble direcci\u00f3n. De un lado, analiza te\u00f3rica y pol\u00edticamente el problema. De otro, estudia minuciosamente cuatro movimientos significativos que el autor ha conocido a trav\u00e9s de investigaciones precisas y de experiencias vividas personalmente en el seno de esos movimientos: la lucha contra la renovoci\u00f3n urbana de Par\u00eds, Ios comit\u00e9s de ciudadanos de Montreal, el movimiento ecol\u00f3gico en los Estados Unidos y las luchas del ?Movimiento de Pobladores? en el Chile de la Unidad Popular. Par\u00eds, Montreal, Estados Unidos y Chile son, para el autor, expresiones hist\u00f3ricas particulares de un proceso a la vez general y complejo: aqu\u00e9l por el cual la lucha pol\u00edtica y los problemas urbanos se ligan en forma estrecha, desarrollando nuevas contradicciones sociales que se encuentran en el centro de nuestra vida cotidiana.<\/p>\n","protected":false},"excerpt":{"rendered":"<p>Cubierta posterior: En todos los pa\u00edses podemos observar c\u00f3mo aumentan el n\u00famero y la intensidad de las movilizaciones populares en torno a los problemas de la organizaci\u00f3n colectiva del modo de vida, en torno a los Ilamados ?problemas urbanos? que afectan a la inmensa mayor\u00eda de la poblaci\u00f3n que habita las ciudades: condiciones de vivienda y transporte, acceso a los servicios colectivos (escuelas, hospitales, guarder\u00edas, jardines, zonas deportivas, centros culturales), etc. Nuevos problemas en la vida cotidiana, nuevas contradicciones y conflictos sociales, a partir de los cuales surgen los actuales ?movimientos sociales urbanos?. Manuel Castells afronta el tema en una doble direcci\u00f3n. De un lado, analiza te\u00f3rica y pol\u00edticamente el problema. De otro, estudia minuciosamente cuatro movimientos significativos que el autor ha conocido a trav\u00e9s de investigaciones precisas y de experiencias vividas personalmente en el seno de esos movimientos: la lucha contra la renovoci\u00f3n urbana de Par\u00eds, Ios comit\u00e9s de ciudadanos de Montreal, el movimiento ecol\u00f3gico en los Estados Unidos y las luchas del ?Movimiento de Pobladores? en el Chile de la Unidad Popular. Par\u00eds, Montreal, Estados Unidos y Chile son, para el autor, expresiones hist\u00f3ricas particulares de un proceso a la vez general y complejo: aqu\u00e9l por el cual la lucha pol\u00edtica y los problemas urbanos se ligan en forma estrecha, desarrollando nuevas contradicciones sociales que se encuentran en el centro de nuestra vida cotidiana.<\/p>\n","protected":false},"featured_media":3824,"comment_status":"closed","ping_status":"open","template":"","meta":{"_acf_changed":false},"materia_nivel_3":[],"subtema_nivel_2":[2583],"tema_nivel_1":[2570],"product_brand":[],"product_cat":[15],"product_tag":[],"product_author":[2905],"product_collection":[],"class_list":{"0":"post-15534","1":"product","2":"type-product","3":"status-publish","4":"has-post-thumbnail","6":"subtema_nivel_2-sociologia","7":"tema_nivel_1-ciencias-sociales","8":"product_cat-uncategorized","9":"product_author-castells-manuel","11":"first","12":"instock","13":"purchasable","14":"product-type-simple"},"acf":[],"_links":{"self":[{"href":"https:\/\/dev2.cantalupe.net\/sigloxxi\/wp-json\/wp\/v2\/product\/15534","targetHints":{"allow":["GET"]}}],"collection":[{"href":"https:\/\/dev2.cantalupe.net\/sigloxxi\/wp-json\/wp\/v2\/product"}],"about":[{"href":"https:\/\/dev2.cantalupe.net\/sigloxxi\/wp-json\/wp\/v2\/types\/product"}],"replies":[{"embeddable":true,"href":"https:\/\/dev2.cantalupe.net\/sigloxxi\/wp-json\/wp\/v2\/comments?post=15534"}],"version-history":[{"count":1,"href":"https:\/\/dev2.cantalupe.net\/sigloxxi\/wp-json\/wp\/v2\/product\/15534\/revisions"}],"predecessor-version":[{"id":15535,"href":"https:\/\/dev2.cantalupe.net\/sigloxxi\/wp-json\/wp\/v2\/product\/15534\/revisions\/15535"}],"wp:featuredmedia":[{"embeddable":true,"href":"https:\/\/dev2.cantalupe.net\/sigloxxi\/wp-json\/wp\/v2\/media\/3824"}],"wp:attachment":[{"href":"https:\/\/dev2.cantalupe.net\/sigloxxi\/wp-json\/wp\/v2\/media?parent=15534"}],"wp:term":[{"taxonomy":"materia_nivel_3","embeddable":true,"href":"https:\/\/dev2.cantalupe.net\/sigloxxi\/wp-json\/wp\/v2\/materia_nivel_3?post=15534"},{"taxonomy":"subtema_nivel_2","embeddable":true,"href":"https:\/\/dev2.cantalupe.net\/sigloxxi\/wp-json\/wp\/v2\/subtema_nivel_2?post=15534"},{"taxonomy":"tema_nivel_1","embeddable":true,"href":"https:\/\/dev2.cantalupe.net\/sigloxxi\/wp-json\/wp\/v2\/tema_nivel_1?post=15534"},{"taxonomy":"product_brand","embeddable":true,"href":"https:\/\/dev2.cantalupe.net\/sigloxxi\/wp-json\/wp\/v2\/product_brand?post=15534"},{"taxonomy":"product_cat","embeddable":true,"href":"https:\/\/dev2.cantalupe.net\/sigloxxi\/wp-json\/wp\/v2\/product_cat?post=15534"},{"taxonomy":"product_tag","embeddable":true,"href":"https:\/\/dev2.cantalupe.net\/sigloxxi\/wp-json\/wp\/v2\/product_tag?post=15534"},{"taxonomy":"product_author","embeddable":true,"href":"https:\/\/dev2.cantalupe.net\/sigloxxi\/wp-json\/wp\/v2\/product_author?post=15534"},{"taxonomy":"product_collection","embeddable":true,"href":"https:\/\/dev2.cantalupe.net\/sigloxxi\/wp-json\/wp\/v2\/product_collection?post=15534"}],"curies":[{"name":"wp","href":"https:\/\/api.w.org\/{rel}","templated":true}]}}